{"id":696502,"date":"2025-08-27T14:35:14","date_gmt":"2025-08-27T11:35:14","guid":{"rendered":"https:\/\/roveyayinevi.com.tr\/index.php\/urun\/halicte-yasayan-simonlar\/"},"modified":"2026-01-29T02:11:14","modified_gmt":"2026-01-28T23:11:14","slug":"halicte-yasayan-simonlar","status":"publish","type":"product","link":"https:\/\/roveyayinevi.com.tr\/index.php\/urun\/halicte-yasayan-simonlar\/","title":{"rendered":"Hali\u00e7\u2019te Ya\u015fayan Simonlar"},"content":{"rendered":"<p>Emniyet Te\u015fkilat\u0131n\u0131n efsanevi ismi, Susurluk s\u00fcrecinde cesur duru\u015fuyla ger\u00e7ek bir kanun adam\u0131 tavr\u0131 g\u00f6steren Hanefi Avc\u0131 yine do\u011fru bildiklerini s\u00f6ylemeye devam ediyor. Ucunun kime dokundu\u011funa bakmadan, yaln\u0131zca \u00fclkesine kar\u015f\u0131 vicdani sorumlulu\u011funu yerine getirmek i\u00e7in son d\u00f6nemde ya\u015fananlar\u0131n i\u00e7 y\u00fcz\u00fcn\u00fc kamuoyuna a\u00e7\u0131kl\u0131yor. \ufffcTan\u0131t\u0131m Metni<\/p>\n","protected":false},"excerpt":{"rendered":"<p>Emniyet Te\u015fkilat\u0131n\u0131n efsanevi ismi, Susurluk s\u00fcrecinde cesur duru\u015fuyla ger\u00e7ek bir kanun adam\u0131 tavr\u0131 g\u00f6steren Hanefi Avc\u0131 yine do\u011fru bildiklerini s\u00f6ylemeye devam ediyor. Ucunun kime dokundu\u011funa bakmadan,<span class=\"excerpt-hellip\"> [\u2026]<\/span><\/p>\n","protected":false},"featured_media":0,"template":"","meta":{"_monsterinsights_skip_tracking":false,"_monsterinsights_sitenote_active":false,"_monsterinsights_sitenote_note":"","_monsterinsights_sitenote_category":0},"product_brand":[],"product_cat":[12346,12337],"product_tag":[],"class_list":{"0":"post-696502","1":"product","2":"type-product","3":"status-publish","5":"product_cat-derin-siyaset-komplo-teorileri","6":"product_cat-politika-siyaset","7":"pa_tur-kitap","8":"pa_yayinevi-angora-kitaplari","9":"pa_yazar-hanefi-avci","11":"first","12":"instock","13":"sale","14":"shipping-taxable","15":"purchasable","16":"product-type-simple"},"_links":{"self":[{"href":"https:\/\/roveyayinevi.com.tr\/index.php\/wp-json\/wp\/v2\/product\/696502","targetHints":{"allow":["GET"]}}],"collection":[{"href":"https:\/\/roveyayinevi.com.tr\/index.php\/wp-json\/wp\/v2\/product"}],"about":[{"href":"https:\/\/roveyayinevi.com.tr\/index.php\/wp-json\/wp\/v2\/types\/product"}],"wp:attachment":[{"href":"https:\/\/roveyayinevi.com.tr\/index.php\/wp-json\/wp\/v2\/media?parent=696502"}],"wp:term":[{"taxonomy":"product_brand","embeddable":true,"href":"https:\/\/roveyayinevi.com.tr\/index.php\/wp-json\/wp\/v2\/product_brand?post=696502"},{"taxonomy":"product_cat","embeddable":true,"href":"https:\/\/roveyayinevi.com.tr\/index.php\/wp-json\/wp\/v2\/product_cat?post=696502"},{"taxonomy":"product_tag","embeddable":true,"href":"https:\/\/roveyayinevi.com.tr\/index.php\/wp-json\/wp\/v2\/product_tag?post=696502"}],"curies":[{"name":"wp","href":"https:\/\/api.w.org\/{rel}","templated":true}]}}