{"id":696501,"date":"2025-08-27T14:35:14","date_gmt":"2025-08-27T11:35:14","guid":{"rendered":"https:\/\/roveyayinevi.com.tr\/index.php\/urun\/insan-isterse-2\/"},"modified":"2026-04-16T02:06:21","modified_gmt":"2026-04-15T23:06:21","slug":"insan-isterse-2","status":"publish","type":"product","link":"https:\/\/roveyayinevi.com.tr\/index.php\/urun\/insan-isterse-2\/","title":{"rendered":"\u0130nsan \u0130sterse 2"},"content":{"rendered":"<p>S\u0131f\u0131rdayd\u0131lar, zirveye \u00e7\u0131kmak istiyorlard\u0131, tek sermayeleri beyinleriydi. Cok fazla okudular, herkesin iki kat\u0131 d\u00fc\u015f\u00fcnd\u00fcler, beyinlerini b\u00fcy\u00fctt\u00fcler. Sonra kafalar\u0131n\u0131kullanarak hayallerini ger\u00e7ekle\u015ftirdiler. Mirasla de\u011fil, beyin g\u00fcc\u00fcyle ba\u015faranlar\u0131n\u00f6yk\u00fcs\u00fc \u0130nsan \u0130sterse&#8217;de..Evlilik d\u0131\u015f\u0131 bir ili\u015fkiden istenmeyen \u00e7ocuk olarak do\u011fan zenci k\u0131z \u00e7ocu\u011funun, Mississippi&#8217;deki bir domuz \u00e7iftli\u011finden Time Dergi\u015fi&#8217;nin kapa\u011f\u0131na uzanan hayat\u0131. ABD ba\u015fkan\u0131ndan bile daha etkili oldu\u011fu tescillenen Oprah Winfrey&#8217;in \u00f6yk\u00fcs\u00fc ve ba\u015far\u0131 i\u00e7in 50 \u00f6nerisi T\u00fcrk\u00e7e&#8217;de ilk defa&#8230;T\u00fcrkiye&#8217;nin ilk \u00f6zel bankas\u0131n\u0131 kuran Kaz\u0131m Ta\u015fkent&#8217;in inan\u0131lmaz m\u00fccadele\u00f6yk\u00fcs\u00fc ve ba\u015far\u0131 i\u00e7in 100 \u00f6neri\u015fi&#8230;15 ya\u015f\u0131ndayken T\u00fcrkiye&#8217;ye ilk Avrupa Satran\u00e7 \u015eampiyonlu\u011funu getiren K\u00fcbra\u00d6zt\u00fcrk&#8217;\u00fcn varo\u015flardan \u015fampiyonlu\u011fa uzanan ilgin\u00e7 \u00f6yk\u00fcs\u00fc&#8230;Hakkari sokaklar\u0131nda kurdu\u011fu hayalinin pe\u015finden ko\u015fup d\u00fcnyada 8 milyon ki\u015fiye Anadolu Ate\u015fini izleten Mustafa Erdo\u011fan&#8217;\u0131n \u00f6yk\u00fcs\u00fc ve  ba\u015far\u0131\u00f6nerileri&#8230;Ortaokulu bile olmayan bir yerde do\u011fup, 70&#8217;e yak\u0131n \u015fubesi olan 20&#8242; den fazla e\u011fitim kurumunun sahibi Fethi \u015eim\u015fek nas\u0131l ba\u015fard\u0131?Zirai tar\u0131m aletleri gibi &#8216;erkek egemen&#8217; bir sekt\u00f6rde, y\u00f6neticisi oldu\u011fu \u015firketi k\u0131sa s\u00fcrede sekt\u00f6r\u00fcn en b\u00fcy\u00fcklerinden yapan Funda Ba\u015fman nas\u0131l ba\u015fard\u0131?\u0130\u015f ba\u015fvurusu i\u00e7in gitti\u011fi \u015firketin sahibi olmay\u0131 kafas\u0131na koyan Murat Akdo\u011fan, kendi i\u015finin sahibi olma hayalini nas\u0131l ger\u00e7ekle\u015ftirdi?Mersin&#8217;de bir k\u00f6yde ke\u00e7i s\u00fcr\u00fcs\u00fcn\u00fc g\u00fcderken dinledi\u011fi radyo program\u0131yla hayat\u0131de\u011fi\u015fen \u00e7oban Ahmet nas\u0131l reklam ajans\u0131nda \u00e7al\u0131\u015fmaya ba\u015flad\u0131?<\/p>\n","protected":false},"excerpt":{"rendered":"<p>S\u0131f\u0131rdayd\u0131lar, zirveye \u00e7\u0131kmak istiyorlard\u0131, tek sermayeleri beyinleriydi. Cok fazla okudular, herkesin iki kat\u0131 d\u00fc\u015f\u00fcnd\u00fcler, beyinlerini b\u00fcy\u00fctt\u00fcler. Sonra kafalar\u0131n\u0131kullanarak hayallerini ger\u00e7ekle\u015ftirdiler. Mirasla de\u011fil, beyin g\u00fcc\u00fcyle ba\u015faranlar\u0131n\u00f6yk\u00fcs\u00fc \u0130nsan<span class=\"excerpt-hellip\"> [\u2026]<\/span><\/p>\n","protected":false},"featured_media":0,"template":"","meta":{"_monsterinsights_skip_tracking":false,"_monsterinsights_sitenote_active":false,"_monsterinsights_sitenote_note":"","_monsterinsights_sitenote_category":0},"product_brand":[],"product_cat":[12364],"product_tag":[],"class_list":{"0":"post-696501","1":"product","2":"type-product","3":"status-publish","5":"product_cat-genel-konular","6":"pa_cilt-ciltsiz","7":"pa_tur-kitap","8":"pa_yayinevi-alfa-yayinlari","9":"pa_yazar-kolektif","11":"first","12":"instock","13":"sale","14":"shipping-taxable","15":"purchasable","16":"product-type-simple"},"_links":{"self":[{"href":"https:\/\/roveyayinevi.com.tr\/index.php\/wp-json\/wp\/v2\/product\/696501","targetHints":{"allow":["GET"]}}],"collection":[{"href":"https:\/\/roveyayinevi.com.tr\/index.php\/wp-json\/wp\/v2\/product"}],"about":[{"href":"https:\/\/roveyayinevi.com.tr\/index.php\/wp-json\/wp\/v2\/types\/product"}],"wp:attachment":[{"href":"https:\/\/roveyayinevi.com.tr\/index.php\/wp-json\/wp\/v2\/media?parent=696501"}],"wp:term":[{"taxonomy":"product_brand","embeddable":true,"href":"https:\/\/roveyayinevi.com.tr\/index.php\/wp-json\/wp\/v2\/product_brand?post=696501"},{"taxonomy":"product_cat","embeddable":true,"href":"https:\/\/roveyayinevi.com.tr\/index.php\/wp-json\/wp\/v2\/product_cat?post=696501"},{"taxonomy":"product_tag","embeddable":true,"href":"https:\/\/roveyayinevi.com.tr\/index.php\/wp-json\/wp\/v2\/product_tag?post=696501"}],"curies":[{"name":"wp","href":"https:\/\/api.w.org\/{rel}","templated":true}]}}