{"id":696500,"date":"2025-08-27T14:35:14","date_gmt":"2025-08-27T11:35:14","guid":{"rendered":"https:\/\/roveyayinevi.com.tr\/index.php\/urun\/gelincik-dizisi-kirmizi-bisiklet\/"},"modified":"2026-04-16T02:06:21","modified_gmt":"2026-04-15T23:06:21","slug":"gelincik-dizisi-kirmizi-bisiklet","status":"publish","type":"product","link":"https:\/\/roveyayinevi.com.tr\/index.php\/urun\/gelincik-dizisi-kirmizi-bisiklet\/","title":{"rendered":"Gelincik Dizisi : K\u0131rm\u0131z\u0131 Bisiklet"},"content":{"rendered":"<p>Gelincik Dizisi; k\u00f6y, kasaba ve kentlerde, ba\u015fta okul olmak \u00fczere, de\u011fi\u015fik ortamlarda \u00e7ocuklar\u0131n ya\u015fad\u0131\u011f\u0131 \u00e7ocuk\u00e7a ser\u00fcvenleri i\u00e7eriyor.Gerek resimleri gerekse sayfa tasar\u0131m\u0131yla olduk\u00e7a farkl\u0131 ve \u00f6zenli bir \u00e7al\u0131\u015fman\u0131n \u00fcr\u00fcn\u00fc olan dizi, e\u011fitsel nitelikli k\u0131sa \u00f6yk\u00fclerden olu\u015fuyor. \u0130lk\u00f6\u011fretim 3. s\u0131n\u0131f \u00f6\u011frencilerine hem okuma zevki ve al\u0131\u015fkanl\u0131\u011f\u0131 edindirmede, hem de okuma h\u0131z\u0131n\u0131 geli\u015ftirmede yararl\u0131 oldu\u011fu i\u00e7in dizi, okullarda yayg\u0131n olarak okutuluyor. Dizideki \u00f6yk\u00fclerde pek \u00e7ok farkl\u0131 tema ve kavram i\u015fleniyor. T\u00fcm bunlar \u00e7ocu\u011fa kuru \u00f6\u011f\u00fctler \u015feklinde verilmek yerine, ya\u015f d\u00fczeylerine, dil da\u011farc\u0131klar\u0131na uygun ser\u00fcvenler e\u015fli\u011finde, sezdirme yoluyla aktar\u0131l\u0131yor.Bu dizide yer alan Ya\u015fanm\u0131\u015f Hayvan \u00d6yk\u00fcleri hayvanseverlerden derlenen ya\u015fanm\u0131\u015f olaylarla \u00f6r\u00fclm\u00fc\u015ft\u00fcr. Bu \u00f6yk\u00fcler, \u00e7ocuklarda do\u011fa ve hayvan sevgisi olu\u015ftururken, bir yandan da hayvanlarla kurulacak ili\u015fkilerde g\u00f6zetilmesi gereken kurallar\u0131 vurguluyor. Yazar G\u00fclten Day\u0131o\u011flu\u2019nun de\u011fi\u015fik yerlerde yay\u0131mlanm\u0131\u015f \u00f6yk\u00fclerinin bir araya getirilmesiyle daha da zenginle\u015fen dizideki kitap say\u0131s\u0131 on yediye \u00e7\u0131kar\u0131lm\u0131\u015ft\u0131r.<\/p>\n","protected":false},"excerpt":{"rendered":"<p>Gelincik Dizisi; k\u00f6y, kasaba ve kentlerde, ba\u015fta okul olmak \u00fczere, de\u011fi\u015fik ortamlarda \u00e7ocuklar\u0131n ya\u015fad\u0131\u011f\u0131 \u00e7ocuk\u00e7a ser\u00fcvenleri i\u00e7eriyor.Gerek resimleri gerekse sayfa tasar\u0131m\u0131yla olduk\u00e7a farkl\u0131 ve \u00f6zenli bir<span class=\"excerpt-hellip\"> [\u2026]<\/span><\/p>\n","protected":false},"featured_media":0,"template":"","meta":{"_monsterinsights_skip_tracking":false,"_monsterinsights_sitenote_active":false,"_monsterinsights_sitenote_note":"","_monsterinsights_sitenote_category":0},"product_brand":[],"product_cat":[12275,12274],"product_tag":[],"class_list":{"0":"post-696500","1":"product","2":"type-product","3":"status-publish","5":"product_cat-6-12-yas-kitaplari","6":"product_cat-cocuk-ve-genclik-kitaplari","7":"pa_cilt-ciltsiz","8":"pa_tur-kitap","9":"pa_yayinevi-altin-kitaplar-ozel-urun","10":"pa_yazar-gulten-dayioglu","12":"first","13":"instock","14":"sale","15":"shipping-taxable","16":"purchasable","17":"product-type-simple"},"_links":{"self":[{"href":"https:\/\/roveyayinevi.com.tr\/index.php\/wp-json\/wp\/v2\/product\/696500","targetHints":{"allow":["GET"]}}],"collection":[{"href":"https:\/\/roveyayinevi.com.tr\/index.php\/wp-json\/wp\/v2\/product"}],"about":[{"href":"https:\/\/roveyayinevi.com.tr\/index.php\/wp-json\/wp\/v2\/types\/product"}],"wp:attachment":[{"href":"https:\/\/roveyayinevi.com.tr\/index.php\/wp-json\/wp\/v2\/media?parent=696500"}],"wp:term":[{"taxonomy":"product_brand","embeddable":true,"href":"https:\/\/roveyayinevi.com.tr\/index.php\/wp-json\/wp\/v2\/product_brand?post=696500"},{"taxonomy":"product_cat","embeddable":true,"href":"https:\/\/roveyayinevi.com.tr\/index.php\/wp-json\/wp\/v2\/product_cat?post=696500"},{"taxonomy":"product_tag","embeddable":true,"href":"https:\/\/roveyayinevi.com.tr\/index.php\/wp-json\/wp\/v2\/product_tag?post=696500"}],"curies":[{"name":"wp","href":"https:\/\/api.w.org\/{rel}","templated":true}]}}