{"id":696499,"date":"2025-08-27T14:35:14","date_gmt":"2025-08-27T11:35:14","guid":{"rendered":"https:\/\/roveyayinevi.com.tr\/index.php\/urun\/anne-baba-destegi-ve-basari\/"},"modified":"2026-04-16T02:06:21","modified_gmt":"2026-04-15T23:06:21","slug":"anne-baba-destegi-ve-basari","status":"publish","type":"product","link":"https:\/\/roveyayinevi.com.tr\/index.php\/urun\/anne-baba-destegi-ve-basari\/","title":{"rendered":"Anne Baba Deste\u011fi ve Ba\u015far\u0131"},"content":{"rendered":"<p>Ku\u015fkusuz her anne baba, \u00e7ocu\u011funun e\u011fitimini ve ba\u015far\u0131s\u0131n\u0131 son derece \u00f6nemsemekte ve bu konuda \u00f6zverili davranmaktad\u0131r. \u00c7ocuklar\u0131n ve gen\u00e7lerin e\u011fitiminde, akademik ba\u015far\u0131lar\u0131n\u0131n y\u00fckselmesinde okul kadar ev ortam\u0131n\u0131n; \u00f6\u011fretmen kadar anne babalar\u0131n da rol\u00fc oldu\u011fu kabul edilmektedir. \u00d6zellikle SBS ve LYS&amp;YGS gibi s\u0131navlara haz\u0131rl\u0131k s\u00fcrecinde bir\u00e7ok anne baban\u0131n iyi niyetle ciddi hatalar yapt\u0131\u011f\u0131 g\u00f6zlenmektedir. \u0130\u015fte bu kitap, iyi niyetle yap\u0131lan bu hatalara anne babalar\u0131n, e\u011fitimcilerin ve psikolojik dan\u0131\u015fmanlar\u0131n dikkatini \u00e7ekmeyi ama\u00e7lamaktad\u0131r. \ufffcTan\u0131t\u0131m Metni<\/p>\n","protected":false},"excerpt":{"rendered":"<p>Ku\u015fkusuz her anne baba, \u00e7ocu\u011funun e\u011fitimini ve ba\u015far\u0131s\u0131n\u0131 son derece \u00f6nemsemekte ve bu konuda \u00f6zverili davranmaktad\u0131r. \u00c7ocuklar\u0131n ve gen\u00e7lerin e\u011fitiminde, akademik ba\u015far\u0131lar\u0131n\u0131n y\u00fckselmesinde okul kadar ev<span class=\"excerpt-hellip\"> [\u2026]<\/span><\/p>\n","protected":false},"featured_media":0,"template":"","meta":{"_monsterinsights_skip_tracking":false,"_monsterinsights_sitenote_active":false,"_monsterinsights_sitenote_note":"","_monsterinsights_sitenote_category":0},"product_brand":[],"product_cat":[12364],"product_tag":[],"class_list":{"0":"post-696499","1":"product","2":"type-product","3":"status-publish","5":"product_cat-genel-konular","6":"pa_cilt-ciltsiz","7":"pa_tur-kitap","8":"pa_yayinevi-ani-yayincilik","9":"pa_yazar-ibrahim-yildirim","11":"first","12":"instock","13":"sale","14":"shipping-taxable","15":"purchasable","16":"product-type-simple"},"_links":{"self":[{"href":"https:\/\/roveyayinevi.com.tr\/index.php\/wp-json\/wp\/v2\/product\/696499","targetHints":{"allow":["GET"]}}],"collection":[{"href":"https:\/\/roveyayinevi.com.tr\/index.php\/wp-json\/wp\/v2\/product"}],"about":[{"href":"https:\/\/roveyayinevi.com.tr\/index.php\/wp-json\/wp\/v2\/types\/product"}],"wp:attachment":[{"href":"https:\/\/roveyayinevi.com.tr\/index.php\/wp-json\/wp\/v2\/media?parent=696499"}],"wp:term":[{"taxonomy":"product_brand","embeddable":true,"href":"https:\/\/roveyayinevi.com.tr\/index.php\/wp-json\/wp\/v2\/product_brand?post=696499"},{"taxonomy":"product_cat","embeddable":true,"href":"https:\/\/roveyayinevi.com.tr\/index.php\/wp-json\/wp\/v2\/product_cat?post=696499"},{"taxonomy":"product_tag","embeddable":true,"href":"https:\/\/roveyayinevi.com.tr\/index.php\/wp-json\/wp\/v2\/product_tag?post=696499"}],"curies":[{"name":"wp","href":"https:\/\/api.w.org\/{rel}","templated":true}]}}