{"id":696497,"date":"2025-08-27T14:35:13","date_gmt":"2025-08-27T11:35:13","guid":{"rendered":"https:\/\/roveyayinevi.com.tr\/index.php\/urun\/ihanet-noktasi\/"},"modified":"2026-04-16T02:06:21","modified_gmt":"2026-04-15T23:06:21","slug":"ihanet-noktasi","status":"publish","type":"product","link":"https:\/\/roveyayinevi.com.tr\/index.php\/urun\/ihanet-noktasi\/","title":{"rendered":"\u0130hanet Noktas\u0131"},"content":{"rendered":"<p>NASA&#8217;ya ba\u011fl\u0131 bir uydu Kuzey Kutbu&#8217;nun derinliklerine g\u00f6m\u00fcl\u00fc nadir bulunan bir nesnenin varl\u0131\u011f\u0131n\u0131 belirler. Bir s\u00fcredir bocalamakta olan NASA bunu bir zafer olarak niteler. Amerikan uzay politikas\u0131n\u0131 ve yakla\u015fmakta olan ba\u015fkanl\u0131k se\u00e7imini derinden etkileyecek bir zaferdir bu&#8230;  Ba\u015fkan, Beyaz Saray Gizli Haber Alma Analisti Rachel Sexton&#8217;\u0131 Milne Buzul Katman\u0131&#8217;na g\u00f6nderir. Karizmatik bilim adam\u0131 Michael Tolland ba\u015fkanl\u0131\u011f\u0131nda uzmanlardan olu\u015fan bir ekiple Kuzey Kutbu&#8217;na giden Rachel, bir s\u00fcre sonra akla gelmedik bir oyunu ortaya \u00e7\u0131kar\u0131r. T\u00fcm d\u00fcnyay\u0131 amans\u0131z bir d\u00fc\u015fmanl\u0131\u011fa s\u00fcr\u00fckleyecek bir bilim sahtek\u00e2rl\u0131\u011f\u0131 s\u00f6z konusudur.  Rachel, Ba\u015fkan&#8217;la ba\u011flant\u0131 kuramadan Michael \u00f6l\u00fcmc\u00fcl bir sald\u0131r\u0131ya u\u011frar. Ger\u00e7e\u011fin ortaya \u00e7\u0131kmas\u0131n\u0131 istemeyen esrarengiz biri, katil-lerden olu\u015fan bir ekiple herkesi ortadan kald\u0131rmaktad\u0131r.  Iss\u0131z ve \u00f6l\u00fcmc\u00fcl bir \u00e7evrede bir avu\u00e7 insan\u0131n t\u00fcm umudu bu korkun\u00e7 sahtek\u00e2rl\u0131\u011f\u0131n arkas\u0131ndaki g\u00fc\u00e7lerin ortaya \u00e7\u0131kar\u0131lmas\u0131d\u0131r. \u00d6\u011frenecekleri ger\u00e7ek ihanetin doruk noktas\u0131d\u0131r.<\/p>\n","protected":false},"excerpt":{"rendered":"<p>NASA&#8217;ya ba\u011fl\u0131 bir uydu Kuzey Kutbu&#8217;nun derinliklerine g\u00f6m\u00fcl\u00fc nadir bulunan bir nesnenin varl\u0131\u011f\u0131n\u0131 belirler. Bir s\u00fcredir bocalamakta olan NASA bunu bir zafer olarak niteler. Amerikan uzay<span class=\"excerpt-hellip\"> [\u2026]<\/span><\/p>\n","protected":false},"featured_media":0,"template":"","meta":{"_monsterinsights_skip_tracking":false,"_monsterinsights_sitenote_active":false,"_monsterinsights_sitenote_note":"","_monsterinsights_sitenote_category":0},"product_brand":[],"product_cat":[12803,12291],"product_tag":[],"class_list":{"0":"post-696497","1":"product","2":"type-product","3":"status-publish","5":"product_cat-aksiyon-macera","6":"product_cat-edebiyat","7":"pa_cilt-ciltsiz","8":"pa_tur-kitap","9":"pa_yayinevi-altin-kitaplar","10":"pa_yazar-dan-brown","12":"first","13":"instock","14":"sale","15":"shipping-taxable","16":"purchasable","17":"product-type-simple"},"_links":{"self":[{"href":"https:\/\/roveyayinevi.com.tr\/index.php\/wp-json\/wp\/v2\/product\/696497","targetHints":{"allow":["GET"]}}],"collection":[{"href":"https:\/\/roveyayinevi.com.tr\/index.php\/wp-json\/wp\/v2\/product"}],"about":[{"href":"https:\/\/roveyayinevi.com.tr\/index.php\/wp-json\/wp\/v2\/types\/product"}],"wp:attachment":[{"href":"https:\/\/roveyayinevi.com.tr\/index.php\/wp-json\/wp\/v2\/media?parent=696497"}],"wp:term":[{"taxonomy":"product_brand","embeddable":true,"href":"https:\/\/roveyayinevi.com.tr\/index.php\/wp-json\/wp\/v2\/product_brand?post=696497"},{"taxonomy":"product_cat","embeddable":true,"href":"https:\/\/roveyayinevi.com.tr\/index.php\/wp-json\/wp\/v2\/product_cat?post=696497"},{"taxonomy":"product_tag","embeddable":true,"href":"https:\/\/roveyayinevi.com.tr\/index.php\/wp-json\/wp\/v2\/product_tag?post=696497"}],"curies":[{"name":"wp","href":"https:\/\/api.w.org\/{rel}","templated":true}]}}