{"id":696496,"date":"2025-08-27T14:35:13","date_gmt":"2025-08-27T11:35:13","guid":{"rendered":"https:\/\/roveyayinevi.com.tr\/index.php\/urun\/anlamdan-anlatima-turkcemiz\/"},"modified":"2026-04-16T02:06:21","modified_gmt":"2026-04-15T23:06:21","slug":"anlamdan-anlatima-turkcemiz","status":"publish","type":"product","link":"https:\/\/roveyayinevi.com.tr\/index.php\/urun\/anlamdan-anlatima-turkcemiz\/","title":{"rendered":"Anlamdan Anlat\u0131ma T\u00fcrk\u00e7emiz"},"content":{"rendered":"<p>Bu kitap, T\u00fcrk\u00e7emizi t\u00fcm y\u00f6nleriyle incelemeyi ama\u00e7layan bir \u00e7al\u0131\u015fman\u0131n \u00fcr\u00fcn\u00fcd\u00fcr. Sesten paragrafa de\u011fin b\u00fct\u00fcn dil birimlerini ba\u011flam i\u00e7inde de\u011ferlendirme bi\u00e7iminde \u00f6zetleyebilece\u011fimiz dil bilimdeki yeni yakla\u015f\u0131mlar\u0131 g\u00f6zeten bir \u00e7al\u0131\u015fmad\u0131r. \u00c7e\u015fitli yazarlar\u0131m\u0131z\u0131n yap\u0131tlar\u0131yla, zengin \u00f6rneklerle beslenen \u00e7al\u0131\u015fma, kavramlara kolayca ula\u015fmak isteyen okuyucular\u0131m\u0131z i\u00e7in, kitab\u0131n sonunda ayr\u0131nt\u0131l\u0131 bir Kavram Dizini olu\u015fturulmu\u015ftur. Alan\u0131nda bir ilk olan \u00e7al\u0131\u015fma, t\u00fcm dil bilimcilerin ve edebiyat\u00e7\u0131lar\u0131n temel ba\u015fvuru kayna\u011f\u0131 olmaya adayd\u0131r. <\/p>\n","protected":false},"excerpt":{"rendered":"<p>Bu kitap, T\u00fcrk\u00e7emizi t\u00fcm y\u00f6nleriyle incelemeyi ama\u00e7layan bir \u00e7al\u0131\u015fman\u0131n \u00fcr\u00fcn\u00fcd\u00fcr. Sesten paragrafa de\u011fin b\u00fct\u00fcn dil birimlerini ba\u011flam i\u00e7inde de\u011ferlendirme bi\u00e7iminde \u00f6zetleyebilece\u011fimiz dil bilimdeki yeni yakla\u015f\u0131mlar\u0131 g\u00f6zeten<span class=\"excerpt-hellip\"> [\u2026]<\/span><\/p>\n","protected":false},"featured_media":0,"template":"","meta":{"_monsterinsights_skip_tracking":false,"_monsterinsights_sitenote_active":false,"_monsterinsights_sitenote_note":"","_monsterinsights_sitenote_category":0},"product_brand":[],"product_cat":[12566,13611],"product_tag":[],"class_list":{"0":"post-696496","1":"product","2":"type-product","3":"status-publish","5":"product_cat-egitim","6":"product_cat-sozlukler-ve-konusma-kilavuzlari","7":"pa_cilt-ciltsiz","8":"pa_tur-kitap","9":"pa_yayinevi-ani-yayincilik","10":"pa_yazar-muhittin-bilgin","12":"first","13":"instock","14":"sale","15":"shipping-taxable","16":"purchasable","17":"product-type-simple"},"_links":{"self":[{"href":"https:\/\/roveyayinevi.com.tr\/index.php\/wp-json\/wp\/v2\/product\/696496","targetHints":{"allow":["GET"]}}],"collection":[{"href":"https:\/\/roveyayinevi.com.tr\/index.php\/wp-json\/wp\/v2\/product"}],"about":[{"href":"https:\/\/roveyayinevi.com.tr\/index.php\/wp-json\/wp\/v2\/types\/product"}],"wp:attachment":[{"href":"https:\/\/roveyayinevi.com.tr\/index.php\/wp-json\/wp\/v2\/media?parent=696496"}],"wp:term":[{"taxonomy":"product_brand","embeddable":true,"href":"https:\/\/roveyayinevi.com.tr\/index.php\/wp-json\/wp\/v2\/product_brand?post=696496"},{"taxonomy":"product_cat","embeddable":true,"href":"https:\/\/roveyayinevi.com.tr\/index.php\/wp-json\/wp\/v2\/product_cat?post=696496"},{"taxonomy":"product_tag","embeddable":true,"href":"https:\/\/roveyayinevi.com.tr\/index.php\/wp-json\/wp\/v2\/product_tag?post=696496"}],"curies":[{"name":"wp","href":"https:\/\/api.w.org\/{rel}","templated":true}]}}