{"id":696490,"date":"2025-08-27T14:35:11","date_gmt":"2025-08-27T11:35:11","guid":{"rendered":"https:\/\/roveyayinevi.com.tr\/index.php\/urun\/mahser-2\/"},"modified":"2026-04-16T02:06:21","modified_gmt":"2026-04-15T23:06:21","slug":"mahser-2","status":"publish","type":"product","link":"https:\/\/roveyayinevi.com.tr\/index.php\/urun\/mahser-2\/","title":{"rendered":"Mah\u015fer"},"content":{"rendered":"<p>Mah\u015fer, macera, a\u015fk, kehanet, alegori, fantezi ve realizm \u00f6\u011feleriyle harmanlanm\u0131\u015f harika bir roman. -The New York Times Book Review Biyolojik denemeler yap\u0131lan bir kurulu\u015ftan ka\u00e7an biri, k\u0131sa s\u00fcre sonra domino etkisiyle insanlar\u0131n y\u00fczde doksan dokuzunu yok edecek mutasyona u\u011fram\u0131\u015f \u00f6l\u00fcmc\u00fcl bir grip mikrobunu yaymaya ba\u015flar. Hayatta kalmay\u0131 ba\u015faran korku ve \u015fa\u015fk\u0131nl\u0131k i\u00e7indeki bir avu\u00e7 insan kendilerini kurtaracak bir lider aray\u0131\u015f\u0131 i\u00e7ine girer. Ve iki aday ortaya \u00e7\u0131kar&#8230; Colorado\u2019da bir halkevi kurmakta \u0131srar eden 108 ya\u015f\u0131ndaki hay\u0131rsever rahibe Abagail ve k\u00f6t\u00fcl\u00fckten ba\u015fka bir \u015fey d\u00fc\u015f\u00fcnmeyen, karga\u015fadan mutlu olan \u015fiddet yanl\u0131s\u0131 k\u00f6t\u00fc adam Randall Flagg&#8230; Yaln\u0131zca d\u00fc\u015flerde var olabilece\u011fini sand\u0131\u011f\u0131m\u0131z karanl\u0131k bir hik\u00e2ye&#8230; \ufffc<\/p>\n","protected":false},"excerpt":{"rendered":"<p>Mah\u015fer, macera, a\u015fk, kehanet, alegori, fantezi ve realizm \u00f6\u011feleriyle harmanlanm\u0131\u015f harika bir roman. -The New York Times Book Review Biyolojik denemeler yap\u0131lan bir kurulu\u015ftan ka\u00e7an biri,<span class=\"excerpt-hellip\"> [\u2026]<\/span><\/p>\n","protected":false},"featured_media":0,"template":"","meta":{"_monsterinsights_skip_tracking":false,"_monsterinsights_sitenote_active":false,"_monsterinsights_sitenote_note":"","_monsterinsights_sitenote_category":0},"product_brand":[],"product_cat":[12291,17033],"product_tag":[],"class_list":{"0":"post-696490","1":"product","2":"type-product","3":"status-publish","5":"product_cat-edebiyat","6":"product_cat-korku-gerilim","7":"pa_cilt-ciltsiz","8":"pa_tur-kitap","9":"pa_yayinevi-altin-kitaplar-ozel-urun","10":"pa_yazar-stephen-king","12":"first","13":"instock","14":"sale","15":"shipping-taxable","16":"purchasable","17":"product-type-simple"},"_links":{"self":[{"href":"https:\/\/roveyayinevi.com.tr\/index.php\/wp-json\/wp\/v2\/product\/696490","targetHints":{"allow":["GET"]}}],"collection":[{"href":"https:\/\/roveyayinevi.com.tr\/index.php\/wp-json\/wp\/v2\/product"}],"about":[{"href":"https:\/\/roveyayinevi.com.tr\/index.php\/wp-json\/wp\/v2\/types\/product"}],"wp:attachment":[{"href":"https:\/\/roveyayinevi.com.tr\/index.php\/wp-json\/wp\/v2\/media?parent=696490"}],"wp:term":[{"taxonomy":"product_brand","embeddable":true,"href":"https:\/\/roveyayinevi.com.tr\/index.php\/wp-json\/wp\/v2\/product_brand?post=696490"},{"taxonomy":"product_cat","embeddable":true,"href":"https:\/\/roveyayinevi.com.tr\/index.php\/wp-json\/wp\/v2\/product_cat?post=696490"},{"taxonomy":"product_tag","embeddable":true,"href":"https:\/\/roveyayinevi.com.tr\/index.php\/wp-json\/wp\/v2\/product_tag?post=696490"}],"curies":[{"name":"wp","href":"https:\/\/api.w.org\/{rel}","templated":true}]}}