{"id":696489,"date":"2025-08-27T14:35:11","date_gmt":"2025-08-27T11:35:11","guid":{"rendered":"https:\/\/roveyayinevi.com.tr\/index.php\/urun\/kanatsiz-kuslar\/"},"modified":"2026-04-16T02:06:21","modified_gmt":"2026-04-15T23:06:21","slug":"kanatsiz-kuslar","status":"publish","type":"product","link":"https:\/\/roveyayinevi.com.tr\/index.php\/urun\/kanatsiz-kuslar\/","title":{"rendered":"Kanats\u0131z Ku\u015flar"},"content":{"rendered":"<p>Kanats\u0131z Ku\u015flar, b\u00fcy\u00fcs\u00fc bozulan bir co\u011frafyada kendini yeniden var etmeye \u00e7al\u0131\u015fan T\u00fcrk ulusunun ve onun b\u00fcy\u00fck \u00f6nderi Mustafa Kemal\u2019in s\u0131ra d\u0131\u015f\u0131 \u00f6yk\u00fcs\u00fcd\u00fcr.G\u00fcneybat\u0131 Anadolu\u2019nun k\u00fc\u00e7\u00fck bir kasabas\u0131nda, M\u00fcsl\u00fcman ve H\u0131ristiyan toplumu y\u00fczy\u0131llard\u0131r bar\u0131\u015f ve huzur i\u00e7inde ya\u015famaktad\u0131r.Kasabada s\u00fcregelen gizli karasevdalar, farkl\u0131 inan\u00e7lardaki iki din adam\u0131n\u0131n bak\u0131\u015f a\u00e7\u0131lar\u0131, birbirine kar\u0131\u015fm\u0131\u015f ve kayna\u015fm\u0131\u015f iki toplumun ilgin\u00e7 karakterleri Anadolu\u2019nun bu k\u0131y\u0131s\u0131n\u0131 d\u00fcnyan\u0131n bir\u00e7ok yerinden ay\u0131rmaktad\u0131r.Ne var ki k\u0131sa bir s\u00fcre sonra o b\u00fcy\u00fc bozulur. Sava\u015f korkun\u00e7 y\u00fcz\u00fcn\u00fc din ve milliyet\u00e7ilik u\u011fruna i\u015flenen katliamlarla g\u00f6sterir. Art\u0131k a\u00e7l\u0131k ve d\u00fc\u015fmanl\u0131k ortal\u0131kta kol gezmektedir.Ve bu k\u00fc\u00e7\u00fck kasaban\u0131n d\u0131\u015f\u0131nda askeri dehas\u0131 ve ak\u0131l almaz cesareti ile \u00fclkenin kaderini hayalinde ya\u015fatt\u0131\u011f\u0131 bi\u00e7imde yeniden \u00e7izen bir Mustafa Kemal vard\u0131r.Zaman\u0131m\u0131z\u0131n en iyi ve en sevilen yazarlar\u0131ndan olan Louis de Berni\u00e8res, Kanats\u0131z Ku\u015flar\u2019daki destans\u0131 anlat\u0131m\u0131 ve derinden etkileyen temalar\u0131yla ge\u00e7mi\u015fimize muhte\u015fem bir yolculuk yapt\u0131r\u0131yor.Harika, soluk kesici, y\u00fcrek yaralay\u0131c\u0131 oldu\u011fu kadar, p\u0131r\u0131l p\u0131r\u0131l g\u00f6rkemli bir roman&#8230; Berni\u00e8res a\u015fk i\u00e7in \u00f6denen korkun\u00e7 bedeli, politika ve sava\u015f\u0131 b\u00fcy\u00fck bir ustal\u0131kla inceliyor. Ola\u011fan\u00fcst\u00fc bir \u00f6yk\u00fcc\u00fc&#8230;The Miami Herald<\/p>\n","protected":false},"excerpt":{"rendered":"<p>Kanats\u0131z Ku\u015flar, b\u00fcy\u00fcs\u00fc bozulan bir co\u011frafyada kendini yeniden var etmeye \u00e7al\u0131\u015fan T\u00fcrk ulusunun ve onun b\u00fcy\u00fck \u00f6nderi Mustafa Kemal\u2019in s\u0131ra d\u0131\u015f\u0131 \u00f6yk\u00fcs\u00fcd\u00fcr.G\u00fcneybat\u0131 Anadolu\u2019nun k\u00fc\u00e7\u00fck bir kasabas\u0131nda,<span class=\"excerpt-hellip\"> [\u2026]<\/span><\/p>\n","protected":false},"featured_media":0,"template":"","meta":{"_monsterinsights_skip_tracking":false,"_monsterinsights_sitenote_active":false,"_monsterinsights_sitenote_note":"","_monsterinsights_sitenote_category":0},"product_brand":[],"product_cat":[12291,12866],"product_tag":[],"class_list":{"0":"post-696489","1":"product","2":"type-product","3":"status-publish","5":"product_cat-edebiyat","6":"product_cat-ingiliz-edebiyati","7":"pa_cilt-ciltsiz","8":"pa_tur-kitap","9":"pa_yayinevi-altin-kitaplar","10":"pa_yazar-louis-de-bernieres","12":"first","13":"instock","14":"sale","15":"shipping-taxable","16":"purchasable","17":"product-type-simple"},"_links":{"self":[{"href":"https:\/\/roveyayinevi.com.tr\/index.php\/wp-json\/wp\/v2\/product\/696489","targetHints":{"allow":["GET"]}}],"collection":[{"href":"https:\/\/roveyayinevi.com.tr\/index.php\/wp-json\/wp\/v2\/product"}],"about":[{"href":"https:\/\/roveyayinevi.com.tr\/index.php\/wp-json\/wp\/v2\/types\/product"}],"wp:attachment":[{"href":"https:\/\/roveyayinevi.com.tr\/index.php\/wp-json\/wp\/v2\/media?parent=696489"}],"wp:term":[{"taxonomy":"product_brand","embeddable":true,"href":"https:\/\/roveyayinevi.com.tr\/index.php\/wp-json\/wp\/v2\/product_brand?post=696489"},{"taxonomy":"product_cat","embeddable":true,"href":"https:\/\/roveyayinevi.com.tr\/index.php\/wp-json\/wp\/v2\/product_cat?post=696489"},{"taxonomy":"product_tag","embeddable":true,"href":"https:\/\/roveyayinevi.com.tr\/index.php\/wp-json\/wp\/v2\/product_tag?post=696489"}],"curies":[{"name":"wp","href":"https:\/\/api.w.org\/{rel}","templated":true}]}}