{"id":696487,"date":"2025-08-27T14:35:11","date_gmt":"2025-08-27T11:35:11","guid":{"rendered":"https:\/\/roveyayinevi.com.tr\/index.php\/urun\/iskemlede-bes-ceset\/"},"modified":"2026-04-16T02:06:21","modified_gmt":"2026-04-15T23:06:21","slug":"iskemlede-bes-ceset","status":"publish","type":"product","link":"https:\/\/roveyayinevi.com.tr\/index.php\/urun\/iskemlede-bes-ceset\/","title":{"rendered":"\u0130skemlede Be\u015f Ceset"},"content":{"rendered":"<p>Herkes taraf\u0131ndan sevilen di\u015f\u00e7i Dr. Morley\u2019in intihar etmesi i\u00e7in nas\u0131l bir sebep olabilirdi? Duygusal \u00e7eli\u015fkiler i\u00e7inde de\u011fildi, parasal ve g\u00f6n\u00fcl sorunlar\u0131 da yoktu. Hercule Poirot ile neden bulu\u015facakt\u0131? Merakl\u0131 dedektif bu intihar hikayesine inanmam\u0131\u015ft\u0131. Doktorun hastalar\u0131n\u0131n, ortaklar\u0131n\u0131n ve dostlar\u0131n\u0131n ifadelerini almaya ba\u015flayan Poirot, sonu\u00e7ta korkun\u00e7 bir ger\u00e7ekle kar\u015f\u0131la\u015ft\u0131. Dr. Morley ne ilk, ne de son kurband\u0131.<\/p>\n","protected":false},"excerpt":{"rendered":"<p>Herkes taraf\u0131ndan sevilen di\u015f\u00e7i Dr. Morley\u2019in intihar etmesi i\u00e7in nas\u0131l bir sebep olabilirdi? Duygusal \u00e7eli\u015fkiler i\u00e7inde de\u011fildi, parasal ve g\u00f6n\u00fcl sorunlar\u0131 da yoktu. Hercule Poirot ile<span class=\"excerpt-hellip\"> [\u2026]<\/span><\/p>\n","protected":false},"featured_media":0,"template":"","meta":{"_monsterinsights_skip_tracking":false,"_monsterinsights_sitenote_active":false,"_monsterinsights_sitenote_note":"","_monsterinsights_sitenote_category":0},"product_brand":[],"product_cat":[12291,12866],"product_tag":[],"class_list":{"0":"post-696487","1":"product","2":"type-product","3":"status-publish","5":"product_cat-edebiyat","6":"product_cat-ingiliz-edebiyati","7":"pa_cilt-ciltsiz","8":"pa_tur-kitap","9":"pa_yayinevi-altin-kitaplar","10":"pa_yazar-agatha-christie","12":"first","13":"instock","14":"sale","15":"shipping-taxable","16":"purchasable","17":"product-type-simple"},"_links":{"self":[{"href":"https:\/\/roveyayinevi.com.tr\/index.php\/wp-json\/wp\/v2\/product\/696487","targetHints":{"allow":["GET"]}}],"collection":[{"href":"https:\/\/roveyayinevi.com.tr\/index.php\/wp-json\/wp\/v2\/product"}],"about":[{"href":"https:\/\/roveyayinevi.com.tr\/index.php\/wp-json\/wp\/v2\/types\/product"}],"wp:attachment":[{"href":"https:\/\/roveyayinevi.com.tr\/index.php\/wp-json\/wp\/v2\/media?parent=696487"}],"wp:term":[{"taxonomy":"product_brand","embeddable":true,"href":"https:\/\/roveyayinevi.com.tr\/index.php\/wp-json\/wp\/v2\/product_brand?post=696487"},{"taxonomy":"product_cat","embeddable":true,"href":"https:\/\/roveyayinevi.com.tr\/index.php\/wp-json\/wp\/v2\/product_cat?post=696487"},{"taxonomy":"product_tag","embeddable":true,"href":"https:\/\/roveyayinevi.com.tr\/index.php\/wp-json\/wp\/v2\/product_tag?post=696487"}],"curies":[{"name":"wp","href":"https:\/\/api.w.org\/{rel}","templated":true}]}}