{"id":696486,"date":"2025-08-27T14:35:10","date_gmt":"2025-08-27T11:35:10","guid":{"rendered":"https:\/\/roveyayinevi.com.tr\/index.php\/urun\/ilkogretim-turkce-altin-sozluk\/"},"modified":"2026-04-16T02:06:20","modified_gmt":"2026-04-15T23:06:20","slug":"ilkogretim-turkce-altin-sozluk","status":"publish","type":"product","link":"https:\/\/roveyayinevi.com.tr\/index.php\/urun\/ilkogretim-turkce-altin-sozluk\/","title":{"rendered":"\u0130lk\u00f6\u011fretim T\u00fcrk\u00e7e Alt\u0131n S\u00f6zl\u00fck"},"content":{"rendered":"<p>Sevgili \u00f6\u011frenciler , bu s\u00f6zl\u00fck ilk\u00f6\u011fretim boyunca tek bir T\u00fcrk\u00e7e s\u00f6zl\u00fck kullan\u0131m\u0131 \u015fekline g\u00f6re haz\u0131rlanm\u0131\u015ft\u0131r.<\/p>\n","protected":false},"excerpt":{"rendered":"<p>Sevgili \u00f6\u011frenciler , bu s\u00f6zl\u00fck ilk\u00f6\u011fretim boyunca tek bir T\u00fcrk\u00e7e s\u00f6zl\u00fck kullan\u0131m\u0131 \u015fekline g\u00f6re haz\u0131rlanm\u0131\u015ft\u0131r.<\/p>\n","protected":false},"featured_media":0,"template":"","meta":{"_monsterinsights_skip_tracking":false,"_monsterinsights_sitenote_active":false,"_monsterinsights_sitenote_note":"","_monsterinsights_sitenote_category":0},"product_brand":[],"product_cat":[12566,13611,19496],"product_tag":[],"class_list":{"0":"post-696486","1":"product","2":"type-product","3":"status-publish","5":"product_cat-egitim","6":"product_cat-sozlukler-ve-konusma-kilavuzlari","7":"product_cat-turkce-sozlukler","8":"pa_cilt-ciltsiz","9":"pa_tur-kitap","10":"pa_yayinevi-altin-kitaplar-boyama-ve-cocuk-kitaplari","11":"pa_yazar-huseyin-kuscu","13":"first","14":"instock","15":"sale","16":"shipping-taxable","17":"purchasable","18":"product-type-simple"},"_links":{"self":[{"href":"https:\/\/roveyayinevi.com.tr\/index.php\/wp-json\/wp\/v2\/product\/696486","targetHints":{"allow":["GET"]}}],"collection":[{"href":"https:\/\/roveyayinevi.com.tr\/index.php\/wp-json\/wp\/v2\/product"}],"about":[{"href":"https:\/\/roveyayinevi.com.tr\/index.php\/wp-json\/wp\/v2\/types\/product"}],"wp:attachment":[{"href":"https:\/\/roveyayinevi.com.tr\/index.php\/wp-json\/wp\/v2\/media?parent=696486"}],"wp:term":[{"taxonomy":"product_brand","embeddable":true,"href":"https:\/\/roveyayinevi.com.tr\/index.php\/wp-json\/wp\/v2\/product_brand?post=696486"},{"taxonomy":"product_cat","embeddable":true,"href":"https:\/\/roveyayinevi.com.tr\/index.php\/wp-json\/wp\/v2\/product_cat?post=696486"},{"taxonomy":"product_tag","embeddable":true,"href":"https:\/\/roveyayinevi.com.tr\/index.php\/wp-json\/wp\/v2\/product_tag?post=696486"}],"curies":[{"name":"wp","href":"https:\/\/api.w.org\/{rel}","templated":true}]}}