{"id":696482,"date":"2025-08-27T14:35:09","date_gmt":"2025-08-27T11:35:09","guid":{"rendered":"https:\/\/roveyayinevi.com.tr\/index.php\/urun\/her-sey-beyinde-baslar\/"},"modified":"2026-04-08T02:08:25","modified_gmt":"2026-04-07T23:08:25","slug":"her-sey-beyinde-baslar","status":"publish","type":"product","link":"https:\/\/roveyayinevi.com.tr\/index.php\/urun\/her-sey-beyinde-baslar\/","title":{"rendered":"Her \u015eey Beyinde Ba\u015flar"},"content":{"rendered":"<p>Her \u015fey beyinde ba\u015flar. Ba\u015far\u0131, mutluluk, huzur beyinden gelir. \u0130nsan\u0131n karakteri, kararlar\u0131, kaderi kafas\u0131nda \u015fekillenir. Baz\u0131lar\u0131 ba\u015ftan kazan\u0131rken, baz\u0131lar\u0131 \u2018kafadan\u2019 kaybeder! Beyin v\u00fccudun % 2\u2019si olsa da, geri kalan % 98\u2019i y\u00f6netiyor. \u00d6nemli bir i\u015f yapt\u0131\u011f\u0131ndan ba\u015f\u0131m\u0131z\u0131n \u00fcst\u00fcnde yeri var! Akl\u0131n makinesi olan beyin herkese \u2018bedava\u2019 veriliyor! \u00c7o\u011fumuz onu nas\u0131l \u00e7al\u0131\u015ft\u0131rmak gerekti\u011fini \u00f6\u011frenmiyoruz. O da kafam\u0131z\u0131n i\u00e7inde, kafas\u0131na g\u00f6re \u00e7al\u0131\u015f\u0131yor! \u00dcretti\u011fi duygu ve d\u00fc\u015f\u00fcncelerin sonucunu ise biz ya\u015f\u0131yoruz. Biz onu kullanmasak da o bizi kullanmaya devam ediyor. Ne d\u00fc\u015f\u00fcnece\u011fimizi, ne yapaca\u011f\u0131m\u0131z\u0131 belirliyor. Bu kitap beyne, beyni anlat\u0131yor. Akl\u0131n\u0131 ba\u015f\u0131na toplamak ve hayat\u0131n\u0131 \u2018ba\u015f\u2019tan a\u015fa\u011f\u0131 de\u011fi\u015ftirmek isteyenler i\u00e7in&#8230;<\/p>\n","protected":false},"excerpt":{"rendered":"<p>Her \u015fey beyinde ba\u015flar. Ba\u015far\u0131, mutluluk, huzur beyinden gelir. \u0130nsan\u0131n karakteri, kararlar\u0131, kaderi kafas\u0131nda \u015fekillenir. Baz\u0131lar\u0131 ba\u015ftan kazan\u0131rken, baz\u0131lar\u0131 \u2018kafadan\u2019 kaybeder! Beyin v\u00fccudun % 2\u2019si olsa<span class=\"excerpt-hellip\"> [\u2026]<\/span><\/p>\n","protected":false},"featured_media":0,"template":"","meta":{"_monsterinsights_skip_tracking":false,"_monsterinsights_sitenote_active":false,"_monsterinsights_sitenote_note":"","_monsterinsights_sitenote_category":0},"product_brand":[],"product_cat":[12364,12376],"product_tag":[],"class_list":{"0":"post-696482","1":"product","2":"type-product","3":"status-publish","5":"product_cat-genel-konular","6":"product_cat-kisisel-gelisim","7":"pa_cilt-ciltsiz","8":"pa_tur-kitap","9":"pa_yayinevi-alfa-yayinlari","10":"pa_yazar-mumin-sekman","12":"first","13":"instock","14":"sale","15":"shipping-taxable","16":"purchasable","17":"product-type-simple"},"_links":{"self":[{"href":"https:\/\/roveyayinevi.com.tr\/index.php\/wp-json\/wp\/v2\/product\/696482","targetHints":{"allow":["GET"]}}],"collection":[{"href":"https:\/\/roveyayinevi.com.tr\/index.php\/wp-json\/wp\/v2\/product"}],"about":[{"href":"https:\/\/roveyayinevi.com.tr\/index.php\/wp-json\/wp\/v2\/types\/product"}],"wp:attachment":[{"href":"https:\/\/roveyayinevi.com.tr\/index.php\/wp-json\/wp\/v2\/media?parent=696482"}],"wp:term":[{"taxonomy":"product_brand","embeddable":true,"href":"https:\/\/roveyayinevi.com.tr\/index.php\/wp-json\/wp\/v2\/product_brand?post=696482"},{"taxonomy":"product_cat","embeddable":true,"href":"https:\/\/roveyayinevi.com.tr\/index.php\/wp-json\/wp\/v2\/product_cat?post=696482"},{"taxonomy":"product_tag","embeddable":true,"href":"https:\/\/roveyayinevi.com.tr\/index.php\/wp-json\/wp\/v2\/product_tag?post=696482"}],"curies":[{"name":"wp","href":"https:\/\/api.w.org\/{rel}","templated":true}]}}