{"id":696478,"date":"2025-08-27T14:35:08","date_gmt":"2025-08-27T11:35:08","guid":{"rendered":"https:\/\/roveyayinevi.com.tr\/index.php\/urun\/arapca-gunluk-ifadeler-sozlugu\/"},"modified":"2025-12-30T09:45:45","modified_gmt":"2025-12-30T06:45:45","slug":"arapca-gunluk-ifadeler-sozlugu","status":"publish","type":"product","link":"https:\/\/roveyayinevi.com.tr\/index.php\/urun\/arapca-gunluk-ifadeler-sozlugu\/","title":{"rendered":"Arap\u00e7a G\u00fcnl\u00fck \u0130fadeler S\u00f6zl\u00fcg\u00fc"},"content":{"rendered":"<p>En Uygun Arap\u00e7a \u0130fadeyi Se\u00e7mek \u0130\u00e7in En Pratik K\u0131lavuz Bu \u00e7al\u0131\u015fma; temel ve s\u0131k\u00e7a kullan\u0131lan Arap\u00e7a ifadeler i\u00e7in en pratik bir ba\u015fvuru kayna\u011f\u0131d\u0131r. Kitaptaki yakla\u015f\u0131k 10.000 ifade: \u2022  Temel sosyal kar\u015f\u0131la\u015fmalar \u2022   Sa\u011fl\u0131k konular\u0131 \u2022   Finansal meseleler \u2022  Turistik aktiviteler \u2022   G\u00fcndelik ihtiya\u00e7lar\u0131 kar\u015f\u0131lama \u2022   Acil durumlar gibi olduk\u00e7a geni\u015f bir yelpazedeki sosyal konular\u0131 i\u00e7eren 20 ana b\u00f6l\u00fcmde okura sunulmaktad\u0131r. Bir\u00e7ok olas\u0131 ve uygun ifade ve ibareler, ilgili b\u00f6l\u00fcmlerde okurun zevkle takip edebilece\u011fi bir \u00fcslup i\u00e7erisinde takdim aktar\u0131lm\u0131\u015ft\u0131r. Dolay\u0131s\u0131yla Arap\u00e7a G\u00fcnl\u00fck \u0130fadeler S\u00f6zl\u00fc\u011f\u00fc okurun her g\u00fcn kar\u015f\u0131la\u015ft\u0131\u011f\u0131 de\u011fi\u015fik durumlarda Arap\u00e7a dil yetene\u011fini geni\u015f ve etkili olarak kullanmas\u0131n\u0131 sa\u011flayan e\u015fsiz bir k\u0131lavuzdur.<\/p>\n","protected":false},"excerpt":{"rendered":"<p>En Uygun Arap\u00e7a \u0130fadeyi Se\u00e7mek \u0130\u00e7in En Pratik K\u0131lavuz Bu \u00e7al\u0131\u015fma; temel ve s\u0131k\u00e7a kullan\u0131lan Arap\u00e7a ifadeler i\u00e7in en pratik bir ba\u015fvuru kayna\u011f\u0131d\u0131r. Kitaptaki yakla\u015f\u0131k 10.000<span class=\"excerpt-hellip\"> [\u2026]<\/span><\/p>\n","protected":false},"featured_media":0,"template":"","meta":{"_monsterinsights_skip_tracking":false,"_monsterinsights_sitenote_active":false,"_monsterinsights_sitenote_note":"","_monsterinsights_sitenote_category":0},"product_brand":[],"product_cat":[24144,12566,13611],"product_tag":[],"class_list":{"0":"post-696478","1":"product","2":"type-product","3":"status-publish","5":"product_cat-arapca-sozlukler","6":"product_cat-egitim","7":"product_cat-sozlukler-ve-konusma-kilavuzlari","8":"pa_cilt-ciltsiz","9":"pa_tur-kitap","10":"pa_yayinevi-alfa-yayinlari","11":"pa_yazar-huseyin-gunday-sener-sahin","13":"first","14":"instock","15":"sale","16":"shipping-taxable","17":"purchasable","18":"product-type-simple"},"_links":{"self":[{"href":"https:\/\/roveyayinevi.com.tr\/index.php\/wp-json\/wp\/v2\/product\/696478","targetHints":{"allow":["GET"]}}],"collection":[{"href":"https:\/\/roveyayinevi.com.tr\/index.php\/wp-json\/wp\/v2\/product"}],"about":[{"href":"https:\/\/roveyayinevi.com.tr\/index.php\/wp-json\/wp\/v2\/types\/product"}],"wp:attachment":[{"href":"https:\/\/roveyayinevi.com.tr\/index.php\/wp-json\/wp\/v2\/media?parent=696478"}],"wp:term":[{"taxonomy":"product_brand","embeddable":true,"href":"https:\/\/roveyayinevi.com.tr\/index.php\/wp-json\/wp\/v2\/product_brand?post=696478"},{"taxonomy":"product_cat","embeddable":true,"href":"https:\/\/roveyayinevi.com.tr\/index.php\/wp-json\/wp\/v2\/product_cat?post=696478"},{"taxonomy":"product_tag","embeddable":true,"href":"https:\/\/roveyayinevi.com.tr\/index.php\/wp-json\/wp\/v2\/product_tag?post=696478"}],"curies":[{"name":"wp","href":"https:\/\/api.w.org\/{rel}","templated":true}]}}