{"id":696477,"date":"2025-08-27T14:35:08","date_gmt":"2025-08-27T11:35:08","guid":{"rendered":"https:\/\/roveyayinevi.com.tr\/index.php\/urun\/iki-kisilik-yalnizlik\/"},"modified":"2026-03-26T17:38:40","modified_gmt":"2026-03-26T14:38:40","slug":"iki-kisilik-yalnizlik","status":"publish","type":"product","link":"https:\/\/roveyayinevi.com.tr\/index.php\/urun\/iki-kisilik-yalnizlik\/","title":{"rendered":"\u0130ki Ki\u015filik Yaln\u0131zl\u0131k"},"content":{"rendered":"<p>Bazen en a\u011f\u0131r yaln\u0131zl\u0131k, iki ki\u015fiyle ya\u015fan\u0131r. Sevgiyle ba\u015flar, suskunlukla biter baz\u0131 hik\u00e2yeler. Ya\u015fanm\u0131\u015f bir hik\u00e2yeden ilhamla yaz\u0131lm\u0131\u015f bu roman; bir evlili\u011fin duvarlar\u0131nda yank\u0131lanan suskunluklar\u0131, bast\u0131r\u0131lan hayk\u0131r\u0131\u015flar\u0131 ve g\u00f6rmezden gelinen ac\u0131lar\u0131 anlat\u0131yor. Sevmenin yetmedi\u011fi, anlaman\u0131n unutuldu\u011fu, susman\u0131n \u00e7\u0131\u011fl\u0131ktan daha \u00e7ok yank\u0131land\u0131\u011f\u0131 bir hayat\u0131n hik\u00e2yesi bu&#8230; &#8220;\u0130lk y\u0131llar ne g\u00fczeldi,&#8221; diyen bir kad\u0131n\u0131n suskun \u00e7\u0131\u011fl\u0131\u011f\u0131yla, &#8220;Ne olur, dinle beni,&#8221; diye yalvaran bir adam\u0131n ge\u00e7 kalm\u0131\u015f pi\u015fmanl\u0131\u011f\u0131&#8230; Aralar\u0131na giren kara bir g\u00f6lge&#8230; Uzakla\u015fan bedenler&#8230; Yabanc\u0131la\u015fan ruhlar&#8230; Ve sonunda&#8230; &#8220;Yaln\u0131zl\u0131k da iki ki\u015filik olabilir,&#8221; dedirtecek kadar derin bir hik\u00e2yeye d\u00f6n\u00fc\u015f\u00fcyor&#8230; Sahi, evlilik iki kalp aras\u0131nda ba\u015flayan ama zamanla iki yabanc\u0131ya d\u00f6n\u00fc\u015fen bir yolculuk mu? \u0130ki ki\u015fi bir \u00f6mre yetmedi\u011finde, yaln\u0131zl\u0131k da \u00e7ift ki\u015filik mi olur? \u0130ki Ki\u015filik Yaln\u0131zl\u0131k, her sat\u0131r\u0131 bir yara gibi, her sayfas\u0131 bir itiraf&#8230; <\/p>\n","protected":false},"excerpt":{"rendered":"<p>Bazen en a\u011f\u0131r yaln\u0131zl\u0131k, iki ki\u015fiyle ya\u015fan\u0131r. Sevgiyle ba\u015flar, suskunlukla biter baz\u0131 hik\u00e2yeler. Ya\u015fanm\u0131\u015f bir hik\u00e2yeden ilhamla yaz\u0131lm\u0131\u015f bu roman; bir evlili\u011fin duvarlar\u0131nda yank\u0131lanan suskunluklar\u0131, bast\u0131r\u0131lan<span class=\"excerpt-hellip\"> [\u2026]<\/span><\/p>\n","protected":false},"featured_media":0,"template":"","meta":{"_monsterinsights_skip_tracking":false,"_monsterinsights_sitenote_active":false,"_monsterinsights_sitenote_note":"","_monsterinsights_sitenote_category":0},"product_brand":[],"product_cat":[12291,12711],"product_tag":[],"class_list":{"0":"post-696477","1":"product","2":"type-product","3":"status-publish","5":"product_cat-edebiyat","6":"product_cat-roman-oyku","7":"pa_cilt-ciltsiz","8":"pa_tur-kitap","9":"pa_yayinevi-alfa-yayinlari","10":"pa_yazar-sinan-akyuz","12":"first","13":"instock","14":"sale","15":"shipping-taxable","16":"purchasable","17":"product-type-simple"},"_links":{"self":[{"href":"https:\/\/roveyayinevi.com.tr\/index.php\/wp-json\/wp\/v2\/product\/696477","targetHints":{"allow":["GET"]}}],"collection":[{"href":"https:\/\/roveyayinevi.com.tr\/index.php\/wp-json\/wp\/v2\/product"}],"about":[{"href":"https:\/\/roveyayinevi.com.tr\/index.php\/wp-json\/wp\/v2\/types\/product"}],"wp:attachment":[{"href":"https:\/\/roveyayinevi.com.tr\/index.php\/wp-json\/wp\/v2\/media?parent=696477"}],"wp:term":[{"taxonomy":"product_brand","embeddable":true,"href":"https:\/\/roveyayinevi.com.tr\/index.php\/wp-json\/wp\/v2\/product_brand?post=696477"},{"taxonomy":"product_cat","embeddable":true,"href":"https:\/\/roveyayinevi.com.tr\/index.php\/wp-json\/wp\/v2\/product_cat?post=696477"},{"taxonomy":"product_tag","embeddable":true,"href":"https:\/\/roveyayinevi.com.tr\/index.php\/wp-json\/wp\/v2\/product_tag?post=696477"}],"curies":[{"name":"wp","href":"https:\/\/api.w.org\/{rel}","templated":true}]}}