{"id":696465,"date":"2025-08-27T14:35:05","date_gmt":"2025-08-27T11:35:05","guid":{"rendered":"https:\/\/roveyayinevi.com.tr\/index.php\/urun\/guguk-gu-ile-aksak-saksak\/"},"modified":"2026-04-16T02:06:20","modified_gmt":"2026-04-15T23:06:20","slug":"guguk-gu-ile-aksak-saksak","status":"publish","type":"product","link":"https:\/\/roveyayinevi.com.tr\/index.php\/urun\/guguk-gu-ile-aksak-saksak\/","title":{"rendered":"Guguk Gu ile Aksak Saksak"},"content":{"rendered":"<p>K\u00fc\u00e7\u00fck okurlar\u0131n be\u011fenisine sunulan Alt\u0131n Do\u011fa \u00d6yk\u00fcleri\u2019nin iki yeni kitab\u0131, \u00e7ocuklar\u0131 farkl\u0131 d\u00fcnyalarla tan\u0131\u015ft\u0131r\u0131rken; s\u0131cac\u0131k \u00f6yk\u00fclerle yepyeni dostlar edinip, tan\u0131mad\u0131klar\u0131 gezegenlere yolculuk etmelerini sa\u011fl\u0131yor. Her \u00f6yk\u00fc, onlar\u0131n \u015fimdiye dek fark edemedikleri pek \u00e7ok g\u00fczelli\u011fin yan\u0131 ba\u015flar\u0131nda oldu\u011funu da anlat\u0131yor. \u00d6zg\u00fcn ve reng\u00e2renk resimlerle desteklenmi\u015f olan \u00f6yk\u00fcler, \u00e7ocuklar\u0131n hayal d\u00fcnyalar\u0131n\u0131 zenginle\u015ftirerek uzun s\u00fcre haf\u0131zalar\u0131ndan silinmeyecek ser\u00fcvenler ya\u015famalar\u0131n\u0131 ama\u00e7l\u0131yor. Haydi \u00e7ocuklar, reng\u00e2renk \u00e7i\u00e7ekler yeti\u015ftirip do\u011fay\u0131 yeniden ke\u015ffedelim. R\u00fcya gibi gezegenlere yolculuk ederek s\u0131cac\u0131k bir bahar ya\u015fayal\u0131m.<\/p>\n","protected":false},"excerpt":{"rendered":"<p>K\u00fc\u00e7\u00fck okurlar\u0131n be\u011fenisine sunulan Alt\u0131n Do\u011fa \u00d6yk\u00fcleri\u2019nin iki yeni kitab\u0131, \u00e7ocuklar\u0131 farkl\u0131 d\u00fcnyalarla tan\u0131\u015ft\u0131r\u0131rken; s\u0131cac\u0131k \u00f6yk\u00fclerle yepyeni dostlar edinip, tan\u0131mad\u0131klar\u0131 gezegenlere yolculuk etmelerini sa\u011fl\u0131yor. Her \u00f6yk\u00fc,<span class=\"excerpt-hellip\"> [\u2026]<\/span><\/p>\n","protected":false},"featured_media":0,"template":"","meta":{"_monsterinsights_skip_tracking":false,"_monsterinsights_sitenote_active":false,"_monsterinsights_sitenote_note":"","_monsterinsights_sitenote_category":0},"product_brand":[],"product_cat":[12274,12284],"product_tag":[],"class_list":{"0":"post-696465","1":"product","2":"type-product","3":"status-publish","5":"product_cat-cocuk-ve-genclik-kitaplari","6":"product_cat-hikayeler","7":"pa_cilt-ciltsiz","8":"pa_tur-kitap","9":"pa_yayinevi-altin-kitaplar-ozel-urun","10":"pa_yazar-nur-icozu","12":"first","13":"instock","14":"sale","15":"shipping-taxable","16":"purchasable","17":"product-type-simple"},"_links":{"self":[{"href":"https:\/\/roveyayinevi.com.tr\/index.php\/wp-json\/wp\/v2\/product\/696465","targetHints":{"allow":["GET"]}}],"collection":[{"href":"https:\/\/roveyayinevi.com.tr\/index.php\/wp-json\/wp\/v2\/product"}],"about":[{"href":"https:\/\/roveyayinevi.com.tr\/index.php\/wp-json\/wp\/v2\/types\/product"}],"wp:attachment":[{"href":"https:\/\/roveyayinevi.com.tr\/index.php\/wp-json\/wp\/v2\/media?parent=696465"}],"wp:term":[{"taxonomy":"product_brand","embeddable":true,"href":"https:\/\/roveyayinevi.com.tr\/index.php\/wp-json\/wp\/v2\/product_brand?post=696465"},{"taxonomy":"product_cat","embeddable":true,"href":"https:\/\/roveyayinevi.com.tr\/index.php\/wp-json\/wp\/v2\/product_cat?post=696465"},{"taxonomy":"product_tag","embeddable":true,"href":"https:\/\/roveyayinevi.com.tr\/index.php\/wp-json\/wp\/v2\/product_tag?post=696465"}],"curies":[{"name":"wp","href":"https:\/\/api.w.org\/{rel}","templated":true}]}}