{"id":696464,"date":"2025-08-27T14:35:05","date_gmt":"2025-08-27T11:35:05","guid":{"rendered":"https:\/\/roveyayinevi.com.tr\/index.php\/urun\/yesil-yol\/"},"modified":"2026-04-16T02:06:20","modified_gmt":"2026-04-15T23:06:20","slug":"yesil-yol","status":"publish","type":"product","link":"https:\/\/roveyayinevi.com.tr\/index.php\/urun\/yesil-yol\/","title":{"rendered":"Ye\u015fil Yol"},"content":{"rendered":"<p>Adaletsizli\u011fin, su\u00e7un ve korkunun kol gezdi\u011fi bir d\u00fcnyada, t\u00fcm k\u00f6t\u00fcl\u00fckleri emen iyilik dolu bir kalbin roman\u0131&#8230;Ac\u0131mas\u0131z katillerin bulundu\u011fu Could Mountain Hapishanesi E blo\u011funa ho\u015f geldiniz. Buradaki mahk\u00fbmlar &#8220;Ya\u015fl\u0131 Sparky&#8221; diye bilinen elektrikli sandalye i\u00e7in s\u0131ralar\u0131n\u0131 bekler, s\u0131ras\u0131 gelen, elektrikli sandalyeye \u201cYe\u015fil Yol\u201ddan y\u00fcr\u00fcyerek giderdi. Hapishane gardiyanlar\u0131ndan Paul Edgecombe i\u00e7in ise b\u00fct\u00fcn katiller ayn\u0131yd\u0131. Ta ki John Coffey ad\u0131ndaki siyahi bir mahk\u00fbmla tan\u0131\u015f\u0131ncaya dek. Bir \u00e7ocuk kadar saf olan dev c\u00fcsseli Coffey, iki k\u00fc\u00e7\u00fck k\u0131z\u0131 \u00f6ld\u00fcrmekten h\u00fck\u00fcm giymi\u015f, Ya\u015fl\u0131 Sparky ile tan\u0131\u015fmas\u0131na \u00e7ok da zaman kalmam\u0131\u015ft\u0131. Coffey\u2019nin h\u00fccresinde ge\u00e7irdi\u011fi zaman zarf\u0131nda ortaya \u00e7\u0131kan ola\u011fan\u00fcst\u00fc yetene\u011fi, Edgecombe\u2019un hayat\u0131n\u0131 ak\u0131l almaz bir bi\u00e7imde de\u011fi\u015ftirecekti&#8230;Stephen King\u2019in filme uyarlanan bu \u00fcnl\u00fc roman\u0131, en iyi film olmak \u00fczere d\u00f6rt dalda Oscar \u00f6d\u00fcl\u00fc kazanm\u0131\u015f, kitap t\u00fcm d\u00fcnyada fenomen olmu\u015ftur. <\/p>\n","protected":false},"excerpt":{"rendered":"<p>Adaletsizli\u011fin, su\u00e7un ve korkunun kol gezdi\u011fi bir d\u00fcnyada, t\u00fcm k\u00f6t\u00fcl\u00fckleri emen iyilik dolu bir kalbin roman\u0131&#8230;Ac\u0131mas\u0131z katillerin bulundu\u011fu Could Mountain Hapishanesi E blo\u011funa ho\u015f geldiniz. Buradaki<span class=\"excerpt-hellip\"> [\u2026]<\/span><\/p>\n","protected":false},"featured_media":0,"template":"","meta":{"_monsterinsights_skip_tracking":false,"_monsterinsights_sitenote_active":false,"_monsterinsights_sitenote_note":"","_monsterinsights_sitenote_category":0},"product_brand":[],"product_cat":[12291,17033],"product_tag":[],"class_list":{"0":"post-696464","1":"product","2":"type-product","3":"status-publish","5":"product_cat-edebiyat","6":"product_cat-korku-gerilim","7":"pa_cilt-ciltsiz","8":"pa_tur-kitap","9":"pa_yayinevi-altin-kitaplar","10":"pa_yazar-stephen-king","12":"first","13":"instock","14":"sale","15":"shipping-taxable","16":"purchasable","17":"product-type-simple"},"_links":{"self":[{"href":"https:\/\/roveyayinevi.com.tr\/index.php\/wp-json\/wp\/v2\/product\/696464","targetHints":{"allow":["GET"]}}],"collection":[{"href":"https:\/\/roveyayinevi.com.tr\/index.php\/wp-json\/wp\/v2\/product"}],"about":[{"href":"https:\/\/roveyayinevi.com.tr\/index.php\/wp-json\/wp\/v2\/types\/product"}],"wp:attachment":[{"href":"https:\/\/roveyayinevi.com.tr\/index.php\/wp-json\/wp\/v2\/media?parent=696464"}],"wp:term":[{"taxonomy":"product_brand","embeddable":true,"href":"https:\/\/roveyayinevi.com.tr\/index.php\/wp-json\/wp\/v2\/product_brand?post=696464"},{"taxonomy":"product_cat","embeddable":true,"href":"https:\/\/roveyayinevi.com.tr\/index.php\/wp-json\/wp\/v2\/product_cat?post=696464"},{"taxonomy":"product_tag","embeddable":true,"href":"https:\/\/roveyayinevi.com.tr\/index.php\/wp-json\/wp\/v2\/product_tag?post=696464"}],"curies":[{"name":"wp","href":"https:\/\/api.w.org\/{rel}","templated":true}]}}