{"id":696461,"date":"2025-08-27T14:35:04","date_gmt":"2025-08-27T11:35:04","guid":{"rendered":"https:\/\/roveyayinevi.com.tr\/index.php\/urun\/ve-perde-indi\/"},"modified":"2026-04-12T02:07:23","modified_gmt":"2026-04-11T23:07:23","slug":"ve-perde-indi","status":"publish","type":"product","link":"https:\/\/roveyayinevi.com.tr\/index.php\/urun\/ve-perde-indi\/","title":{"rendered":"Ve Perde \u0130ndi"},"content":{"rendered":"<p>Akl\u0131 jilet gibi keskin \u00e7al\u0131\u015fan Poirot, romatizma a\u011fr\u0131lar\u0131ndan k\u0131m\u0131ldayamaz hale gelince g\u00f6z\u00fc ve kula\u011f\u0131 olmas\u0131 i\u00e7in eski dostu Y\u00fczba\u015f\u0131 Hastings\u2019i Styles\u2019a yan\u0131na \u00e7a\u011f\u0131r\u0131r. Poirot su\u00e7lunun kimli\u011fini bildi\u011fi halde dostuna onun ismini s\u00f6ylemez ve onu X olarak tan\u0131mlar. \u00c7e\u015fitli cinayetlerin sorumlusu olan X, tekrar harekete ge\u00e7ecektir. Muhtemele bir cinayeti \u00f6nlemek i\u00e7in Poirot ve orta\u011f\u0131n\u0131n h\u0131zla eyleme ge\u00e7meleri gerekmektedir.<\/p>\n","protected":false},"excerpt":{"rendered":"<p>Akl\u0131 jilet gibi keskin \u00e7al\u0131\u015fan Poirot, romatizma a\u011fr\u0131lar\u0131ndan k\u0131m\u0131ldayamaz hale gelince g\u00f6z\u00fc ve kula\u011f\u0131 olmas\u0131 i\u00e7in eski dostu Y\u00fczba\u015f\u0131 Hastings\u2019i Styles\u2019a yan\u0131na \u00e7a\u011f\u0131r\u0131r. Poirot su\u00e7lunun kimli\u011fini<span class=\"excerpt-hellip\"> [\u2026]<\/span><\/p>\n","protected":false},"featured_media":0,"template":"","meta":{"_monsterinsights_skip_tracking":false,"_monsterinsights_sitenote_active":false,"_monsterinsights_sitenote_note":"","_monsterinsights_sitenote_category":0},"product_brand":[],"product_cat":[12291,12866],"product_tag":[],"class_list":{"0":"post-696461","1":"product","2":"type-product","3":"status-publish","5":"product_cat-edebiyat","6":"product_cat-ingiliz-edebiyati","7":"pa_cilt-ciltsiz","8":"pa_tur-kitap","9":"pa_yayinevi-altin-kitaplar","10":"pa_yazar-agatha-christie","12":"first","13":"instock","14":"sale","15":"shipping-taxable","16":"purchasable","17":"product-type-simple"},"_links":{"self":[{"href":"https:\/\/roveyayinevi.com.tr\/index.php\/wp-json\/wp\/v2\/product\/696461","targetHints":{"allow":["GET"]}}],"collection":[{"href":"https:\/\/roveyayinevi.com.tr\/index.php\/wp-json\/wp\/v2\/product"}],"about":[{"href":"https:\/\/roveyayinevi.com.tr\/index.php\/wp-json\/wp\/v2\/types\/product"}],"wp:attachment":[{"href":"https:\/\/roveyayinevi.com.tr\/index.php\/wp-json\/wp\/v2\/media?parent=696461"}],"wp:term":[{"taxonomy":"product_brand","embeddable":true,"href":"https:\/\/roveyayinevi.com.tr\/index.php\/wp-json\/wp\/v2\/product_brand?post=696461"},{"taxonomy":"product_cat","embeddable":true,"href":"https:\/\/roveyayinevi.com.tr\/index.php\/wp-json\/wp\/v2\/product_cat?post=696461"},{"taxonomy":"product_tag","embeddable":true,"href":"https:\/\/roveyayinevi.com.tr\/index.php\/wp-json\/wp\/v2\/product_tag?post=696461"}],"curies":[{"name":"wp","href":"https:\/\/api.w.org\/{rel}","templated":true}]}}