{"id":696459,"date":"2025-08-27T14:35:04","date_gmt":"2025-08-27T11:35:04","guid":{"rendered":"https:\/\/roveyayinevi.com.tr\/index.php\/urun\/ucuncu-kiz\/"},"modified":"2026-04-16T02:06:20","modified_gmt":"2026-04-15T23:06:20","slug":"ucuncu-kiz","status":"publish","type":"product","link":"https:\/\/roveyayinevi.com.tr\/index.php\/urun\/ucuncu-kiz\/","title":{"rendered":"\u00dc\u00e7\u00fcnc\u00fc K\u0131z"},"content":{"rendered":"<p>&#8220;Birinci s\u0131n\u0131f bir Agatha Christie roman\u0131.&#8221; Sunday Telegraph Londra\u2019da bir apartman kat\u0131nda ya\u015fayan \u00fc\u00e7 gen\u00e7 k\u0131z\u0131n birbirinden farkl\u0131 meslekleri vard\u0131r. K\u0131zlardan biri sanat galerisi y\u00f6neticisi di\u011feri yetenekli bir \u00f6zel sekreterdir. \u00dc\u00e7\u00fcnc\u00fc k\u0131z ise&#8230; Hercule Poirot her zamanki gibi kakaosunu i\u00e7erken \u00fc\u00e7\u00fcnc\u00fc k\u0131z kar\u015f\u0131s\u0131na dikilip bir cinayet i\u015fledi\u011fini s\u00f6yler ve oradan uzakla\u015f\u0131r. Poirot bu olay\u0131n ard\u0131ndan gen\u00e7 k\u0131z\u0131 ve ailesini ara\u015ft\u0131rmaya ba\u015flar. Bu arada gen\u00e7 k\u0131z ortadan kaybolmu\u015ftur. Gitgide karma\u015f\u0131kla\u015fan olaylar Poirot\u2019yu cevaplar\u0131 bilinmeyen sorular\u0131n pe\u015fine d\u00fc\u015f\u00fcr\u00fcr. K\u0131z su\u00e7lu mu, masum mu ya da deli mi? Poirot\u2019nun bu sorular\u0131 cevapland\u0131rabilmesi i\u00e7in sa\u011flam kan\u0131tlara ihtiyac\u0131 vard\u0131r&#8230;<\/p>\n","protected":false},"excerpt":{"rendered":"<p>&#8220;Birinci s\u0131n\u0131f bir Agatha Christie roman\u0131.&#8221; Sunday Telegraph Londra\u2019da bir apartman kat\u0131nda ya\u015fayan \u00fc\u00e7 gen\u00e7 k\u0131z\u0131n birbirinden farkl\u0131 meslekleri vard\u0131r. K\u0131zlardan biri sanat galerisi y\u00f6neticisi di\u011feri<span class=\"excerpt-hellip\"> [\u2026]<\/span><\/p>\n","protected":false},"featured_media":0,"template":"","meta":{"_monsterinsights_skip_tracking":false,"_monsterinsights_sitenote_active":false,"_monsterinsights_sitenote_note":"","_monsterinsights_sitenote_category":0},"product_brand":[],"product_cat":[12291,12866],"product_tag":[],"class_list":{"0":"post-696459","1":"product","2":"type-product","3":"status-publish","5":"product_cat-edebiyat","6":"product_cat-ingiliz-edebiyati","7":"pa_cilt-ciltsiz","8":"pa_tur-kitap","9":"pa_yayinevi-altin-kitaplar","10":"pa_yazar-agatha-christie","12":"first","13":"instock","14":"sale","15":"shipping-taxable","16":"purchasable","17":"product-type-simple"},"_links":{"self":[{"href":"https:\/\/roveyayinevi.com.tr\/index.php\/wp-json\/wp\/v2\/product\/696459","targetHints":{"allow":["GET"]}}],"collection":[{"href":"https:\/\/roveyayinevi.com.tr\/index.php\/wp-json\/wp\/v2\/product"}],"about":[{"href":"https:\/\/roveyayinevi.com.tr\/index.php\/wp-json\/wp\/v2\/types\/product"}],"wp:attachment":[{"href":"https:\/\/roveyayinevi.com.tr\/index.php\/wp-json\/wp\/v2\/media?parent=696459"}],"wp:term":[{"taxonomy":"product_brand","embeddable":true,"href":"https:\/\/roveyayinevi.com.tr\/index.php\/wp-json\/wp\/v2\/product_brand?post=696459"},{"taxonomy":"product_cat","embeddable":true,"href":"https:\/\/roveyayinevi.com.tr\/index.php\/wp-json\/wp\/v2\/product_cat?post=696459"},{"taxonomy":"product_tag","embeddable":true,"href":"https:\/\/roveyayinevi.com.tr\/index.php\/wp-json\/wp\/v2\/product_tag?post=696459"}],"curies":[{"name":"wp","href":"https:\/\/api.w.org\/{rel}","templated":true}]}}