{"id":696458,"date":"2025-08-27T14:35:03","date_gmt":"2025-08-27T11:35:03","guid":{"rendered":"https:\/\/roveyayinevi.com.tr\/index.php\/urun\/sutkusun-cocuklari\/"},"modified":"2026-04-16T02:06:20","modified_gmt":"2026-04-15T23:06:20","slug":"sutkusun-cocuklari","status":"publish","type":"product","link":"https:\/\/roveyayinevi.com.tr\/index.php\/urun\/sutkusun-cocuklari\/","title":{"rendered":"S\u00fctku\u015f&#8217;un \u00c7ocuklar\u0131"},"content":{"rendered":"<p>Hi\u00e7 ku\u015f olup, pencereden pencereye konup tan\u0131mad\u0131\u011f\u0131n\u0131z insanlar\u0131n sohbetlerini dinlemek, duygular\u0131n\u0131 payla\u015fmak istediniz mi?  Kahraman\u0131m\u0131z S\u00fctku\u015f, birbirinden de\u011fi\u015fik alt\u0131 \u00f6yk\u00fcde bilmedi\u011fi diyarlara u\u00e7arak tan\u0131mad\u0131\u011f\u0131 insanlar\u0131n hayatlar\u0131n\u0131 izliyor; uzaktan da olsa onlara sessizce arkada\u015fl\u0131k ediyor. Hayallerini, \u00fcmitlerini, sevin\u00e7lerini dinliyor; anlamaya \u00e7al\u0131\u015f\u0131yor ve hayat\u0131 \u00f6\u011freniyor. Haydi, siz de S\u00fctku\u015f&#8217;la birlikte yeni diyarlara u\u00e7un&#8230; G\u00fcne\u015f&#8217;le birlikte g\u00f6ky\u00fcz\u00fcn\u00fc boyay\u0131n; \u00c7\u0131nar&#8217;la birlikte mendil sat\u0131n; k\u0131na sa\u00e7l\u0131 k\u0131z\u0131n, babas\u0131yla yapt\u0131\u011f\u0131 sohbeti dinleyin; Mustafa&#8217;yla tan\u0131\u015f\u0131n; Kenan Dede&#8217;nin balkonuna misafir olun. Tan\u0131mad\u0131\u011f\u0131n\u0131z insanlar\u0131n dostluklar\u0131n\u0131, sevin\u00e7lerini, kayg\u0131lar\u0131n\u0131, hayatlar\u0131n\u0131 payla\u015f\u0131n. <\/p>\n","protected":false},"excerpt":{"rendered":"<p>Hi\u00e7 ku\u015f olup, pencereden pencereye konup tan\u0131mad\u0131\u011f\u0131n\u0131z insanlar\u0131n sohbetlerini dinlemek, duygular\u0131n\u0131 payla\u015fmak istediniz mi? Kahraman\u0131m\u0131z S\u00fctku\u015f, birbirinden de\u011fi\u015fik alt\u0131 \u00f6yk\u00fcde bilmedi\u011fi diyarlara u\u00e7arak tan\u0131mad\u0131\u011f\u0131 insanlar\u0131n hayatlar\u0131n\u0131<span class=\"excerpt-hellip\"> [\u2026]<\/span><\/p>\n","protected":false},"featured_media":0,"template":"","meta":{"_monsterinsights_skip_tracking":false,"_monsterinsights_sitenote_active":false,"_monsterinsights_sitenote_note":"","_monsterinsights_sitenote_category":0},"product_brand":[],"product_cat":[12275,12274],"product_tag":[],"class_list":{"0":"post-696458","1":"product","2":"type-product","3":"status-publish","5":"product_cat-6-12-yas-kitaplari","6":"product_cat-cocuk-ve-genclik-kitaplari","7":"pa_cilt-ciltsiz","8":"pa_tur-kitap","9":"pa_yayinevi-elma-cocuk","10":"pa_yazar-hulya-kibaroglu","12":"first","13":"instock","14":"sale","15":"shipping-taxable","16":"purchasable","17":"product-type-simple"},"_links":{"self":[{"href":"https:\/\/roveyayinevi.com.tr\/index.php\/wp-json\/wp\/v2\/product\/696458","targetHints":{"allow":["GET"]}}],"collection":[{"href":"https:\/\/roveyayinevi.com.tr\/index.php\/wp-json\/wp\/v2\/product"}],"about":[{"href":"https:\/\/roveyayinevi.com.tr\/index.php\/wp-json\/wp\/v2\/types\/product"}],"wp:attachment":[{"href":"https:\/\/roveyayinevi.com.tr\/index.php\/wp-json\/wp\/v2\/media?parent=696458"}],"wp:term":[{"taxonomy":"product_brand","embeddable":true,"href":"https:\/\/roveyayinevi.com.tr\/index.php\/wp-json\/wp\/v2\/product_brand?post=696458"},{"taxonomy":"product_cat","embeddable":true,"href":"https:\/\/roveyayinevi.com.tr\/index.php\/wp-json\/wp\/v2\/product_cat?post=696458"},{"taxonomy":"product_tag","embeddable":true,"href":"https:\/\/roveyayinevi.com.tr\/index.php\/wp-json\/wp\/v2\/product_tag?post=696458"}],"curies":[{"name":"wp","href":"https:\/\/api.w.org\/{rel}","templated":true}]}}