{"id":696456,"date":"2025-08-27T14:35:03","date_gmt":"2025-08-27T11:35:03","guid":{"rendered":"https:\/\/roveyayinevi.com.tr\/index.php\/urun\/kucuk-beyaz-ugur-bocegi\/"},"modified":"2026-04-16T02:06:20","modified_gmt":"2026-04-15T23:06:20","slug":"kucuk-beyaz-ugur-bocegi","status":"publish","type":"product","link":"https:\/\/roveyayinevi.com.tr\/index.php\/urun\/kucuk-beyaz-ugur-bocegi\/","title":{"rendered":"K\u00fc\u00e7\u00fck Beyaz U\u011fur B\u00f6ce\u011fi"},"content":{"rendered":"<p>Bu kitab\u0131; \u00e7ocuklar, \u00e7ocuk geli\u015fim uzmanlar\u0131, \u00f6\u011fretmenler ve aileler okuyup be\u011fendi. Sevgili arkada\u015flar, T\u00fcrkiye&#8217;nin d\u00f6rt bir yan\u0131na gidip u\u011fur b\u00f6cekleriyle birlikte okullarda, \u00c7ocuk sirgeme Kurumlar\u0131nda \u00fccretsiz e\u011fitimler veren g\u00fcler y\u00fczl\u00fc \u015eerif Amca \u015fimdi sizler i\u00e7in bir kitap yazd\u0131. Anlatacak hik\u00e2yeleri vard\u0131. B\u00fcy\u00fcrken fark etmeniz gereken \u015feyler oldu\u011funu biliyordu. &#8220;Gidip de g\u00f6remedi\u011fim \u00e7ocuk kalmas\u0131n; kelimelerimle, hik\u00e2yelerimle hepsine ula\u015fay\u0131m&#8221; dedi. Kitab\u0131 okurken kimlerle mi tan\u0131\u015facaks\u0131n\u0131z? Ger\u00e7ek U\u011fur B\u00f6cekleriyle. Dilerseniz siz de Beyaz U\u011fur B\u00f6ce\u011fi olabilirsiniz. Nas\u0131l m\u0131? \u015eerif Amca&#8217;n\u0131n \u00f6nerdi\u011fi iyilikleri yaparak. G\u00fcl\u00fcmseyerek b\u00fcy\u00fcmeniz dile\u011fiyle\u2026 <\/p>\n","protected":false},"excerpt":{"rendered":"<p>Bu kitab\u0131; \u00e7ocuklar, \u00e7ocuk geli\u015fim uzmanlar\u0131, \u00f6\u011fretmenler ve aileler okuyup be\u011fendi. Sevgili arkada\u015flar, T\u00fcrkiye&#8217;nin d\u00f6rt bir yan\u0131na gidip u\u011fur b\u00f6cekleriyle birlikte okullarda, \u00c7ocuk sirgeme Kurumlar\u0131nda \u00fccretsiz<span class=\"excerpt-hellip\"> [\u2026]<\/span><\/p>\n","protected":false},"featured_media":0,"template":"","meta":{"_monsterinsights_skip_tracking":false,"_monsterinsights_sitenote_active":false,"_monsterinsights_sitenote_note":"","_monsterinsights_sitenote_category":0},"product_brand":[],"product_cat":[12275,12274],"product_tag":[],"class_list":{"0":"post-696456","1":"product","2":"type-product","3":"status-publish","5":"product_cat-6-12-yas-kitaplari","6":"product_cat-cocuk-ve-genclik-kitaplari","7":"pa_cilt-ciltsiz","8":"pa_tur-kitap","9":"pa_yayinevi-elma-cocuk","10":"pa_yazar-ahmet-serif-izgoren","12":"first","13":"instock","14":"sale","15":"shipping-taxable","16":"purchasable","17":"product-type-simple"},"_links":{"self":[{"href":"https:\/\/roveyayinevi.com.tr\/index.php\/wp-json\/wp\/v2\/product\/696456","targetHints":{"allow":["GET"]}}],"collection":[{"href":"https:\/\/roveyayinevi.com.tr\/index.php\/wp-json\/wp\/v2\/product"}],"about":[{"href":"https:\/\/roveyayinevi.com.tr\/index.php\/wp-json\/wp\/v2\/types\/product"}],"wp:attachment":[{"href":"https:\/\/roveyayinevi.com.tr\/index.php\/wp-json\/wp\/v2\/media?parent=696456"}],"wp:term":[{"taxonomy":"product_brand","embeddable":true,"href":"https:\/\/roveyayinevi.com.tr\/index.php\/wp-json\/wp\/v2\/product_brand?post=696456"},{"taxonomy":"product_cat","embeddable":true,"href":"https:\/\/roveyayinevi.com.tr\/index.php\/wp-json\/wp\/v2\/product_cat?post=696456"},{"taxonomy":"product_tag","embeddable":true,"href":"https:\/\/roveyayinevi.com.tr\/index.php\/wp-json\/wp\/v2\/product_tag?post=696456"}],"curies":[{"name":"wp","href":"https:\/\/api.w.org\/{rel}","templated":true}]}}