{"id":696455,"date":"2025-08-27T14:35:03","date_gmt":"2025-08-27T11:35:03","guid":{"rendered":"https:\/\/roveyayinevi.com.tr\/index.php\/urun\/uyuyan-olum\/"},"modified":"2025-12-30T09:45:43","modified_gmt":"2025-12-30T06:45:43","slug":"uyuyan-olum","status":"publish","type":"product","link":"https:\/\/roveyayinevi.com.tr\/index.php\/urun\/uyuyan-olum\/","title":{"rendered":"Uyuyan \u00d6l\u00fcm"},"content":{"rendered":"<p>Gwenda yeni evine ta\u015f\u0131nd\u0131ktan k\u0131sa bir s\u00fcre sonra, garip olaylar meydana gelmeye ba\u015flar. Evi modern bir hale sokmak i\u00e7in verdi\u011fi u\u011fra\u015flara ra\u011fmen, evin \u00fcrk\u00fct\u00fcc\u00fc ge\u00e7mi\u015fiyle ilgili pek \u00e7ok \u015fey \u00f6\u011frenir. Daha k\u00f6t\u00fcs\u00fc, merdivenlerden \u00fcst kata her \u00e7\u0131k\u0131\u015f\u0131nda anlams\u0131z bir korku t\u00fcm benli\u011fini sarmaya ba\u015flar. Korkuya kap\u0131lan Gwenda hayat\u0131n\u0131 ku\u015fatan hayaletlerden kurtulmak i\u00e7in Miss Marple\u2019dan yard\u0131m ister. Ve iki kad\u0131n, y\u0131llarca \u00f6nce i\u015flenmi\u015f m\u00fckemmel bir cinayeti \u00e7\u00f6zmek i\u00e7in bir araya gelirler. \ufffcTan\u0131t\u0131m Metni<\/p>\n","protected":false},"excerpt":{"rendered":"<p>Gwenda yeni evine ta\u015f\u0131nd\u0131ktan k\u0131sa bir s\u00fcre sonra, garip olaylar meydana gelmeye ba\u015flar. Evi modern bir hale sokmak i\u00e7in verdi\u011fi u\u011fra\u015flara ra\u011fmen, evin \u00fcrk\u00fct\u00fcc\u00fc ge\u00e7mi\u015fiyle ilgili<span class=\"excerpt-hellip\"> [\u2026]<\/span><\/p>\n","protected":false},"featured_media":0,"template":"","meta":{"_monsterinsights_skip_tracking":false,"_monsterinsights_sitenote_active":false,"_monsterinsights_sitenote_note":"","_monsterinsights_sitenote_category":0},"product_brand":[],"product_cat":[12291,15445],"product_tag":[],"class_list":{"0":"post-696455","1":"product","2":"type-product","3":"status-publish","5":"product_cat-edebiyat","6":"product_cat-polisiye","7":"pa_tur-kitap","8":"pa_yayinevi-altin-kitaplar","9":"pa_yazar-agatha-christie","11":"first","12":"instock","13":"sale","14":"shipping-taxable","15":"purchasable","16":"product-type-simple"},"_links":{"self":[{"href":"https:\/\/roveyayinevi.com.tr\/index.php\/wp-json\/wp\/v2\/product\/696455","targetHints":{"allow":["GET"]}}],"collection":[{"href":"https:\/\/roveyayinevi.com.tr\/index.php\/wp-json\/wp\/v2\/product"}],"about":[{"href":"https:\/\/roveyayinevi.com.tr\/index.php\/wp-json\/wp\/v2\/types\/product"}],"wp:attachment":[{"href":"https:\/\/roveyayinevi.com.tr\/index.php\/wp-json\/wp\/v2\/media?parent=696455"}],"wp:term":[{"taxonomy":"product_brand","embeddable":true,"href":"https:\/\/roveyayinevi.com.tr\/index.php\/wp-json\/wp\/v2\/product_brand?post=696455"},{"taxonomy":"product_cat","embeddable":true,"href":"https:\/\/roveyayinevi.com.tr\/index.php\/wp-json\/wp\/v2\/product_cat?post=696455"},{"taxonomy":"product_tag","embeddable":true,"href":"https:\/\/roveyayinevi.com.tr\/index.php\/wp-json\/wp\/v2\/product_tag?post=696455"}],"curies":[{"name":"wp","href":"https:\/\/api.w.org\/{rel}","templated":true}]}}