{"id":696454,"date":"2025-08-27T14:35:02","date_gmt":"2025-08-27T11:35:02","guid":{"rendered":"https:\/\/roveyayinevi.com.tr\/index.php\/urun\/uc-perdelik-cinayet\/"},"modified":"2026-04-16T02:06:20","modified_gmt":"2026-04-15T23:06:20","slug":"uc-perdelik-cinayet","status":"publish","type":"product","link":"https:\/\/roveyayinevi.com.tr\/index.php\/urun\/uc-perdelik-cinayet\/","title":{"rendered":"\u00dc\u00e7 Perdelik Cinayet"},"content":{"rendered":"<p>\u00dcnl\u00fc bir tiyatro oyuncusunun evindeki ak\u015fam yeme\u011fine on \u00fc\u00e7 konuk davetlidir. Ne var ki konuklar aras\u0131nda bulunan yumu\u015fak huylu rahip Stephen Babbington \u015fanss\u0131z bir gecesindedir. Adamca\u011f\u0131z\u0131n yudum yudum i\u00e7ti\u011fi i\u00e7ki bo\u011faz\u0131na ka\u00e7ar ve \u00e7\u0131rp\u0131narak \u00f6l\u00fcr. Rahibin i\u00e7ki kadehi kimyasal analiz i\u00e7in adli t\u0131bba yollan\u0131nca, Poirot\u2019nun tahmin etti\u011fi sonu\u00e7 ortaya \u00e7\u0131kar: Kadehte zehir izine rastlanmam\u0131\u015ft\u0131r. \u015eimdi olduk\u00e7a karma\u015f\u0131k bir durum ortaya \u00e7\u0131km\u0131\u015ft\u0131r, \u00e7\u00fcnk\u00fc cinayet i\u015flemek i\u00e7in ge\u00e7erli bir neden de yoktur. \ufffcTan\u0131t\u0131m Metni<\/p>\n","protected":false},"excerpt":{"rendered":"<p>\u00dcnl\u00fc bir tiyatro oyuncusunun evindeki ak\u015fam yeme\u011fine on \u00fc\u00e7 konuk davetlidir. Ne var ki konuklar aras\u0131nda bulunan yumu\u015fak huylu rahip Stephen Babbington \u015fanss\u0131z bir gecesindedir. Adamca\u011f\u0131z\u0131n<span class=\"excerpt-hellip\"> [\u2026]<\/span><\/p>\n","protected":false},"featured_media":0,"template":"","meta":{"_monsterinsights_skip_tracking":false,"_monsterinsights_sitenote_active":false,"_monsterinsights_sitenote_note":"","_monsterinsights_sitenote_category":0},"product_brand":[],"product_cat":[12291,12866],"product_tag":[],"class_list":{"0":"post-696454","1":"product","2":"type-product","3":"status-publish","5":"product_cat-edebiyat","6":"product_cat-ingiliz-edebiyati","7":"pa_cilt-ciltsiz","8":"pa_tur-kitap","9":"pa_yayinevi-altin-kitaplar","10":"pa_yazar-agatha-christie","12":"first","13":"instock","14":"sale","15":"shipping-taxable","16":"purchasable","17":"product-type-simple"},"_links":{"self":[{"href":"https:\/\/roveyayinevi.com.tr\/index.php\/wp-json\/wp\/v2\/product\/696454","targetHints":{"allow":["GET"]}}],"collection":[{"href":"https:\/\/roveyayinevi.com.tr\/index.php\/wp-json\/wp\/v2\/product"}],"about":[{"href":"https:\/\/roveyayinevi.com.tr\/index.php\/wp-json\/wp\/v2\/types\/product"}],"wp:attachment":[{"href":"https:\/\/roveyayinevi.com.tr\/index.php\/wp-json\/wp\/v2\/media?parent=696454"}],"wp:term":[{"taxonomy":"product_brand","embeddable":true,"href":"https:\/\/roveyayinevi.com.tr\/index.php\/wp-json\/wp\/v2\/product_brand?post=696454"},{"taxonomy":"product_cat","embeddable":true,"href":"https:\/\/roveyayinevi.com.tr\/index.php\/wp-json\/wp\/v2\/product_cat?post=696454"},{"taxonomy":"product_tag","embeddable":true,"href":"https:\/\/roveyayinevi.com.tr\/index.php\/wp-json\/wp\/v2\/product_tag?post=696454"}],"curies":[{"name":"wp","href":"https:\/\/api.w.org\/{rel}","templated":true}]}}