{"id":696452,"date":"2025-08-27T14:35:02","date_gmt":"2025-08-27T11:35:02","guid":{"rendered":"https:\/\/roveyayinevi.com.tr\/index.php\/urun\/hafizana-hukmet\/"},"modified":"2025-12-30T09:45:42","modified_gmt":"2025-12-30T06:45:42","slug":"hafizana-hukmet","status":"publish","type":"product","link":"https:\/\/roveyayinevi.com.tr\/index.php\/urun\/hafizana-hukmet\/","title":{"rendered":"Haf\u0131zana H\u00fckmet"},"content":{"rendered":"<p>&#8211; Haf\u0131za kapasitenizi iki kat\u0131na \u00e7\u0131kar\u0131n. &#8211; \u0130ki saatten az bir s\u00fcrede 100 maddelik bir listeyi m\u00fckemmel bi\u00e7imde ezberleyin. &#8211; D\u00fcnyan\u0131n en b\u00fcy\u00fck sanat\u00e7\u0131lar\u0131, bestecileri ve yazarlar\u0131 hakk\u0131ndaki bilgilerinizi geni\u015fletin. &#8211; IQ\u2019nuzu y\u00fckseltin ve hayat\u0131n her alan\u0131nda b\u00fcy\u00fck ba\u015far\u0131lar kazan\u0131n. &#8211; Telefon numaralar\u0131n\u0131 ve di\u011fer \u00f6nemli rakamlar\u0131 hat\u0131rlay\u0131n. Tony Buzan\u2019\u0131n devrim yaratan Zihin Seti kitaplar\u0131ndan biri olan bunun i\u00e7in tasarland\u0131. Kitab\u0131n bu bask\u0131s\u0131 sizi, son milenyumun en b\u00fcy\u00fck haf\u0131za icatlar\u0131ndan biri olan Kendini Geli\u015ftiren Usta Haf\u0131za Matrisi (Sem) ile tan\u0131\u015ft\u0131r\u0131yor. Bu teknikle, on maddeden 50 bin maddeye kadar her \u015feyi eskisine oranla \u00e7ok daha kolay ezberleyebileceksiniz. Tony Buzan, Zihin Haritalar\u0131\u2019n\u0131n mucidi, beyin ve \u00f6\u011frenme konular\u0131nda d\u00fcnyan\u0131n \u00f6nde gelen otoritelerinden biridir. Kitaplar\u0131 y\u00fczden fazla \u00fclkede b\u00fcy\u00fck ba\u015far\u0131lara ula\u015ft\u0131 ve 30 dile \u00e7evrildi. Buzan, d\u00fcnyan\u0131n her yerinde konferanslar veriyor, say\u0131s\u0131z \u00e7okuluslu \u015firkete ve h\u00fck\u00fcmete dan\u0131\u015fmanl\u0131k yap\u0131yor. Ayn\u0131 zamanda Brain Foundation\u2019un (Beyin Vakf\u0131) Ba\u015fkan\u0131, Brain Trust Charity\u2019nin (Beyin Yard\u0131msevenler Vakf\u0131), D\u00fcnya Haf\u0131za \u015eampiyonas\u0131 ile D\u00fcnya Beyin \u015eampiyonas\u0131\u2019n\u0131n da kurucusudur. \ufffcTan\u0131t\u0131m Metni<\/p>\n","protected":false},"excerpt":{"rendered":"<p>&#8211; Haf\u0131za kapasitenizi iki kat\u0131na \u00e7\u0131kar\u0131n. &#8211; \u0130ki saatten az bir s\u00fcrede 100 maddelik bir listeyi m\u00fckemmel bi\u00e7imde ezberleyin. &#8211; D\u00fcnyan\u0131n en b\u00fcy\u00fck sanat\u00e7\u0131lar\u0131, bestecileri ve<span class=\"excerpt-hellip\"> [\u2026]<\/span><\/p>\n","protected":false},"featured_media":0,"template":"","meta":{"_monsterinsights_skip_tracking":false,"_monsterinsights_sitenote_active":false,"_monsterinsights_sitenote_note":"","_monsterinsights_sitenote_category":0},"product_brand":[],"product_cat":[12364,12376],"product_tag":[],"class_list":{"0":"post-696452","1":"product","2":"type-product","3":"status-publish","5":"product_cat-genel-konular","6":"product_cat-kisisel-gelisim","7":"pa_cilt-ciltsiz","8":"pa_tur-kitap","9":"pa_yayinevi-alfa-yayinlari","10":"pa_yazar-tony-buzan","12":"first","13":"onbackorder","14":"sale","15":"shipping-taxable","16":"purchasable","17":"product-type-simple"},"_links":{"self":[{"href":"https:\/\/roveyayinevi.com.tr\/index.php\/wp-json\/wp\/v2\/product\/696452","targetHints":{"allow":["GET"]}}],"collection":[{"href":"https:\/\/roveyayinevi.com.tr\/index.php\/wp-json\/wp\/v2\/product"}],"about":[{"href":"https:\/\/roveyayinevi.com.tr\/index.php\/wp-json\/wp\/v2\/types\/product"}],"wp:attachment":[{"href":"https:\/\/roveyayinevi.com.tr\/index.php\/wp-json\/wp\/v2\/media?parent=696452"}],"wp:term":[{"taxonomy":"product_brand","embeddable":true,"href":"https:\/\/roveyayinevi.com.tr\/index.php\/wp-json\/wp\/v2\/product_brand?post=696452"},{"taxonomy":"product_cat","embeddable":true,"href":"https:\/\/roveyayinevi.com.tr\/index.php\/wp-json\/wp\/v2\/product_cat?post=696452"},{"taxonomy":"product_tag","embeddable":true,"href":"https:\/\/roveyayinevi.com.tr\/index.php\/wp-json\/wp\/v2\/product_tag?post=696452"}],"curies":[{"name":"wp","href":"https:\/\/api.w.org\/{rel}","templated":true}]}}