{"id":696451,"date":"2025-08-27T14:35:02","date_gmt":"2025-08-27T11:35:02","guid":{"rendered":"https:\/\/roveyayinevi.com.tr\/index.php\/urun\/guclu-hafiza\/"},"modified":"2025-08-27T14:35:02","modified_gmt":"2025-08-27T11:35:02","slug":"guclu-hafiza","status":"publish","type":"product","link":"https:\/\/roveyayinevi.com.tr\/index.php\/urun\/guclu-hafiza\/","title":{"rendered":"G\u00fc\u00e7l\u00fc Haf\u0131za"},"content":{"rendered":"<p>Ara\u015ft\u0131rmalar g\u00f6steriyor k, haf\u0131zas\u0131n\u0131 e\u011fitmemi\u015f ki\u015filer \u00f6\u011frendiklerinin y\u00fczde seksenini 24 saat i\u00e7inde unutuyorlar. G\u00fc\u00e7l\u00fc Haf\u0131za, unutmay\u0131 azaltmak ve hat\u0131rlamay\u0131 \u00e7o\u011faltmak i\u00e7in kapsaml\u0131 ve sistematik program sunuyor. Bu programda neler mi var? Beyin g\u00fcc\u00fcn\u00fc tan\u0131mak ve kullanmak G\u00fc\u00e7l\u00fc haf\u0131za destek sistemleri \u0130simleri ve y\u00fczleri hat\u0131rlamak Okuduklar\u0131m\u0131z\u0131 belle\u011fe kaz\u0131mak Haf\u0131za tipine uygun \u00f6\u011frenmek Sa\u011f ve sol beyni aktif kullanmak G\u00fc\u00e7l\u00fc Haf\u0131za, beyin g\u00fcc\u00fcn\u00fc kullanarak kariyerinde ve \u00f6zel hayat\u0131nda y\u00fckselmek isteyenler i\u00e7indir. \u00d6zelikle \u00f6\u011frenciler i\u00e7in, vazge\u00e7ilemez bir yard\u0131mc\u0131 kaynakt\u0131r.<\/p>\n","protected":false},"excerpt":{"rendered":"<p>Ara\u015ft\u0131rmalar g\u00f6steriyor k, haf\u0131zas\u0131n\u0131 e\u011fitmemi\u015f ki\u015filer \u00f6\u011frendiklerinin y\u00fczde seksenini 24 saat i\u00e7inde unutuyorlar. G\u00fc\u00e7l\u00fc Haf\u0131za, unutmay\u0131 azaltmak ve hat\u0131rlamay\u0131 \u00e7o\u011faltmak i\u00e7in kapsaml\u0131 ve sistematik program sunuyor.<span class=\"excerpt-hellip\"> [\u2026]<\/span><\/p>\n","protected":false},"featured_media":0,"template":"","meta":{"_monsterinsights_skip_tracking":false,"_monsterinsights_sitenote_active":false,"_monsterinsights_sitenote_note":"","_monsterinsights_sitenote_category":0},"product_brand":[],"product_cat":[12364,12376],"product_tag":[],"class_list":{"0":"post-696451","1":"product","2":"type-product","3":"status-publish","5":"product_cat-genel-konular","6":"product_cat-kisisel-gelisim","7":"pa_cilt-ciltsiz","8":"pa_tur-kitap","9":"pa_yayinevi-alfa-yayinlari","10":"pa_yazar-ahmet-yildiz","12":"first","13":"instock","14":"sale","15":"shipping-taxable","16":"purchasable","17":"product-type-simple"},"_links":{"self":[{"href":"https:\/\/roveyayinevi.com.tr\/index.php\/wp-json\/wp\/v2\/product\/696451","targetHints":{"allow":["GET"]}}],"collection":[{"href":"https:\/\/roveyayinevi.com.tr\/index.php\/wp-json\/wp\/v2\/product"}],"about":[{"href":"https:\/\/roveyayinevi.com.tr\/index.php\/wp-json\/wp\/v2\/types\/product"}],"wp:attachment":[{"href":"https:\/\/roveyayinevi.com.tr\/index.php\/wp-json\/wp\/v2\/media?parent=696451"}],"wp:term":[{"taxonomy":"product_brand","embeddable":true,"href":"https:\/\/roveyayinevi.com.tr\/index.php\/wp-json\/wp\/v2\/product_brand?post=696451"},{"taxonomy":"product_cat","embeddable":true,"href":"https:\/\/roveyayinevi.com.tr\/index.php\/wp-json\/wp\/v2\/product_cat?post=696451"},{"taxonomy":"product_tag","embeddable":true,"href":"https:\/\/roveyayinevi.com.tr\/index.php\/wp-json\/wp\/v2\/product_tag?post=696451"}],"curies":[{"name":"wp","href":"https:\/\/api.w.org\/{rel}","templated":true}]}}