{"id":696449,"date":"2025-08-27T14:35:01","date_gmt":"2025-08-27T11:35:01","guid":{"rendered":"https:\/\/roveyayinevi.com.tr\/index.php\/urun\/kizil-nehirler\/"},"modified":"2026-04-16T02:06:20","modified_gmt":"2026-04-15T23:06:20","slug":"kizil-nehirler","status":"publish","type":"product","link":"https:\/\/roveyayinevi.com.tr\/index.php\/urun\/kizil-nehirler\/","title":{"rendered":"K\u0131z\u0131l Nehirler"},"content":{"rendered":"<p>Biz Efendileriz, Biz K\u00f6leleriz. Biz Her Yerdeyiz, Hem de Hi\u00e7bir Yerde. Biz Karar Verenleriz. K\u0131z\u0131l Nehirlerin Hakimiyiz. Kalbinize g\u00fcvenmiyorsan\u0131z ya da ocakta yeme\u011finiz varsa, bu kitab\u0131 okumaya ba\u015flamay\u0131n. Grange\u2019nin s\u0131n\u0131r tan\u0131mayan hayal g\u00fcc\u00fc, s\u00fcrekli artan gerilim, etkileyici karakterler, birbirinden korkun\u00e7 cinayetler; hepsi daha ilk sat\u0131rlardan itibaren size h\u00fckmedecek&#8230; K\u0131z\u0131l Nehirler sadece Fransa\u2019da 450.000 satt\u0131 ve 20 dile \u00e7evrildi. Soluk kesen bir tempo. \u0130nsan\u0131 hemen saran bir hikaye. \u00c7ok ger\u00e7ek\u00e7i \u015fiddet sahneleri. \u0130ki s\u0131rad\u0131\u015f\u0131 insan\u0131n \u00e7evresinde geli\u015fen olaylar: biri enerji dolu, tecr\u00fcbeli bir polis, di\u011feri sokaklardan gelme Ma\u011fripli bir \u00e7aylak&#8230; \u0130nsan\u0131 daha ilk sayfalardan itibaren sarsan, alt\u00fcst eden, yutan o kitaplardan biri. Sizi s\u00fcrekli olarak gerilimin s\u0131n\u0131rlar\u0131nda dola\u015ft\u0131racak; akkor haline gelmi\u015f bir telin \u00fczerinde y\u00fcr\u00fcyormu\u015f hissi verecek kusursuz bir thriller. -Le Monde- James Ellroy ve Thomas Harris etkisinde bir seri cinayet hikayesi. -Le Nouvel Observateur- Grange inan\u0131lmaz bir ustal\u0131kla, insan\u0131 \u015fa\u015fk\u0131na \u00e7eviren kusursuz bir roman yazmay\u0131 ba\u015farm\u0131\u015f. Okur romandan \u015fok halinde ve kitab\u0131n bitmi\u015f olmas\u0131ndan duydu\u011fu bo\u015fluk i\u00e7inde \u00e7\u0131k\u0131yor. -Le Point- Polisiye-gerilim romanlar\u0131n\u0131n Anglosaksonlar\u0131n i\u015fi oldu\u011fu s\u00f6ylenirdi. Grange \u2018K\u0131z\u0131l Nehirler\u2019le, sadece bir Frans\u0131z yazar\u0131n bu t\u00fcrde yazabilece\u011fini de\u011fil, ayn\u0131 zamanda Anglosaksonlara ger\u00e7ekten s\u0131k\u0131 bir rakip olaca\u011f\u0131m\u0131 da kan\u0131tl\u0131yor. -Le Magazine litteraire- \u2018Kuzular\u0131n Sessizli\u011fi\u2019nden bu yana yaz\u0131lm\u0131\u015f en iyi gerilim roman\u0131. -Le Figaro- \ufffc<\/p>\n","protected":false},"excerpt":{"rendered":"<p>Biz Efendileriz, Biz K\u00f6leleriz. Biz Her Yerdeyiz, Hem de Hi\u00e7bir Yerde. Biz Karar Verenleriz. K\u0131z\u0131l Nehirlerin Hakimiyiz. Kalbinize g\u00fcvenmiyorsan\u0131z ya da ocakta yeme\u011finiz varsa, bu kitab\u0131<span class=\"excerpt-hellip\"> [\u2026]<\/span><\/p>\n","protected":false},"featured_media":0,"template":"","meta":{"_monsterinsights_skip_tracking":false,"_monsterinsights_sitenote_active":false,"_monsterinsights_sitenote_note":"","_monsterinsights_sitenote_category":0},"product_brand":[],"product_cat":[12291,13376],"product_tag":[],"class_list":{"0":"post-696449","1":"product","2":"type-product","3":"status-publish","5":"product_cat-edebiyat","6":"product_cat-fransiz-edebiyati","7":"pa_cilt-ciltsiz","8":"pa_tur-kitap","9":"pa_yayinevi-dogan-kitap","10":"pa_yazar-jean-christophe-grange","12":"first","13":"instock","14":"sale","15":"shipping-taxable","16":"purchasable","17":"product-type-simple"},"_links":{"self":[{"href":"https:\/\/roveyayinevi.com.tr\/index.php\/wp-json\/wp\/v2\/product\/696449","targetHints":{"allow":["GET"]}}],"collection":[{"href":"https:\/\/roveyayinevi.com.tr\/index.php\/wp-json\/wp\/v2\/product"}],"about":[{"href":"https:\/\/roveyayinevi.com.tr\/index.php\/wp-json\/wp\/v2\/types\/product"}],"wp:attachment":[{"href":"https:\/\/roveyayinevi.com.tr\/index.php\/wp-json\/wp\/v2\/media?parent=696449"}],"wp:term":[{"taxonomy":"product_brand","embeddable":true,"href":"https:\/\/roveyayinevi.com.tr\/index.php\/wp-json\/wp\/v2\/product_brand?post=696449"},{"taxonomy":"product_cat","embeddable":true,"href":"https:\/\/roveyayinevi.com.tr\/index.php\/wp-json\/wp\/v2\/product_cat?post=696449"},{"taxonomy":"product_tag","embeddable":true,"href":"https:\/\/roveyayinevi.com.tr\/index.php\/wp-json\/wp\/v2\/product_tag?post=696449"}],"curies":[{"name":"wp","href":"https:\/\/api.w.org\/{rel}","templated":true}]}}