{"id":696444,"date":"2025-08-27T14:35:00","date_gmt":"2025-08-27T11:35:00","guid":{"rendered":"https:\/\/roveyayinevi.com.tr\/index.php\/urun\/ruhsal-astroloji\/"},"modified":"2026-04-16T02:06:20","modified_gmt":"2026-04-15T23:06:20","slug":"ruhsal-astroloji","status":"publish","type":"product","link":"https:\/\/roveyayinevi.com.tr\/index.php\/urun\/ruhsal-astroloji\/","title":{"rendered":"Ruhsal Astroloji"},"content":{"rendered":"<p>*Ki\u015fili\u011finiz, ger\u00e7ek ya\u015fam amac\u0131n\u0131z, \u00f6nemli hedefleriniz, en derin arzular\u0131n\u0131z ve gereksinimleriniz *Bu hayatta geli\u015ftirebilece\u011finiz \u00f6zel yetenekleriniz, ve ba\u015far\u0131l\u0131 olabilece\u011finiz meslekler *Ki\u015fili\u011finizde bulunan, ger\u00e7ek ya\u015fam amac\u0131n\u0131za ula\u015fman\u0131z\u0131 engelleyebilecek olumsuz e\u011filimler, ve onlar\u0131 nas\u0131l a\u015fabilece\u011finiz *Size kal\u0131c\u0131 bir doyum getirebilecek ili\u015fki stratejileri, ve sevdiklerinizi sizden uzakla\u015ft\u0131rabilecek davran\u0131\u015flar\u0131n\u0131z *Ge\u00e7mi\u015f ya\u015famlar\u0131n\u0131zdan gelen, kolayca i\u00e7ine d\u00fc\u015ft\u00fc\u011f\u00fcn\u00fcz ve ka\u00e7\u0131nman\u0131z gereken tuzak *Olumlu enerjinizi ortaya \u00e7\u0131karman\u0131za ve size ger\u00e7ek mutlulu\u011fu getirebilecek nitelikleri g\u00fc\u00e7lendirmenize yararl\u0131 olacak iyile\u015ftirici onaylamalar *K\u0131sacas\u0131, bu hayatta ger\u00e7ekle\u015ftirebilece\u011finiz ruhsal kaderiniz! &#8216;Bu kitap zihinleri ve ruhlar\u0131 ayd\u0131nlatacak, ili\u015fkileri zenginle\u015ftirecek, yarat\u0131c\u0131 olanaklar\u0131 geni\u015fletecek, ve ya\u015famlar\u0131 de\u011fi\u015ftirecektir.&#8217;<\/p>\n","protected":false},"excerpt":{"rendered":"<p>*Ki\u015fili\u011finiz, ger\u00e7ek ya\u015fam amac\u0131n\u0131z, \u00f6nemli hedefleriniz, en derin arzular\u0131n\u0131z ve gereksinimleriniz *Bu hayatta geli\u015ftirebilece\u011finiz \u00f6zel yetenekleriniz, ve ba\u015far\u0131l\u0131 olabilece\u011finiz meslekler *Ki\u015fili\u011finizde bulunan, ger\u00e7ek ya\u015fam amac\u0131n\u0131za ula\u015fman\u0131z\u0131<span class=\"excerpt-hellip\"> [\u2026]<\/span><\/p>\n","protected":false},"featured_media":0,"template":"","meta":{"_monsterinsights_skip_tracking":false,"_monsterinsights_sitenote_active":false,"_monsterinsights_sitenote_note":"","_monsterinsights_sitenote_category":0},"product_brand":[],"product_cat":[18082,15563],"product_tag":[],"class_list":{"0":"post-696444","1":"product","2":"type-product","3":"status-publish","5":"product_cat-astroloji-fal-ruya","6":"product_cat-hobi","7":"pa_cilt-ciltsiz","8":"pa_tur-kitap","9":"pa_yayinevi-akasa-yayinlari","10":"pa_yazar-jan-spiller","12":"first","13":"instock","14":"sale","15":"shipping-taxable","16":"purchasable","17":"product-type-simple"},"_links":{"self":[{"href":"https:\/\/roveyayinevi.com.tr\/index.php\/wp-json\/wp\/v2\/product\/696444","targetHints":{"allow":["GET"]}}],"collection":[{"href":"https:\/\/roveyayinevi.com.tr\/index.php\/wp-json\/wp\/v2\/product"}],"about":[{"href":"https:\/\/roveyayinevi.com.tr\/index.php\/wp-json\/wp\/v2\/types\/product"}],"wp:attachment":[{"href":"https:\/\/roveyayinevi.com.tr\/index.php\/wp-json\/wp\/v2\/media?parent=696444"}],"wp:term":[{"taxonomy":"product_brand","embeddable":true,"href":"https:\/\/roveyayinevi.com.tr\/index.php\/wp-json\/wp\/v2\/product_brand?post=696444"},{"taxonomy":"product_cat","embeddable":true,"href":"https:\/\/roveyayinevi.com.tr\/index.php\/wp-json\/wp\/v2\/product_cat?post=696444"},{"taxonomy":"product_tag","embeddable":true,"href":"https:\/\/roveyayinevi.com.tr\/index.php\/wp-json\/wp\/v2\/product_tag?post=696444"}],"curies":[{"name":"wp","href":"https:\/\/api.w.org\/{rel}","templated":true}]}}