{"id":696439,"date":"2025-08-27T14:34:59","date_gmt":"2025-08-27T11:34:59","guid":{"rendered":"https:\/\/roveyayinevi.com.tr\/index.php\/urun\/kutlu-bir-ask\/"},"modified":"2026-04-16T02:06:20","modified_gmt":"2026-04-15T23:06:20","slug":"kutlu-bir-ask","status":"publish","type":"product","link":"https:\/\/roveyayinevi.com.tr\/index.php\/urun\/kutlu-bir-ask\/","title":{"rendered":"Kutlu Bir A\u015fk"},"content":{"rendered":"<p>\u00c7evresinde d\u00fcr\u00fcstl\u00fc\u011f\u00fcn sembol\u00fc olmu\u015f Z\u00fcbeyir G\u00fcnd\u00fczalp, askerden yeni gelmi\u015fti. Y\u00fcre\u011fini hasretlik yakan karde\u015fi S\u0131d\u0131ka, \ufffcTan\u0131t\u0131m Metni<\/p>\n","protected":false},"excerpt":{"rendered":"<p>\u00c7evresinde d\u00fcr\u00fcstl\u00fc\u011f\u00fcn sembol\u00fc olmu\u015f Z\u00fcbeyir G\u00fcnd\u00fczalp, askerden yeni gelmi\u015fti. Y\u00fcre\u011fini hasretlik yakan karde\u015fi S\u0131d\u0131ka, \ufffcTan\u0131t\u0131m Metni<\/p>\n","protected":false},"featured_media":0,"template":"","meta":{"_monsterinsights_skip_tracking":false,"_monsterinsights_sitenote_active":false,"_monsterinsights_sitenote_note":"","_monsterinsights_sitenote_category":0},"product_brand":[],"product_cat":[12718,18102,12719],"product_tag":[],"class_list":{"0":"post-696439","1":"product","2":"type-product","3":"status-publish","5":"product_cat-din","6":"product_cat-edebiyat-roman","7":"product_cat-islam","8":"pa_tur-kitap","9":"pa_yayinevi-nesil-yayinlari","10":"pa_yazar-halit-ertugrul","12":"first","13":"instock","14":"sale","15":"shipping-taxable","16":"purchasable","17":"product-type-simple"},"_links":{"self":[{"href":"https:\/\/roveyayinevi.com.tr\/index.php\/wp-json\/wp\/v2\/product\/696439","targetHints":{"allow":["GET"]}}],"collection":[{"href":"https:\/\/roveyayinevi.com.tr\/index.php\/wp-json\/wp\/v2\/product"}],"about":[{"href":"https:\/\/roveyayinevi.com.tr\/index.php\/wp-json\/wp\/v2\/types\/product"}],"wp:attachment":[{"href":"https:\/\/roveyayinevi.com.tr\/index.php\/wp-json\/wp\/v2\/media?parent=696439"}],"wp:term":[{"taxonomy":"product_brand","embeddable":true,"href":"https:\/\/roveyayinevi.com.tr\/index.php\/wp-json\/wp\/v2\/product_brand?post=696439"},{"taxonomy":"product_cat","embeddable":true,"href":"https:\/\/roveyayinevi.com.tr\/index.php\/wp-json\/wp\/v2\/product_cat?post=696439"},{"taxonomy":"product_tag","embeddable":true,"href":"https:\/\/roveyayinevi.com.tr\/index.php\/wp-json\/wp\/v2\/product_tag?post=696439"}],"curies":[{"name":"wp","href":"https:\/\/api.w.org\/{rel}","templated":true}]}}