{"id":696438,"date":"2025-08-27T14:34:58","date_gmt":"2025-08-27T11:34:58","guid":{"rendered":"https:\/\/roveyayinevi.com.tr\/index.php\/urun\/isyan-ve-devrim-filmleri\/"},"modified":"2026-04-16T02:06:20","modified_gmt":"2026-04-15T23:06:20","slug":"isyan-ve-devrim-filmleri","status":"publish","type":"product","link":"https:\/\/roveyayinevi.com.tr\/index.php\/urun\/isyan-ve-devrim-filmleri\/","title":{"rendered":"\u0130syan ve Devrim Filmleri"},"content":{"rendered":"<p>D\u00fcnya sinemas\u0131n\u0131n isyan ve devrim temal\u0131 ba\u015fyap\u0131tlar\u0131ndan olu\u015fan bu se\u00e7ki, 50 filmden olu\u015fuyor. Potemkin Z\u0131rhl\u0131s\u0131, Metropolis, Modern Zamanlar, &#8230; Karas\u0131, Z (\u00d6l\u00fcms\u00fcz), Fanlar\u0131n Saati, isyan, 1900, \u00d6zel Bir G\u00fcn, K\u0131z\u0131llar, Yol, \u00dclke ve \u00d6zg\u00fcrl\u00fck, Sarho\u015f Atlar Zaman\u0131, V for Vendetta sinema yazarlar\u0131n\u0131n kaleme ald\u0131\u011f\u0131 geni\u015f kapsaml\u0131 inceleme yaz\u0131lar\u0131yla.. Kalan\u0131, edit\u00f6r\u00fcn haz\u0131rlad\u0131\u011f\u0131 k\u00fcnye bilgileri ve k\u0131sa film \u00f6yk\u00fcs\u00fcnden olu\u015fan nitelikli bir listeyle\u2026 Besime \u015een, B\u00fclent G\u00f6r\u00fcc\u00fc, \u00c7a\u011fr\u0131 K\u0131n\u0131ko\u011flu, G\u00f6khan Din\u00e7er, Hac\u0131 Orman, Kutay Ucun, Meral G\u00fcndo\u011fdu Salio\u011flu, Necla Algan, Neslihan Cang\u00f6z, Seray Gen\u00e7, Ye\u015fim Din\u00e7er, Y\u0131ld\u0131z Silier ve Zahit Atam inceleme yaz\u0131lar\u0131nda se\u00e7tikleri filmlerin tarihsel ve politik arkaplan\u0131n\u0131 okumakla kalm\u0131yor; yedinci sanata damgas\u0131n\u0131 vurmu\u015f Bernardo Bertolucci, Charlie Chaplin, Costa Gavras, Ettore Scola, Fernando Solanas, Fritz Lang, Gillo Pontecorvo, Ken Loach, Osman Sembene, Sergey Eisenstein ve Y\u0131lmaz G\u00fcney gibi \u00f6nemli y\u00f6netmenlerin sinemas\u0131na da \u0131\u015f\u0131k tutuyorlar. Sineman\u0131n y\u00fczy\u0131ll\u0131k tarihi i\u00e7erisinde soluk al\u0131p veren &#8220;isyan ruhu&#8221; bu filmlerde ya\u015f\u0131yor. (Tan\u0131t\u0131m B\u00fclteninden) \ufffcTan\u0131t\u0131m Metni<\/p>\n","protected":false},"excerpt":{"rendered":"<p>D\u00fcnya sinemas\u0131n\u0131n isyan ve devrim temal\u0131 ba\u015fyap\u0131tlar\u0131ndan olu\u015fan bu se\u00e7ki, 50 filmden olu\u015fuyor. Potemkin Z\u0131rhl\u0131s\u0131, Metropolis, Modern Zamanlar, &#8230; Karas\u0131, Z (\u00d6l\u00fcms\u00fcz), Fanlar\u0131n Saati, isyan, 1900,<span class=\"excerpt-hellip\"> [\u2026]<\/span><\/p>\n","protected":false},"featured_media":0,"template":"","meta":{"_monsterinsights_skip_tracking":false,"_monsterinsights_sitenote_active":false,"_monsterinsights_sitenote_note":"","_monsterinsights_sitenote_category":0},"product_brand":[],"product_cat":[12409,12408],"product_tag":[],"class_list":{"0":"post-696438","1":"product","2":"type-product","3":"status-publish","5":"product_cat-fotograf-sinema-tiyatro","6":"product_cat-sanat","7":"pa_cilt-ciltsiz","8":"pa_tur-kitap","9":"pa_yayinevi-yordam-kitap","10":"pa_yazar-kolektif","12":"first","13":"instock","14":"sale","15":"shipping-taxable","16":"purchasable","17":"product-type-simple"},"_links":{"self":[{"href":"https:\/\/roveyayinevi.com.tr\/index.php\/wp-json\/wp\/v2\/product\/696438","targetHints":{"allow":["GET"]}}],"collection":[{"href":"https:\/\/roveyayinevi.com.tr\/index.php\/wp-json\/wp\/v2\/product"}],"about":[{"href":"https:\/\/roveyayinevi.com.tr\/index.php\/wp-json\/wp\/v2\/types\/product"}],"wp:attachment":[{"href":"https:\/\/roveyayinevi.com.tr\/index.php\/wp-json\/wp\/v2\/media?parent=696438"}],"wp:term":[{"taxonomy":"product_brand","embeddable":true,"href":"https:\/\/roveyayinevi.com.tr\/index.php\/wp-json\/wp\/v2\/product_brand?post=696438"},{"taxonomy":"product_cat","embeddable":true,"href":"https:\/\/roveyayinevi.com.tr\/index.php\/wp-json\/wp\/v2\/product_cat?post=696438"},{"taxonomy":"product_tag","embeddable":true,"href":"https:\/\/roveyayinevi.com.tr\/index.php\/wp-json\/wp\/v2\/product_tag?post=696438"}],"curies":[{"name":"wp","href":"https:\/\/api.w.org\/{rel}","templated":true}]}}