{"id":696431,"date":"2025-08-27T14:34:25","date_gmt":"2025-08-27T11:34:25","guid":{"rendered":"https:\/\/roveyayinevi.com.tr\/index.php\/urun\/filler-de-hatirlar\/"},"modified":"2026-04-16T02:06:19","modified_gmt":"2026-04-15T23:06:19","slug":"filler-de-hatirlar","status":"publish","type":"product","link":"https:\/\/roveyayinevi.com.tr\/index.php\/urun\/filler-de-hatirlar\/","title":{"rendered":"Filler de Hat\u0131rlar"},"content":{"rendered":"<p>Bayan Oliver dikkatle aynaya bak\u0131yordu. Bir ara \u015f\u00f6minenin raf\u0131nda duran saate bir g\u00f6z att\u0131. Saatin yirmi dakika geri oldu\u011funu d\u00fc\u015f\u00fcnd\u00fc. Sonra tekrar aynada sa\u00e7lar\u0131na bakt\u0131. Bayan Oliver&#8217;\u0131n b\u00fct\u00fcn kusuru sa\u00e7 bi\u00e7imini s\u0131k s\u0131k de\u011fi\u015ftirmesiydi. Bunu kendisi de itiraf ediyordu zaten. Hemen her modeli denemi\u015fti. Ciddi haval\u0131, kabar\u0131k sa\u00e7&#8230; Buklelerin zeka dolu aln\u0131 ortaya \u00e7\u0131kacak \u015fekilde, geriye do\u011fru taranmas\u0131&#8230; Daha do\u011frusu Bayan Oliver aln\u0131na bakanlar\u0131n zeki oldu\u011funu d\u00fc\u015f\u00fcneceklerini ummu\u015ftu. Yazar bundan ba\u015fka k\u0131v\u0131rc\u0131k sa\u00e7lar\u0131n\u0131 hafif\u00e7e da\u011f\u0131tarak sanatkarca bir \u015fekli de denemi\u015fti. Ama bug\u00fcn sa\u00e7 modelinin \u00f6nemli olmad\u0131\u011f\u0131n\u0131 o da biliyordu. \u00c7\u00fcnk\u00fc bu sabah pek ender yapt\u0131\u011f\u0131 bir \u015feye kalk\u0131\u015facak, yani \u015fapka giyecekti&#8230;<\/p>\n","protected":false},"excerpt":{"rendered":"<p>Bayan Oliver dikkatle aynaya bak\u0131yordu. Bir ara \u015f\u00f6minenin raf\u0131nda duran saate bir g\u00f6z att\u0131. Saatin yirmi dakika geri oldu\u011funu d\u00fc\u015f\u00fcnd\u00fc. Sonra tekrar aynada sa\u00e7lar\u0131na bakt\u0131. Bayan<span class=\"excerpt-hellip\"> [\u2026]<\/span><\/p>\n","protected":false},"featured_media":0,"template":"","meta":{"_monsterinsights_skip_tracking":false,"_monsterinsights_sitenote_active":false,"_monsterinsights_sitenote_note":"","_monsterinsights_sitenote_category":0},"product_brand":[],"product_cat":[12291,12866],"product_tag":[],"class_list":{"0":"post-696431","1":"product","2":"type-product","3":"status-publish","5":"product_cat-edebiyat","6":"product_cat-ingiliz-edebiyati","7":"pa_cilt-ciltsiz","8":"pa_tur-kitap","9":"pa_yayinevi-altin-kitaplar","10":"pa_yazar-agatha-christie","12":"first","13":"instock","14":"sale","15":"shipping-taxable","16":"purchasable","17":"product-type-simple"},"_links":{"self":[{"href":"https:\/\/roveyayinevi.com.tr\/index.php\/wp-json\/wp\/v2\/product\/696431","targetHints":{"allow":["GET"]}}],"collection":[{"href":"https:\/\/roveyayinevi.com.tr\/index.php\/wp-json\/wp\/v2\/product"}],"about":[{"href":"https:\/\/roveyayinevi.com.tr\/index.php\/wp-json\/wp\/v2\/types\/product"}],"wp:attachment":[{"href":"https:\/\/roveyayinevi.com.tr\/index.php\/wp-json\/wp\/v2\/media?parent=696431"}],"wp:term":[{"taxonomy":"product_brand","embeddable":true,"href":"https:\/\/roveyayinevi.com.tr\/index.php\/wp-json\/wp\/v2\/product_brand?post=696431"},{"taxonomy":"product_cat","embeddable":true,"href":"https:\/\/roveyayinevi.com.tr\/index.php\/wp-json\/wp\/v2\/product_cat?post=696431"},{"taxonomy":"product_tag","embeddable":true,"href":"https:\/\/roveyayinevi.com.tr\/index.php\/wp-json\/wp\/v2\/product_tag?post=696431"}],"curies":[{"name":"wp","href":"https:\/\/api.w.org\/{rel}","templated":true}]}}