{"id":696430,"date":"2025-08-27T14:34:24","date_gmt":"2025-08-27T11:34:24","guid":{"rendered":"https:\/\/roveyayinevi.com.tr\/index.php\/urun\/eldest-bilgelerin-antlasmasi-miras-uclemesi-2\/"},"modified":"2026-04-16T02:06:19","modified_gmt":"2026-04-15T23:06:19","slug":"eldest-bilgelerin-antlasmasi-miras-uclemesi-2","status":"publish","type":"product","link":"https:\/\/roveyayinevi.com.tr\/index.php\/urun\/eldest-bilgelerin-antlasmasi-miras-uclemesi-2\/","title":{"rendered":"Eldest Bilgelerin Antla\u015fmas\u0131 Miras \u00dc\u00e7lemesi -2"},"content":{"rendered":"<p>Eragon ve ejderhas\u0131 Saphira, \u0130mparatorluk&#8217;un zalim h\u00fck\u00fcmdar\u0131 Kral Galbatorix&#8217; in g\u00fc\u00e7l\u00fc ordular\u0131na ba\u015fkald\u0131ran eyaleti yok olmaktan kurtarm\u0131\u015flard\u0131. Art\u0131k Eragon&#8217; un Ejderha S\u00fcvarileri&#8217;nin sahip oldu\u011fu b\u00fcy\u00fc yapma ve k\u0131l\u0131\u00e7 ustal\u0131klar\u0131na eri\u015fmesi i\u00e7in e\u011fitim almas\u0131 gerekmektedir. Gen\u00e7 S\u00fcvari, bunun i\u00e7in elflerin \u00fclkesi Ellesmera&#8217;ya do\u011fru yola \u00e7\u0131kar. Eragon, \u00f6m\u00fcr boyu s\u00fcrecek olan bu yolculukta, esin verici yeni yerleri ve insanlar\u0131 \u015fa\u015fk\u0131nl\u0131k i\u00e7inde izler. T\u00fcm zaman\u0131 bin bir macera ile doludur. Fakat her k\u00f6\u015fede, kendisini bekleyen kaos ve ihanetle kar\u015f\u0131la\u015f\u0131r. \u00c7ok ge\u00e7meden, Eragon hi\u00e7 kimseye g\u00fcvenmemesi gerekti\u011fini anlar. Bu arada, kuzeni Roran da \u00fclkesi Carvahall&#8217;da yepyeni bir sava\u015fa giri\u015fip Eragon&#8217;u daha b\u00fcy\u00fck tehlikelere s\u00fcr\u00fckler. \u015eimdi kral, kara elini direni\u015fi bozmak i\u00e7in uzat\u0131rken acaba Eragon can\u0131n\u0131 kurtarabilecek midir?<\/p>\n","protected":false},"excerpt":{"rendered":"<p>Eragon ve ejderhas\u0131 Saphira, \u0130mparatorluk&#8217;un zalim h\u00fck\u00fcmdar\u0131 Kral Galbatorix&#8217; in g\u00fc\u00e7l\u00fc ordular\u0131na ba\u015fkald\u0131ran eyaleti yok olmaktan kurtarm\u0131\u015flard\u0131. Art\u0131k Eragon&#8217; un Ejderha S\u00fcvarileri&#8217;nin sahip oldu\u011fu b\u00fcy\u00fc yapma<span class=\"excerpt-hellip\"> [\u2026]<\/span><\/p>\n","protected":false},"featured_media":0,"template":"","meta":{"_monsterinsights_skip_tracking":false,"_monsterinsights_sitenote_active":false,"_monsterinsights_sitenote_note":"","_monsterinsights_sitenote_category":0},"product_brand":[],"product_cat":[12291,14777],"product_tag":[],"class_list":{"0":"post-696430","1":"product","2":"type-product","3":"status-publish","5":"product_cat-edebiyat","6":"product_cat-fantastik","7":"pa_cilt-ciltsiz","8":"pa_tur-kitap","9":"pa_yayinevi-altin-kitaplar","10":"pa_yazar-christopher-paolini","12":"first","13":"instock","14":"sale","15":"shipping-taxable","16":"purchasable","17":"product-type-simple"},"_links":{"self":[{"href":"https:\/\/roveyayinevi.com.tr\/index.php\/wp-json\/wp\/v2\/product\/696430","targetHints":{"allow":["GET"]}}],"collection":[{"href":"https:\/\/roveyayinevi.com.tr\/index.php\/wp-json\/wp\/v2\/product"}],"about":[{"href":"https:\/\/roveyayinevi.com.tr\/index.php\/wp-json\/wp\/v2\/types\/product"}],"wp:attachment":[{"href":"https:\/\/roveyayinevi.com.tr\/index.php\/wp-json\/wp\/v2\/media?parent=696430"}],"wp:term":[{"taxonomy":"product_brand","embeddable":true,"href":"https:\/\/roveyayinevi.com.tr\/index.php\/wp-json\/wp\/v2\/product_brand?post=696430"},{"taxonomy":"product_cat","embeddable":true,"href":"https:\/\/roveyayinevi.com.tr\/index.php\/wp-json\/wp\/v2\/product_cat?post=696430"},{"taxonomy":"product_tag","embeddable":true,"href":"https:\/\/roveyayinevi.com.tr\/index.php\/wp-json\/wp\/v2\/product_tag?post=696430"}],"curies":[{"name":"wp","href":"https:\/\/api.w.org\/{rel}","templated":true}]}}