{"id":696427,"date":"2025-08-27T14:34:24","date_gmt":"2025-08-27T11:34:24","guid":{"rendered":"https:\/\/roveyayinevi.com.tr\/index.php\/urun\/erkekler-marstan-kadinlar-venusten\/"},"modified":"2026-04-16T02:06:19","modified_gmt":"2026-04-15T23:06:19","slug":"erkekler-marstan-kadinlar-venusten","status":"publish","type":"product","link":"https:\/\/roveyayinevi.com.tr\/index.php\/urun\/erkekler-marstan-kadinlar-venusten\/","title":{"rendered":"Erkekler Marstan Kad\u0131nlar Ven\u00fcsten"},"content":{"rendered":"<p>Erkekler Mars&#8217;tan, Kad\u0131nlar Ven\u00fcs&#8217;ten kar\u015f\u0131 cinsle ileti\u015fiminizi geli\u015ftirecek ve ili\u015fkilerinizden elde etmek istediklerinizi sa\u011flayacak pratik bir rehberdir&#8230;Kar\u015f\u0131 cinsle doyurucu ili\u015fkiler kurmak isteyen herkes bu kitab\u0131 okumal\u0131.<\/p>\n","protected":false},"excerpt":{"rendered":"<p>Erkekler Mars&#8217;tan, Kad\u0131nlar Ven\u00fcs&#8217;ten kar\u015f\u0131 cinsle ileti\u015fiminizi geli\u015ftirecek ve ili\u015fkilerinizden elde etmek istediklerinizi sa\u011flayacak pratik bir rehberdir&#8230;Kar\u015f\u0131 cinsle doyurucu ili\u015fkiler kurmak isteyen herkes bu kitab\u0131 okumal\u0131.<\/p>\n","protected":false},"featured_media":0,"template":"","meta":{"_monsterinsights_skip_tracking":false,"_monsterinsights_sitenote_active":false,"_monsterinsights_sitenote_note":"","_monsterinsights_sitenote_category":0},"product_brand":[],"product_cat":[17996,12364],"product_tag":[],"class_list":{"0":"post-696427","1":"product","2":"type-product","3":"status-publish","5":"product_cat-ebeveyn-kitaplari","6":"product_cat-genel-konular","7":"pa_cilt-ciltsiz","8":"pa_tur-kitap","9":"pa_yayinevi-altin-kitaplar","10":"pa_yazar-john-gray","12":"first","13":"instock","14":"sale","15":"shipping-taxable","16":"purchasable","17":"product-type-simple"},"_links":{"self":[{"href":"https:\/\/roveyayinevi.com.tr\/index.php\/wp-json\/wp\/v2\/product\/696427","targetHints":{"allow":["GET"]}}],"collection":[{"href":"https:\/\/roveyayinevi.com.tr\/index.php\/wp-json\/wp\/v2\/product"}],"about":[{"href":"https:\/\/roveyayinevi.com.tr\/index.php\/wp-json\/wp\/v2\/types\/product"}],"wp:attachment":[{"href":"https:\/\/roveyayinevi.com.tr\/index.php\/wp-json\/wp\/v2\/media?parent=696427"}],"wp:term":[{"taxonomy":"product_brand","embeddable":true,"href":"https:\/\/roveyayinevi.com.tr\/index.php\/wp-json\/wp\/v2\/product_brand?post=696427"},{"taxonomy":"product_cat","embeddable":true,"href":"https:\/\/roveyayinevi.com.tr\/index.php\/wp-json\/wp\/v2\/product_cat?post=696427"},{"taxonomy":"product_tag","embeddable":true,"href":"https:\/\/roveyayinevi.com.tr\/index.php\/wp-json\/wp\/v2\/product_tag?post=696427"}],"curies":[{"name":"wp","href":"https:\/\/api.w.org\/{rel}","templated":true}]}}