{"id":696425,"date":"2025-08-27T14:34:23","date_gmt":"2025-08-27T11:34:23","guid":{"rendered":"https:\/\/roveyayinevi.com.tr\/index.php\/urun\/dusun-ve-zengin-ol\/"},"modified":"2026-04-16T02:06:19","modified_gmt":"2026-04-15T23:06:19","slug":"dusun-ve-zengin-ol","status":"publish","type":"product","link":"https:\/\/roveyayinevi.com.tr\/index.php\/urun\/dusun-ve-zengin-ol\/","title":{"rendered":"D\u00fc\u015f\u00fcn ve Zengin Ol"},"content":{"rendered":"<p>Eger &#8220;\u00c7ekim Yasas\u0131&#8217;n\u0131 uyguluyorum ama benim i\u00e7in \u00e7al\u0131sm\u0131yor&#8221; ya da &#8220;bazen \u00e7al\u0131s\u0131yor, bazen \u00e7al\u0131sm\u0131yor&#8221; diyorsan\u0131z; bu g\u00fc\u00e7l\u00fc yasay\u0131 her defas\u0131nda lehinize \u00e7al\u0131st\u0131rman\u0131n kan\u0131tlanm\u0131s form\u00fcl\u00fcn\u00fc bu kitapta bulacaks\u0131n\u0131z!Napoleon Hill, D\u00fc\u015f\u00fcn ve Zengin Ol&#8217;u 1937&#8217;de, Henry Ford, Thomas Edison gibi bir\u00e7ok tan\u0131nm\u0131\u015f ismin de bulundu\u011fu \u00e7ok ba\u015far\u0131l\u0131 500 insan \u00fczerinde yapt\u0131\u011f\u0131 25 y\u0131ll\u0131k bir ara\u015ft\u0131rman\u0131n sonucunda yazm\u0131\u015ft\u0131r. D\u00fcnyan\u0131n en \u00e7ok satan kitaplar\u0131ndan olan D\u00fc\u015f\u00fcn ve Zengin Ol&#8217;u \u015fu anda elinizde tutuyor olman\u0131z bir tesad\u00fcf m\u00fc? Bu kitapta yer alan 13 ad\u0131ml\u0131k form\u00fcl ile ba\u015far\u0131ya giden yolda s\u0131rr\u0131 kullanmakta ustala\u015facaks\u0131n\u0131z. Bir kez okumak kesinlikle yetmez!&#8230;Hayallerinize ula\u015fmak m\u0131 istiyorsunuz?O zaman Hill&#8217;in \u00f6l\u00fcms\u00fcz kurallar\u0131n\u0131 takip etmeniz yeter!&#8230;<\/p>\n","protected":false},"excerpt":{"rendered":"<p>Eger &#8220;\u00c7ekim Yasas\u0131&#8217;n\u0131 uyguluyorum ama benim i\u00e7in \u00e7al\u0131sm\u0131yor&#8221; ya da &#8220;bazen \u00e7al\u0131s\u0131yor, bazen \u00e7al\u0131sm\u0131yor&#8221; diyorsan\u0131z; bu g\u00fc\u00e7l\u00fc yasay\u0131 her defas\u0131nda lehinize \u00e7al\u0131st\u0131rman\u0131n kan\u0131tlanm\u0131s form\u00fcl\u00fcn\u00fc bu kitapta<span class=\"excerpt-hellip\"> [\u2026]<\/span><\/p>\n","protected":false},"featured_media":0,"template":"","meta":{"_monsterinsights_skip_tracking":false,"_monsterinsights_sitenote_active":false,"_monsterinsights_sitenote_note":"","_monsterinsights_sitenote_category":0},"product_brand":[],"product_cat":[13043,14754],"product_tag":[],"class_list":{"0":"post-696425","1":"product","2":"type-product","3":"status-publish","5":"product_cat-ekonomi","6":"product_cat-halkla-iliskiler-insan-kaynaklari","7":"pa_cilt-ciltsiz","8":"pa_tur-kitap","9":"pa_yayinevi-altin-kitaplar-ozel-urun","10":"pa_yazar-napoleon-hill","12":"first","13":"instock","14":"sale","15":"shipping-taxable","16":"purchasable","17":"product-type-simple"},"_links":{"self":[{"href":"https:\/\/roveyayinevi.com.tr\/index.php\/wp-json\/wp\/v2\/product\/696425","targetHints":{"allow":["GET"]}}],"collection":[{"href":"https:\/\/roveyayinevi.com.tr\/index.php\/wp-json\/wp\/v2\/product"}],"about":[{"href":"https:\/\/roveyayinevi.com.tr\/index.php\/wp-json\/wp\/v2\/types\/product"}],"wp:attachment":[{"href":"https:\/\/roveyayinevi.com.tr\/index.php\/wp-json\/wp\/v2\/media?parent=696425"}],"wp:term":[{"taxonomy":"product_brand","embeddable":true,"href":"https:\/\/roveyayinevi.com.tr\/index.php\/wp-json\/wp\/v2\/product_brand?post=696425"},{"taxonomy":"product_cat","embeddable":true,"href":"https:\/\/roveyayinevi.com.tr\/index.php\/wp-json\/wp\/v2\/product_cat?post=696425"},{"taxonomy":"product_tag","embeddable":true,"href":"https:\/\/roveyayinevi.com.tr\/index.php\/wp-json\/wp\/v2\/product_tag?post=696425"}],"curies":[{"name":"wp","href":"https:\/\/api.w.org\/{rel}","templated":true}]}}