{"id":696420,"date":"2025-08-27T14:34:22","date_gmt":"2025-08-27T11:34:22","guid":{"rendered":"https:\/\/roveyayinevi.com.tr\/index.php\/urun\/16-50-treni\/"},"modified":"2026-04-16T02:06:19","modified_gmt":"2026-04-15T23:06:19","slug":"16-50-treni","status":"publish","type":"product","link":"https:\/\/roveyayinevi.com.tr\/index.php\/urun\/16-50-treni\/","title":{"rendered":"16.50 Treni"},"content":{"rendered":"<p>S\u0131radan bir g\u00fcnde, her \u015feyin olmas\u0131 gerekti\u011fi gibi oldu\u011fu bir anda inan\u0131lmaz bir olay ya\u015fan\u0131r.Yan yana gelen iki trende ancak korku filmlerinde rastlanacak t\u00fcrden bir cinayet vakas\u0131 ya\u015fanmaktad\u0131r. Ve t\u00fcm bunlar\u0131n tek tan\u0131\u011f\u0131 bir kad\u0131nd\u0131r.Elspeth bakt\u0131\u011f\u0131 vagonun penceresinden \u00e7aresizlik i\u00e7inde bir adam\u0131n bir kad\u0131n\u0131n bo\u011faz\u0131n\u0131 hunharca s\u0131kt\u0131\u011f\u0131n\u0131 g\u00f6r\u00fcr. Zavall\u0131 kad\u0131n\u0131n bir s\u00fcre sonra cans\u0131z bedeni yere y\u0131\u011f\u0131l\u0131r ve o anda tren hareket eder. Bu d\u00fc\u011f\u00fcm\u00fc \u00e7\u00f6zebilecek tek ki\u015fi Jane Marple\u2019dan ba\u015fkas\u0131 de\u011fildir. Ve belki de Elspeth\u2019e inanacak tek ki\u015fi&#8230; \u00c7\u00fcnk\u00fc ortada ne \u015f\u00fcpheli ne ba\u015fka tan\u0131k ne de ceset vard\u0131r.\u201cBu roman\u0131 okurken bir an bile s\u0131k\u0131lmayacaks\u0131n\u0131z.\u201dThe Times<\/p>\n","protected":false},"excerpt":{"rendered":"<p>S\u0131radan bir g\u00fcnde, her \u015feyin olmas\u0131 gerekti\u011fi gibi oldu\u011fu bir anda inan\u0131lmaz bir olay ya\u015fan\u0131r.Yan yana gelen iki trende ancak korku filmlerinde rastlanacak t\u00fcrden bir cinayet<span class=\"excerpt-hellip\"> [\u2026]<\/span><\/p>\n","protected":false},"featured_media":0,"template":"","meta":{"_monsterinsights_skip_tracking":false,"_monsterinsights_sitenote_active":false,"_monsterinsights_sitenote_note":"","_monsterinsights_sitenote_category":0},"product_brand":[],"product_cat":[12803,12291],"product_tag":[],"class_list":{"0":"post-696420","1":"product","2":"type-product","3":"status-publish","5":"product_cat-aksiyon-macera","6":"product_cat-edebiyat","7":"pa_cilt-ciltsiz","8":"pa_tur-kitap","9":"pa_yayinevi-altin-kitaplar","10":"pa_yazar-agatha-christie","12":"first","13":"instock","14":"sale","15":"shipping-taxable","16":"purchasable","17":"product-type-simple"},"_links":{"self":[{"href":"https:\/\/roveyayinevi.com.tr\/index.php\/wp-json\/wp\/v2\/product\/696420","targetHints":{"allow":["GET"]}}],"collection":[{"href":"https:\/\/roveyayinevi.com.tr\/index.php\/wp-json\/wp\/v2\/product"}],"about":[{"href":"https:\/\/roveyayinevi.com.tr\/index.php\/wp-json\/wp\/v2\/types\/product"}],"wp:attachment":[{"href":"https:\/\/roveyayinevi.com.tr\/index.php\/wp-json\/wp\/v2\/media?parent=696420"}],"wp:term":[{"taxonomy":"product_brand","embeddable":true,"href":"https:\/\/roveyayinevi.com.tr\/index.php\/wp-json\/wp\/v2\/product_brand?post=696420"},{"taxonomy":"product_cat","embeddable":true,"href":"https:\/\/roveyayinevi.com.tr\/index.php\/wp-json\/wp\/v2\/product_cat?post=696420"},{"taxonomy":"product_tag","embeddable":true,"href":"https:\/\/roveyayinevi.com.tr\/index.php\/wp-json\/wp\/v2\/product_tag?post=696420"}],"curies":[{"name":"wp","href":"https:\/\/api.w.org\/{rel}","templated":true}]}}