{"id":696419,"date":"2025-08-27T14:34:21","date_gmt":"2025-08-27T11:34:21","guid":{"rendered":"https:\/\/roveyayinevi.com.tr\/index.php\/urun\/tanrinin-kapisini-calan-bilim\/"},"modified":"2026-04-16T02:06:19","modified_gmt":"2026-04-15T23:06:19","slug":"tanrinin-kapisini-calan-bilim","status":"publish","type":"product","link":"https:\/\/roveyayinevi.com.tr\/index.php\/urun\/tanrinin-kapisini-calan-bilim\/","title":{"rendered":"Tanr\u0131\u2019n\u0131n Kap\u0131s\u0131n\u0131 \u00c7alan Bilim"},"content":{"rendered":"<p>Tanr\u0131\u2019n\u0131n Kap\u0131s\u0131n\u0131 \u00c7alan Bilim adl\u0131 eser, Carl Sagan\u2019\u0131n 1985 y\u0131l\u0131nda \u00fcnl\u00fc Gifford Konferanslar\u0131\u2019n\u0131n y\u00fcz\u00fcnc\u00fc y\u0131ld\u00f6n\u00fcm\u00fc nedeniyle ald\u0131\u011f\u0131 davet \u00fczerine \u0130sko\u00e7ya\u2019da verdi\u011fi konferans\u0131n metinlerinden olu\u015fmaktad\u0131r. Sagan konferanslarda; di\u011fer gezegenlerde akla dayal\u0131 ya\u015fam olas\u0131l\u0131\u011f\u0131ndan kendi gezegenimizdeki ya\u015fam\u0131n kar\u015f\u0131 kar\u015f\u0131ya kald\u0131\u011f\u0131 n\u00fckleer tehlikeye, yarat\u0131l\u0131\u015f\u00e7\u0131l\u0131k ve s\u00f6zde ak\u0131ll\u0131 tasar\u0131mdan bilimin bilgili tapma oldu\u011funa dair yeni bir kavrama, manik depresyondan tutun da kendinden ge\u00e7menin (hu\u015fu) muhtemel kimyasal yap\u0131s\u0131na kadar uzanan konulara ve sorunlara de\u011finmi\u015f. On y\u0131l \u00f6nce kaybetti\u011fimiz b\u00fcy\u00fck astronom ve astrofizik\u00e7i kozmoloji, fizik, felsefe, edebiyat, psikoloji, k\u00fclt\u00fcrel antropoloji, mitoloji ve ilahiyat gibi farkl\u0131 pek \u00e7ok alanda yapt\u0131\u011f\u0131 konu\u015fmalarla konferanslara kat\u0131lan herkeste hayranl\u0131k uyand\u0131rarak dehas\u0131yla t\u00fcm insanl\u0131\u011f\u0131 ayd\u0131nlatm\u0131\u015ft\u0131r. Sagan\u2019\u0131n \u00f6l\u00fcm\u00fcn\u00fcn onuncu y\u0131ld\u00f6n\u00fcm\u00fc vesilesiyle ilk kez yay\u0131nlanan Tanr\u0131\u2019n\u0131n Kap\u0131s\u0131n\u0131 \u00c7alan Bilim adl\u0131 kitab\u0131 e\u015fi ve uzun s\u00fcre onunla birlikte \u00e7al\u0131\u015fm\u0131\u015f olan Ann Druyan taraf\u0131ndan haz\u0131rlanarak g\u00fcn\u00fcm\u00fcz\u00fcn bilgileriyle tazelenmi\u015ftir. Sagan bu kitapta din ve bilim aras\u0131ndaki ili\u015fki konusundaki fikirlerini ayr\u0131nt\u0131l\u0131 bir bi\u00e7imde ortaya koyarken evrenin enginli\u011finde kutsal\u0131n ne demek oldu\u011funu anlamak i\u00e7in s\u00fcrd\u00fcrd\u00fc\u011f\u00fc ki\u015fisel aray\u0131\u015f\u0131n\u0131 ve yolculu\u011funu olduk\u00e7a anla\u015f\u0131l\u0131r, mizahi, ak\u0131lc\u0131 ve tamamen g\u00f6zleme dayal\u0131 bir ifadeyle bizlere aktar\u0131yor.<\/p>\n","protected":false},"excerpt":{"rendered":"<p>Tanr\u0131\u2019n\u0131n Kap\u0131s\u0131n\u0131 \u00c7alan Bilim adl\u0131 eser, Carl Sagan\u2019\u0131n 1985 y\u0131l\u0131nda \u00fcnl\u00fc Gifford Konferanslar\u0131\u2019n\u0131n y\u00fcz\u00fcnc\u00fc y\u0131ld\u00f6n\u00fcm\u00fc nedeniyle ald\u0131\u011f\u0131 davet \u00fczerine \u0130sko\u00e7ya\u2019da verdi\u011fi konferans\u0131n metinlerinden olu\u015fmaktad\u0131r. Sagan konferanslarda;<span class=\"excerpt-hellip\"> [\u2026]<\/span><\/p>\n","protected":false},"featured_media":0,"template":"","meta":{"_monsterinsights_skip_tracking":false,"_monsterinsights_sitenote_active":false,"_monsterinsights_sitenote_note":"","_monsterinsights_sitenote_category":0},"product_brand":[],"product_cat":[13005,13006],"product_tag":[],"class_list":{"0":"post-696419","1":"product","2":"type-product","3":"status-publish","5":"product_cat-bilim-muhendislik","6":"product_cat-populer-bilim","7":"pa_cilt-ciltsiz","8":"pa_tur-kitap","9":"pa_yayinevi-altin-kitaplar","10":"pa_yazar-carl-sagan","12":"first","13":"instock","14":"sale","15":"shipping-taxable","16":"purchasable","17":"product-type-simple"},"_links":{"self":[{"href":"https:\/\/roveyayinevi.com.tr\/index.php\/wp-json\/wp\/v2\/product\/696419","targetHints":{"allow":["GET"]}}],"collection":[{"href":"https:\/\/roveyayinevi.com.tr\/index.php\/wp-json\/wp\/v2\/product"}],"about":[{"href":"https:\/\/roveyayinevi.com.tr\/index.php\/wp-json\/wp\/v2\/types\/product"}],"wp:attachment":[{"href":"https:\/\/roveyayinevi.com.tr\/index.php\/wp-json\/wp\/v2\/media?parent=696419"}],"wp:term":[{"taxonomy":"product_brand","embeddable":true,"href":"https:\/\/roveyayinevi.com.tr\/index.php\/wp-json\/wp\/v2\/product_brand?post=696419"},{"taxonomy":"product_cat","embeddable":true,"href":"https:\/\/roveyayinevi.com.tr\/index.php\/wp-json\/wp\/v2\/product_cat?post=696419"},{"taxonomy":"product_tag","embeddable":true,"href":"https:\/\/roveyayinevi.com.tr\/index.php\/wp-json\/wp\/v2\/product_tag?post=696419"}],"curies":[{"name":"wp","href":"https:\/\/api.w.org\/{rel}","templated":true}]}}