{"id":696415,"date":"2025-08-27T14:34:20","date_gmt":"2025-08-27T11:34:20","guid":{"rendered":"https:\/\/roveyayinevi.com.tr\/index.php\/urun\/en-yeni-arkadasim\/"},"modified":"2026-04-16T02:06:19","modified_gmt":"2026-04-15T23:06:19","slug":"en-yeni-arkadasim","status":"publish","type":"product","link":"https:\/\/roveyayinevi.com.tr\/index.php\/urun\/en-yeni-arkadasim\/","title":{"rendered":"En Yeni Arkada\u015f\u0131m"},"content":{"rendered":"<p>Babas\u0131n\u0131n g\u00f6revi nedeniyle yeni bir \u015fehre ta\u015f\u0131nan ve e\u011fitimine yeni bir okulda devam etmek zorunda olan \u00d6mer&#8217;in k\u00fc\u00e7\u00fck bir s\u0131rr\u0131 var. Yeni arkada\u015flar\u0131 onun \u00e7ekingen ve korkak bir \u00e7ocuk oldu\u011funu d\u00fc\u015f\u00fcnedursunlar, i\u015fin asl\u0131 bamba\u015fka&#8230; \u00d6mer&#8217;in \u00e7ekingenli\u011finin bir nedeni var, ama kimsenin bundan haberi yok.  Arkada\u015flar\u0131n\u0131n S\u0131n\u0131f\u0131n En Yenisi ismini takt\u0131klar\u0131 \u00d6mer, \u00f6zellikle s\u0131ra arkada\u015f\u0131 Murat&#8217;\u0131n okul hayat\u0131nda bir dizi de\u011fi\u015fikli\u011fe neden olur. Yeni geleni aralar\u0131na alma konusunda daha en ba\u015f\u0131ndan isteksiz olan Murat, Oktay, Zeynep ve di\u011ferleri, ya\u015fanan bir olay sonras\u0131nda \u00d6mer&#8217;i d\u0131\u015flarlar. Oysa \u00d6mer&#8217;in b\u00fct\u00fcn yapt\u0131\u011f\u0131&#8230;  \u00d6mer&#8217;in s\u0131rr\u0131 ne? Yollar\u0131 ayn\u0131 s\u0131n\u0131fta, ayn\u0131 s\u0131rada kesi\u015fen \u00d6mer ve Murat iyi arkada\u015f olabilecekler mi? S\u0131n\u0131f\u0131n En Yenisi arkada\u015flar\u0131n\u0131n sevgisini ve sayg\u0131s\u0131n\u0131 kazanabilecek mi? Okuyal\u0131m, g\u00f6relim. <\/p>\n","protected":false},"excerpt":{"rendered":"<p>Babas\u0131n\u0131n g\u00f6revi nedeniyle yeni bir \u015fehre ta\u015f\u0131nan ve e\u011fitimine yeni bir okulda devam etmek zorunda olan \u00d6mer&#8217;in k\u00fc\u00e7\u00fck bir s\u0131rr\u0131 var. Yeni arkada\u015flar\u0131 onun \u00e7ekingen ve<span class=\"excerpt-hellip\"> [\u2026]<\/span><\/p>\n","protected":false},"featured_media":0,"template":"","meta":{"_monsterinsights_skip_tracking":false,"_monsterinsights_sitenote_active":false,"_monsterinsights_sitenote_note":"","_monsterinsights_sitenote_category":0},"product_brand":[],"product_cat":[12913,12274],"product_tag":[],"class_list":{"0":"post-696415","1":"product","2":"type-product","3":"status-publish","5":"product_cat-3-6-yas-kitaplari","6":"product_cat-cocuk-ve-genclik-kitaplari","7":"pa_cilt-ciltsiz","8":"pa_tur-kitap","9":"pa_yayinevi-elma-cocuk","10":"pa_yazar-mehmet-erkan","12":"first","13":"instock","14":"sale","15":"shipping-taxable","16":"purchasable","17":"product-type-simple"},"_links":{"self":[{"href":"https:\/\/roveyayinevi.com.tr\/index.php\/wp-json\/wp\/v2\/product\/696415","targetHints":{"allow":["GET"]}}],"collection":[{"href":"https:\/\/roveyayinevi.com.tr\/index.php\/wp-json\/wp\/v2\/product"}],"about":[{"href":"https:\/\/roveyayinevi.com.tr\/index.php\/wp-json\/wp\/v2\/types\/product"}],"wp:attachment":[{"href":"https:\/\/roveyayinevi.com.tr\/index.php\/wp-json\/wp\/v2\/media?parent=696415"}],"wp:term":[{"taxonomy":"product_brand","embeddable":true,"href":"https:\/\/roveyayinevi.com.tr\/index.php\/wp-json\/wp\/v2\/product_brand?post=696415"},{"taxonomy":"product_cat","embeddable":true,"href":"https:\/\/roveyayinevi.com.tr\/index.php\/wp-json\/wp\/v2\/product_cat?post=696415"},{"taxonomy":"product_tag","embeddable":true,"href":"https:\/\/roveyayinevi.com.tr\/index.php\/wp-json\/wp\/v2\/product_tag?post=696415"}],"curies":[{"name":"wp","href":"https:\/\/api.w.org\/{rel}","templated":true}]}}