{"id":696414,"date":"2025-08-27T14:34:20","date_gmt":"2025-08-27T11:34:20","guid":{"rendered":"https:\/\/roveyayinevi.com.tr\/index.php\/urun\/kirmizi-benekli-kutu\/"},"modified":"2026-04-16T02:06:19","modified_gmt":"2026-04-15T23:06:19","slug":"kirmizi-benekli-kutu","status":"publish","type":"product","link":"https:\/\/roveyayinevi.com.tr\/index.php\/urun\/kirmizi-benekli-kutu\/","title":{"rendered":"K\u0131rm\u0131z\u0131 Benekli Kutu"},"content":{"rendered":"<p>Sihir diye bir \u015fey yoktur   der b\u00fcy\u00fcklerimiz. Oysa \u00e7o\u011fumuzun sihrine inand\u0131\u011f\u0131 bir e\u015fyas\u0131 vard\u0131r. Bize u\u011fur getirdi\u011fine inand\u0131\u011f\u0131m\u0131z, yan\u0131m\u0131zda oldu\u011funda kendimizi g\u00fcvende hissetti\u011fimiz, bize arkada\u015fl\u0131k eden, al\u0131p ba\u015fka diyarlara g\u00f6t\u00fcren bir e\u015fya. Belki bir kalem, belki bir oyuncak, belki bir kutu&#8230; Evet, bir kutu. T\u0131pk\u0131 Can\u2019\u0131nki gibi, k\u0131rm\u0131z\u0131 benekli, sihirli bir kutu.  Can, babaannesinin arma\u011fan etti\u011fi kutuyla uzay gemisi HOPT\u0130R\u0130K&#8217;e atlay\u0131p ba\u015fka gezegenlerde ya\u015fam aramaya gidiyor. Deniz alt\u0131nda yeni bir d\u00fcnya ke\u015ffediyor. Denizk\u0131z\u0131 Alara ve BENTOS&#8217;la birlikte k\u00f6pek bal\u0131klar\u0131yla m\u00fccadele ediyor. Bu kadarc\u0131k m\u0131? Tabii ki de\u011fil. \u0130nsan\u0131n elinde onu her yere g\u00f6t\u00fcren sihirli bir kutu olur da, yerinde durur mu hi\u00e7? Bir sonraki macera K\u0131z\u0131lderililer diyar\u0131nda. Arkada\u015f\u0131 Kara Boncuk&#8217;la do\u011fay\u0131 daha yak\u0131ndan tan\u0131yor Can. Babaannesiyle birlikte \u00c7anakkale Sava\u015f\u0131&#8217;na kat\u0131l\u0131p tarihe tan\u0131kl\u0131k ediyor.  Siz de k\u00fc\u00e7\u00fcc\u00fck bir kutuyla ge\u00e7mi\u015fe, uzaya, deniz alt\u0131na, dahas\u0131 can\u0131n\u0131z\u0131n istedi\u011fi herhangi ba\u015fka bir yere gitmek istiyorsan\u0131z, haydi ba\u015flay\u0131n okumaya. Nas\u0131l gidece\u011finizin s\u0131rr\u0131 da bu kitapta. <\/p>\n","protected":false},"excerpt":{"rendered":"<p>Sihir diye bir \u015fey yoktur der b\u00fcy\u00fcklerimiz. Oysa \u00e7o\u011fumuzun sihrine inand\u0131\u011f\u0131 bir e\u015fyas\u0131 vard\u0131r. Bize u\u011fur getirdi\u011fine inand\u0131\u011f\u0131m\u0131z, yan\u0131m\u0131zda oldu\u011funda kendimizi g\u00fcvende hissetti\u011fimiz, bize arkada\u015fl\u0131k eden,<span class=\"excerpt-hellip\"> [\u2026]<\/span><\/p>\n","protected":false},"featured_media":0,"template":"","meta":{"_monsterinsights_skip_tracking":false,"_monsterinsights_sitenote_active":false,"_monsterinsights_sitenote_note":"","_monsterinsights_sitenote_category":0},"product_brand":[],"product_cat":[12275,12274],"product_tag":[],"class_list":{"0":"post-696414","1":"product","2":"type-product","3":"status-publish","5":"product_cat-6-12-yas-kitaplari","6":"product_cat-cocuk-ve-genclik-kitaplari","7":"pa_cilt-ciltsiz","8":"pa_tur-kitap","9":"pa_yayinevi-elma-cocuk","10":"pa_yazar-ozden-aslan","12":"first","13":"instock","14":"sale","15":"shipping-taxable","16":"purchasable","17":"product-type-simple"},"_links":{"self":[{"href":"https:\/\/roveyayinevi.com.tr\/index.php\/wp-json\/wp\/v2\/product\/696414","targetHints":{"allow":["GET"]}}],"collection":[{"href":"https:\/\/roveyayinevi.com.tr\/index.php\/wp-json\/wp\/v2\/product"}],"about":[{"href":"https:\/\/roveyayinevi.com.tr\/index.php\/wp-json\/wp\/v2\/types\/product"}],"wp:attachment":[{"href":"https:\/\/roveyayinevi.com.tr\/index.php\/wp-json\/wp\/v2\/media?parent=696414"}],"wp:term":[{"taxonomy":"product_brand","embeddable":true,"href":"https:\/\/roveyayinevi.com.tr\/index.php\/wp-json\/wp\/v2\/product_brand?post=696414"},{"taxonomy":"product_cat","embeddable":true,"href":"https:\/\/roveyayinevi.com.tr\/index.php\/wp-json\/wp\/v2\/product_cat?post=696414"},{"taxonomy":"product_tag","embeddable":true,"href":"https:\/\/roveyayinevi.com.tr\/index.php\/wp-json\/wp\/v2\/product_tag?post=696414"}],"curies":[{"name":"wp","href":"https:\/\/api.w.org\/{rel}","templated":true}]}}