{"id":696413,"date":"2025-08-27T14:34:20","date_gmt":"2025-08-27T11:34:20","guid":{"rendered":"https:\/\/roveyayinevi.com.tr\/index.php\/urun\/kaiken\/"},"modified":"2026-04-16T02:06:19","modified_gmt":"2026-04-15T23:06:19","slug":"kaiken","status":"publish","type":"product","link":"https:\/\/roveyayinevi.com.tr\/index.php\/urun\/kaiken\/","title":{"rendered":"Kaiken"},"content":{"rendered":"<p>Kaiken\u2019in zaman\u0131 geldi Do\u011fan g\u00fcne\u015f karard\u0131\u011f\u0131nda, Ge\u00e7mi\u015f, \u00e7\u0131plak bir k\u0131l\u0131\u00e7 gibi keskinle\u015fti\u011finde, Japonya art\u0131k bir an\u0131 de\u011fil, k\u00e2bus oldu\u011funda, Kaiken\u2019in zaman\u0131 gelmi\u015f demektir.<\/p>\n","protected":false},"excerpt":{"rendered":"<p>Kaiken\u2019in zaman\u0131 geldi Do\u011fan g\u00fcne\u015f karard\u0131\u011f\u0131nda, Ge\u00e7mi\u015f, \u00e7\u0131plak bir k\u0131l\u0131\u00e7 gibi keskinle\u015fti\u011finde, Japonya art\u0131k bir an\u0131 de\u011fil, k\u00e2bus oldu\u011funda, Kaiken\u2019in zaman\u0131 gelmi\u015f demektir.<\/p>\n","protected":false},"featured_media":0,"template":"","meta":{"_monsterinsights_skip_tracking":false,"_monsterinsights_sitenote_active":false,"_monsterinsights_sitenote_note":"","_monsterinsights_sitenote_category":0},"product_brand":[],"product_cat":[12291,13376],"product_tag":[],"class_list":{"0":"post-696413","1":"product","2":"type-product","3":"status-publish","5":"product_cat-edebiyat","6":"product_cat-fransiz-edebiyati","7":"pa_cilt-ciltsiz","8":"pa_tur-kitap","9":"pa_yayinevi-dogan-kitap","10":"pa_yazar-jean-christophe-grange","12":"first","13":"instock","14":"sale","15":"shipping-taxable","16":"purchasable","17":"product-type-simple"},"_links":{"self":[{"href":"https:\/\/roveyayinevi.com.tr\/index.php\/wp-json\/wp\/v2\/product\/696413","targetHints":{"allow":["GET"]}}],"collection":[{"href":"https:\/\/roveyayinevi.com.tr\/index.php\/wp-json\/wp\/v2\/product"}],"about":[{"href":"https:\/\/roveyayinevi.com.tr\/index.php\/wp-json\/wp\/v2\/types\/product"}],"wp:attachment":[{"href":"https:\/\/roveyayinevi.com.tr\/index.php\/wp-json\/wp\/v2\/media?parent=696413"}],"wp:term":[{"taxonomy":"product_brand","embeddable":true,"href":"https:\/\/roveyayinevi.com.tr\/index.php\/wp-json\/wp\/v2\/product_brand?post=696413"},{"taxonomy":"product_cat","embeddable":true,"href":"https:\/\/roveyayinevi.com.tr\/index.php\/wp-json\/wp\/v2\/product_cat?post=696413"},{"taxonomy":"product_tag","embeddable":true,"href":"https:\/\/roveyayinevi.com.tr\/index.php\/wp-json\/wp\/v2\/product_tag?post=696413"}],"curies":[{"name":"wp","href":"https:\/\/api.w.org\/{rel}","templated":true}]}}