{"id":696411,"date":"2025-08-27T14:34:19","date_gmt":"2025-08-27T11:34:19","guid":{"rendered":"https:\/\/roveyayinevi.com.tr\/index.php\/urun\/yaratici-imgeleme\/"},"modified":"2026-04-16T02:06:19","modified_gmt":"2026-04-15T23:06:19","slug":"yaratici-imgeleme","status":"publish","type":"product","link":"https:\/\/roveyayinevi.com.tr\/index.php\/urun\/yaratici-imgeleme\/","title":{"rendered":"Yarat\u0131c\u0131 \u0130mgeleme"},"content":{"rendered":"<p>YARATICI \u0130MGELEME, hayatta istedi\u011finiz her \u015feyi yaratabilmek ve ya\u015fam\u0131n\u0131z\u0131 olumlu y\u00f6nde de\u011fi\u015ftirebilmek i\u00e7in zihinsel betimleme ve onaylamay\u0131 kullanma sanat\u0131d\u0131r. YARATICI \u0130MGELEME, g\u00fcn\u00fcm\u00fczde art\u0131k sa\u011fl\u0131k, e\u011fitim, i\u015f, sanat, spor alan\u0131nda ve ruhsal tek\u00e2m\u00fclde, bu tekni\u011fin bilincine varm\u0131\u015f ki\u015filer taraf\u0131ndan ba\u015far\u0131yla kullan\u0131lmaktad\u0131r. Amerikal\u0131 \u00fcnl\u00fc kad\u0131n yazar Shakti Gawain, bir\u00e7ok dile \u00e7evrilen ve milyonlarca satan bu kitab\u0131nda bizlere, kendi ya\u015fam\u0131m\u0131z\u0131n efendisi ve ger\u00e7ek yarat\u0131c\u0131s\u0131 olmam\u0131z\u0131 sa\u011flayacak basit, uygulanmas\u0131 kolay, ancak \u00e7ok g\u00fc\u00e7l\u00fc teknikler ve meditasyonlar sunuyor. Bu son derece etkili tekniklerin kullan\u0131m\u0131ndan hemen sonra yararl\u0131 sonu\u00e7lar\u0131 g\u00f6r\u00fclmeye ba\u015flan\u0131yor. G\u00fcnl\u00fck ya\u015fam\u0131n\u0131z\u0131n ayr\u0131lmaz bir par\u00e7as\u0131 haline gelecek YARATICI \u0130MGELEME ile: Ruhsal geli\u015fiminize h\u0131z kazand\u0131rabilir, Yarat\u0131c\u0131l\u0131k yetene\u011finizi geli\u015ftirebilir, Tam bir sa\u011fl\u0131k, canl\u0131l\u0131k ve i\u00e7 huzuruna kavu\u015fabilir, \u0130nsanlarla ve d\u00fcnyayla daha doyum verici ili\u015fkiler kurabilir, Zararl\u0131 al\u0131\u015fkanl\u0131klardan kurtulabilir, Mesleki hedeflerinize ula\u015fabilir, Refah ve bollu\u011fa kavu\u015fabilir, Ve daha say\u0131s\u0131z \u015feyi ger\u00e7ekle\u015ftirebilirsiniz! <\/p>\n","protected":false},"excerpt":{"rendered":"<p>YARATICI \u0130MGELEME, hayatta istedi\u011finiz her \u015feyi yaratabilmek ve ya\u015fam\u0131n\u0131z\u0131 olumlu y\u00f6nde de\u011fi\u015ftirebilmek i\u00e7in zihinsel betimleme ve onaylamay\u0131 kullanma sanat\u0131d\u0131r. YARATICI \u0130MGELEME, g\u00fcn\u00fcm\u00fczde art\u0131k sa\u011fl\u0131k, e\u011fitim, i\u015f,<span class=\"excerpt-hellip\"> [\u2026]<\/span><\/p>\n","protected":false},"featured_media":0,"template":"","meta":{"_monsterinsights_skip_tracking":false,"_monsterinsights_sitenote_active":false,"_monsterinsights_sitenote_note":"","_monsterinsights_sitenote_category":0},"product_brand":[],"product_cat":[13365,20549],"product_tag":[],"class_list":{"0":"post-696411","1":"product","2":"type-product","3":"status-publish","5":"product_cat-saglik","6":"product_cat-saglik-iletisimi","7":"pa_cilt-ciltsiz","8":"pa_tur-kitap","9":"pa_yayinevi-akasa-yayinlari","10":"pa_yazar-shakti-gawain","12":"first","13":"instock","14":"sale","15":"shipping-taxable","16":"purchasable","17":"product-type-simple"},"_links":{"self":[{"href":"https:\/\/roveyayinevi.com.tr\/index.php\/wp-json\/wp\/v2\/product\/696411","targetHints":{"allow":["GET"]}}],"collection":[{"href":"https:\/\/roveyayinevi.com.tr\/index.php\/wp-json\/wp\/v2\/product"}],"about":[{"href":"https:\/\/roveyayinevi.com.tr\/index.php\/wp-json\/wp\/v2\/types\/product"}],"wp:attachment":[{"href":"https:\/\/roveyayinevi.com.tr\/index.php\/wp-json\/wp\/v2\/media?parent=696411"}],"wp:term":[{"taxonomy":"product_brand","embeddable":true,"href":"https:\/\/roveyayinevi.com.tr\/index.php\/wp-json\/wp\/v2\/product_brand?post=696411"},{"taxonomy":"product_cat","embeddable":true,"href":"https:\/\/roveyayinevi.com.tr\/index.php\/wp-json\/wp\/v2\/product_cat?post=696411"},{"taxonomy":"product_tag","embeddable":true,"href":"https:\/\/roveyayinevi.com.tr\/index.php\/wp-json\/wp\/v2\/product_tag?post=696411"}],"curies":[{"name":"wp","href":"https:\/\/api.w.org\/{rel}","templated":true}]}}