{"id":696409,"date":"2025-08-27T14:34:19","date_gmt":"2025-08-27T11:34:19","guid":{"rendered":"https:\/\/roveyayinevi.com.tr\/index.php\/urun\/monun-gizemi-3-ikizler\/"},"modified":"2026-04-16T02:06:19","modified_gmt":"2026-04-15T23:06:19","slug":"monun-gizemi-3-ikizler","status":"publish","type":"product","link":"https:\/\/roveyayinevi.com.tr\/index.php\/urun\/monun-gizemi-3-ikizler\/","title":{"rendered":"Mo\u2019nun Gizemi 3 &#8211; \u0130kizler"},"content":{"rendered":"<p>Mo\u2019nun Gizemi dizisindeki t\u00fcm gizler \u00e7\u00f6z\u00fcl\u00fcyor. Bu kitab\u0131n ba\u015fkahramanlar\u0131, Defne ile Bur\u00e7\u2019un ikizleri. Onlarla heyecan\u0131n doruklar\u0131na u\u00e7acaks\u0131n\u0131z. \u0130kizlerin biri k\u0131z, \u00f6teki erkek. Yuma taraf\u0131ndan, gizemli y\u00f6ntemlerle laboratuvarda olu\u015fturuldular\u2026 Otran bebekleri getirdi\u011finde, Defne-Bur\u00e7 ve Ece \u00f6ylesine sevindiler ki!&#8230; Ne var ki ikizler, birdenbire iri birer t\u0131rt\u0131la, sonra deniz y\u0131ld\u0131z\u0131na, en sonunda da yeniden insan yavrusuna d\u00f6n\u00fc\u015ft\u00fcler. Asl\u0131nda ikizler, insan\u00fcst\u00fc birer varl\u0131kt\u0131lar. Defne-Bur\u00e7 ve Mo genleri ile kedi g\u00f6r\u00fcn\u00fcm\u00fcnde, D\u00dcNYA DI\u015eI bir canl\u0131 olan \u015e\u0130LA\u2019n\u0131n genlerini ta\u015f\u0131yorlard\u0131\u2026 HAYD\u0130 ELLER\u0130M\u0130 TUTUN! G\u00d6ZLER\u0130N\u0130Z\u0130 KAPATIN! \u0130K\u0130ZLERLE B\u0130RL\u0130KTE YA\u015eAM BOYU UNUTAMAYACA\u011eINIZ SER\u00dcVENLERE DALALIM. <\/p>\n","protected":false},"excerpt":{"rendered":"<p>Mo\u2019nun Gizemi dizisindeki t\u00fcm gizler \u00e7\u00f6z\u00fcl\u00fcyor. Bu kitab\u0131n ba\u015fkahramanlar\u0131, Defne ile Bur\u00e7\u2019un ikizleri. Onlarla heyecan\u0131n doruklar\u0131na u\u00e7acaks\u0131n\u0131z. \u0130kizlerin biri k\u0131z, \u00f6teki erkek. Yuma taraf\u0131ndan, gizemli y\u00f6ntemlerle<span class=\"excerpt-hellip\"> [\u2026]<\/span><\/p>\n","protected":false},"featured_media":0,"template":"","meta":{"_monsterinsights_skip_tracking":false,"_monsterinsights_sitenote_active":false,"_monsterinsights_sitenote_note":"","_monsterinsights_sitenote_category":0},"product_brand":[],"product_cat":[12291,12711],"product_tag":[],"class_list":{"0":"post-696409","1":"product","2":"type-product","3":"status-publish","5":"product_cat-edebiyat","6":"product_cat-roman-oyku","7":"pa_cilt-ciltsiz","8":"pa_tur-kitap","9":"pa_yayinevi-altin-kitaplar","10":"pa_yazar-gulten-dayioglu","12":"first","13":"instock","14":"sale","15":"shipping-taxable","16":"purchasable","17":"product-type-simple"},"_links":{"self":[{"href":"https:\/\/roveyayinevi.com.tr\/index.php\/wp-json\/wp\/v2\/product\/696409","targetHints":{"allow":["GET"]}}],"collection":[{"href":"https:\/\/roveyayinevi.com.tr\/index.php\/wp-json\/wp\/v2\/product"}],"about":[{"href":"https:\/\/roveyayinevi.com.tr\/index.php\/wp-json\/wp\/v2\/types\/product"}],"wp:attachment":[{"href":"https:\/\/roveyayinevi.com.tr\/index.php\/wp-json\/wp\/v2\/media?parent=696409"}],"wp:term":[{"taxonomy":"product_brand","embeddable":true,"href":"https:\/\/roveyayinevi.com.tr\/index.php\/wp-json\/wp\/v2\/product_brand?post=696409"},{"taxonomy":"product_cat","embeddable":true,"href":"https:\/\/roveyayinevi.com.tr\/index.php\/wp-json\/wp\/v2\/product_cat?post=696409"},{"taxonomy":"product_tag","embeddable":true,"href":"https:\/\/roveyayinevi.com.tr\/index.php\/wp-json\/wp\/v2\/product_tag?post=696409"}],"curies":[{"name":"wp","href":"https:\/\/api.w.org\/{rel}","templated":true}]}}