{"id":696407,"date":"2025-08-27T14:34:18","date_gmt":"2025-08-27T11:34:18","guid":{"rendered":"https:\/\/roveyayinevi.com.tr\/index.php\/urun\/simdinin-gucu\/"},"modified":"2026-04-16T02:06:19","modified_gmt":"2026-04-15T23:06:19","slug":"simdinin-gucu","status":"publish","type":"product","link":"https:\/\/roveyayinevi.com.tr\/index.php\/urun\/simdinin-gucu\/","title":{"rendered":"\u015eimdi\u2019nin G\u00fcc\u00fc"},"content":{"rendered":"<p>\u00dcstat Eckhart Tolle k\u0131s s\u00fcrede bir bestseller haline gelen bilgelik dolu bu eserinde bilincimizde ve ya\u015fam\u0131m\u0131zda mucizevi bir de\u011fi\u015fim yaratabilecek evrensel bir \u00f6\u011freti sunuyor. Tolle, t\u00fcm \u0131st\u0131rap, endi\u015fe ve korkular\u0131m\u0131z\u0131n, dolay\u0131s\u0131yla mutsuzlu\u011fumuzun ger\u00e7ek kayna\u011f\u0131n\u0131 \u00e7arp\u0131c\u0131 bir b\u00e7imde g\u00f6sterip, onu \u015fimdi ve burada nas\u0131l a\u015fabilece\u011fimizi, huzur ve mutlulu\u011fa hemen \u015fimdi nas\u0131l kavu\u015fabilece\u011fimizi, bilincimizi hemen \u015fimdi d\u00f6n\u00fc\u015f\u00fcme u\u011frat\u0131p nas\u0131l ayd\u0131nlanabilece\u011fimizi, ger\u00e7ek Var&#8217;l\u0131\u011f\u0131m\u0131zla hemen \u015fidmi nas\u0131l birle\u015febilece\u011fimizi anlat\u0131yor. Ele\u015ftirmenler b\u00f6yle bir kitab\u0131n \u00e7ok nadir olarak geldi\u011fi konusunda g\u00f6r\u00fc\u015f birli\u011fine var\u0131rken, okurlar ya\u015famlar\u0131nda ola\u011fan\u00fcst\u00fc de\u011fi\u015fimlerin meydana geldi\u011fini bildiriyorlar. \u015eimdi&#8217;nin G\u00fcc\u00fc ya\u015fam\u0131m\u0131z\u0131n her an\u0131n\u0131n bir mucize oldu\u011funu fark etmemizi sa\u011fl\u0131yor ve b\u00fcy\u00fck bir yeti\u015fkinlikle \u015eimdi&#8217;nin g\u00fcc\u00fcne nas\u0131l eri\u015febilece\u011fimizi a\u00e7\u0131kl\u0131yor. <\/p>\n","protected":false},"excerpt":{"rendered":"<p>\u00dcstat Eckhart Tolle k\u0131s s\u00fcrede bir bestseller haline gelen bilgelik dolu bu eserinde bilincimizde ve ya\u015fam\u0131m\u0131zda mucizevi bir de\u011fi\u015fim yaratabilecek evrensel bir \u00f6\u011freti sunuyor. Tolle, t\u00fcm<span class=\"excerpt-hellip\"> [\u2026]<\/span><\/p>\n","protected":false},"featured_media":0,"template":"","meta":{"_monsterinsights_skip_tracking":false,"_monsterinsights_sitenote_active":false,"_monsterinsights_sitenote_note":"","_monsterinsights_sitenote_category":0},"product_brand":[],"product_cat":[12364,12376],"product_tag":[],"class_list":{"0":"post-696407","1":"product","2":"type-product","3":"status-publish","5":"product_cat-genel-konular","6":"product_cat-kisisel-gelisim","7":"pa_cilt-ciltsiz","8":"pa_tur-kitap","9":"pa_yayinevi-akasa-yayinlari","10":"pa_yazar-eckhart-tolle","12":"first","13":"instock","14":"sale","15":"shipping-taxable","16":"purchasable","17":"product-type-simple"},"_links":{"self":[{"href":"https:\/\/roveyayinevi.com.tr\/index.php\/wp-json\/wp\/v2\/product\/696407","targetHints":{"allow":["GET"]}}],"collection":[{"href":"https:\/\/roveyayinevi.com.tr\/index.php\/wp-json\/wp\/v2\/product"}],"about":[{"href":"https:\/\/roveyayinevi.com.tr\/index.php\/wp-json\/wp\/v2\/types\/product"}],"wp:attachment":[{"href":"https:\/\/roveyayinevi.com.tr\/index.php\/wp-json\/wp\/v2\/media?parent=696407"}],"wp:term":[{"taxonomy":"product_brand","embeddable":true,"href":"https:\/\/roveyayinevi.com.tr\/index.php\/wp-json\/wp\/v2\/product_brand?post=696407"},{"taxonomy":"product_cat","embeddable":true,"href":"https:\/\/roveyayinevi.com.tr\/index.php\/wp-json\/wp\/v2\/product_cat?post=696407"},{"taxonomy":"product_tag","embeddable":true,"href":"https:\/\/roveyayinevi.com.tr\/index.php\/wp-json\/wp\/v2\/product_tag?post=696407"}],"curies":[{"name":"wp","href":"https:\/\/api.w.org\/{rel}","templated":true}]}}