{"id":696401,"date":"2025-08-27T14:34:17","date_gmt":"2025-08-27T11:34:17","guid":{"rendered":"https:\/\/roveyayinevi.com.tr\/index.php\/urun\/altin-ferman-berke-noyan\/"},"modified":"2026-04-16T02:06:19","modified_gmt":"2026-04-15T23:06:19","slug":"altin-ferman-berke-noyan","status":"publish","type":"product","link":"https:\/\/roveyayinevi.com.tr\/index.php\/urun\/altin-ferman-berke-noyan\/","title":{"rendered":"Alt\u0131n Ferman-Berke Noyan"},"content":{"rendered":"<p>13.y\u00fczy\u0131l\u0131n ba\u015flar\u0131nda Cengiz Han \u00f6nderli\u011findeki Mo\u011follar, girdikleri \u015fehirleri yak\u0131p y\u0131karak d\u00fcnyada deh\u015fet uyand\u0131rmaktayd\u0131. Koca bir \u00e7\u0131\u011f gibi b\u00fcy\u00fcyen bu atl\u0131lar, k\u0131sa s\u00fcrede Rus bozk\u0131rlar\u0131n\u0131, Romanya topraklar\u0131n\u0131 \u00e7i\u011fneyip, ta Macaristan\u2019a kadar uzand\u0131. Cengiz Han, arkas\u0131nda o zamana kadar g\u00f6r\u00fclmemi\u015f b\u00fcy\u00fckl\u00fckte bir imparatorluk b\u0131rakarak \u00f6ld\u00fc. Onun soyundan gelenler ya\u011fmalama hareketine devam ediyordu. Ta ki i\u00e7lerinden biri farkl\u0131 d\u00fc\u015f\u00fcnene kadar! O\u011fol \u0130mparatorlu\u011fu\u2019nun karanl\u0131k d\u00fcnyas\u0131na bir g\u00fcne\u015f gibi do\u011fan Berke Noyan\u2019\u0131n de\u011fi\u015fen hayat\u0131n\u0131, karde\u015fler aras\u0131ndaki amans\u0131z iktidar kavgas\u0131n\u0131 ve bu karma\u015fa i\u00e7inde ya\u015fanan h\u00fcz\u00fcnl\u00fc a\u015fk \u00f6yk\u00fcs\u00fcn\u00fc Ahmet Y\u0131lmaz Boyuna\u011fa\u2019n\u0131n usta kaleminden zevkle okuyacaks\u0131n\u0131z. \ufffcTan\u0131t\u0131m Metni<\/p>\n","protected":false},"excerpt":{"rendered":"<p>13.y\u00fczy\u0131l\u0131n ba\u015flar\u0131nda Cengiz Han \u00f6nderli\u011findeki Mo\u011follar, girdikleri \u015fehirleri yak\u0131p y\u0131karak d\u00fcnyada deh\u015fet uyand\u0131rmaktayd\u0131. Koca bir \u00e7\u0131\u011f gibi b\u00fcy\u00fcyen bu atl\u0131lar, k\u0131sa s\u00fcrede Rus bozk\u0131rlar\u0131n\u0131, Romanya topraklar\u0131n\u0131<span class=\"excerpt-hellip\"> [\u2026]<\/span><\/p>\n","protected":false},"featured_media":0,"template":"","meta":{"_monsterinsights_skip_tracking":false,"_monsterinsights_sitenote_active":false,"_monsterinsights_sitenote_note":"","_monsterinsights_sitenote_category":0},"product_brand":[],"product_cat":[12291,12292],"product_tag":[],"class_list":{"0":"post-696401","1":"product","2":"type-product","3":"status-publish","5":"product_cat-edebiyat","6":"product_cat-turk-edebiyati","7":"pa_tur-kitap","8":"pa_yayinevi-genc-timas","9":"pa_yazar-ahmet-yilmaz-boyunaga","11":"first","12":"instock","13":"sale","14":"shipping-taxable","15":"purchasable","16":"product-type-simple"},"_links":{"self":[{"href":"https:\/\/roveyayinevi.com.tr\/index.php\/wp-json\/wp\/v2\/product\/696401","targetHints":{"allow":["GET"]}}],"collection":[{"href":"https:\/\/roveyayinevi.com.tr\/index.php\/wp-json\/wp\/v2\/product"}],"about":[{"href":"https:\/\/roveyayinevi.com.tr\/index.php\/wp-json\/wp\/v2\/types\/product"}],"wp:attachment":[{"href":"https:\/\/roveyayinevi.com.tr\/index.php\/wp-json\/wp\/v2\/media?parent=696401"}],"wp:term":[{"taxonomy":"product_brand","embeddable":true,"href":"https:\/\/roveyayinevi.com.tr\/index.php\/wp-json\/wp\/v2\/product_brand?post=696401"},{"taxonomy":"product_cat","embeddable":true,"href":"https:\/\/roveyayinevi.com.tr\/index.php\/wp-json\/wp\/v2\/product_cat?post=696401"},{"taxonomy":"product_tag","embeddable":true,"href":"https:\/\/roveyayinevi.com.tr\/index.php\/wp-json\/wp\/v2\/product_tag?post=696401"}],"curies":[{"name":"wp","href":"https:\/\/api.w.org\/{rel}","templated":true}]}}