{"id":696397,"date":"2025-08-27T14:34:16","date_gmt":"2025-08-27T11:34:16","guid":{"rendered":"https:\/\/roveyayinevi.com.tr\/index.php\/urun\/sazin-ve-sozun-sultanlari-8\/"},"modified":"2026-04-16T02:06:18","modified_gmt":"2026-04-15T23:06:18","slug":"sazin-ve-sozun-sultanlari-8","status":"publish","type":"product","link":"https:\/\/roveyayinevi.com.tr\/index.php\/urun\/sazin-ve-sozun-sultanlari-8\/","title":{"rendered":"Saz\u0131n ve S\u00f6z\u00fcn Sultanlar\u0131 8"},"content":{"rendered":"<p>\u0130simlerine ula\u015fabildi\u011fimiz s\u00f6z\u00fcn ilk ustalar\u0131 olan \u00c7u\u00e7u, Apr\u0131n\u00e7ur Tigin, K\u00fcl Tarkan&#8217;dan ozanlar\u0131n piri olan Dede Korkut&#8217;a, Pir Sultan Abdal&#8217;a, Karacao\u011flan&#8217;a, A\u015f\u0131k \u00d6mer&#8217;e, A\u015f\u0131k \u015eenlik&#8217;e, Ka\u011f\u0131zmanl\u0131 H\u0131fzi&#8217;ye, Aya\u015fl\u0131 Ahmet Fahri&#8217;ye, A\u015f\u0131k Veysel&#8217;e ve Mahzuni&#8217;ye kadar saz\u0131n ve s\u00f6z\u00fcn bayra\u011f\u0131 \u015ferefle ta\u015f\u0131nm\u0131\u015f ve g\u00fcn\u00fcm\u00fcz halk \u015fairlerine devredilmi\u015ftir.Onlar\u0131n \u015fiirlerinde, zaman gelmi\u015f s\u00f6z &#8220;sevgiliye hasreti&#8221; anlatm\u0131\u015ft\u0131r, zaman gelmi\u015f &#8220;ilahi sevgiyle yo\u011frulup Bir&#8217;i bulmu\u015ftur&#8221;, zaman gelmi\u015f &#8220;haks\u0131zl\u0131klara tahamm\u00fcl edemeyip adaletin keskin k\u0131l\u0131c\u0131 olmu\u015ftur&#8221;, zaman gelmi\u015f &#8220;can\u0131n\u0131 verip, topra\u011f\u0131n\u0131 vermeyen Mehmet&#8217;in t\u00fcrk\u00fcs\u00fc olmu\u015ftur.&#8221;Onlar\u0131n \u015fiirleri, sarraf olsak de\u011ferini bi\u00e7emeyece\u011fimiz kadar de\u011ferlidir. <\/p>\n","protected":false},"excerpt":{"rendered":"<p>\u0130simlerine ula\u015fabildi\u011fimiz s\u00f6z\u00fcn ilk ustalar\u0131 olan \u00c7u\u00e7u, Apr\u0131n\u00e7ur Tigin, K\u00fcl Tarkan&#8217;dan ozanlar\u0131n piri olan Dede Korkut&#8217;a, Pir Sultan Abdal&#8217;a, Karacao\u011flan&#8217;a, A\u015f\u0131k \u00d6mer&#8217;e, A\u015f\u0131k \u015eenlik&#8217;e, Ka\u011f\u0131zmanl\u0131 H\u0131fzi&#8217;ye,<span class=\"excerpt-hellip\"> [\u2026]<\/span><\/p>\n","protected":false},"featured_media":0,"template":"","meta":{"_monsterinsights_skip_tracking":false,"_monsterinsights_sitenote_active":false,"_monsterinsights_sitenote_note":"","_monsterinsights_sitenote_category":0},"product_brand":[],"product_cat":[27157,12291],"product_tag":[],"class_list":{"0":"post-696397","1":"product","2":"type-product","3":"status-publish","5":"product_cat-derleme","6":"product_cat-edebiyat","7":"pa_cilt-ciltsiz","8":"pa_tur-kitap","9":"pa_yayinevi-gazi-kitabevi","10":"pa_yazar-kolektif","12":"first","13":"instock","14":"sale","15":"shipping-taxable","16":"purchasable","17":"product-type-simple"},"_links":{"self":[{"href":"https:\/\/roveyayinevi.com.tr\/index.php\/wp-json\/wp\/v2\/product\/696397","targetHints":{"allow":["GET"]}}],"collection":[{"href":"https:\/\/roveyayinevi.com.tr\/index.php\/wp-json\/wp\/v2\/product"}],"about":[{"href":"https:\/\/roveyayinevi.com.tr\/index.php\/wp-json\/wp\/v2\/types\/product"}],"wp:attachment":[{"href":"https:\/\/roveyayinevi.com.tr\/index.php\/wp-json\/wp\/v2\/media?parent=696397"}],"wp:term":[{"taxonomy":"product_brand","embeddable":true,"href":"https:\/\/roveyayinevi.com.tr\/index.php\/wp-json\/wp\/v2\/product_brand?post=696397"},{"taxonomy":"product_cat","embeddable":true,"href":"https:\/\/roveyayinevi.com.tr\/index.php\/wp-json\/wp\/v2\/product_cat?post=696397"},{"taxonomy":"product_tag","embeddable":true,"href":"https:\/\/roveyayinevi.com.tr\/index.php\/wp-json\/wp\/v2\/product_tag?post=696397"}],"curies":[{"name":"wp","href":"https:\/\/api.w.org\/{rel}","templated":true}]}}