{"id":696393,"date":"2025-08-27T14:34:15","date_gmt":"2025-08-27T11:34:15","guid":{"rendered":"https:\/\/roveyayinevi.com.tr\/index.php\/urun\/ogrenme-stiline-dayali-ogretim-ve-biyoloji-dersi-ogretimine-yonelik-ders-plani-ornekleri\/"},"modified":"2026-04-16T02:06:18","modified_gmt":"2026-04-15T23:06:18","slug":"ogrenme-stiline-dayali-ogretim-ve-biyoloji-dersi-ogretimine-yonelik-ders-plani-ornekleri","status":"publish","type":"product","link":"https:\/\/roveyayinevi.com.tr\/index.php\/urun\/ogrenme-stiline-dayali-ogretim-ve-biyoloji-dersi-ogretimine-yonelik-ders-plani-ornekleri\/","title":{"rendered":"\u00d6\u011frenme Stiline Dayal\u0131 \u00d6\u011fretim ve Biyoloji Dersi \u00d6\u011fretimine Y\u00f6nelik Ders Plan\u0131 \u00d6rnekleri"},"content":{"rendered":"<p>Y\u0131llard\u0131r ba\u015fka e\u011fitimciler olmak \u00fczere pek \u00e7ok ara\u015ft\u0131rmac\u0131, bireylerin \u00f6\u011frenme s\u00fcre\u00e7lerindeki farkl\u0131l\u0131klar konusunda ara\u015ft\u0131rmalar yapm\u0131\u015flar ve e\u011fitim-\u00f6\u011fretim faaliyetlerinde bu farkl\u0131l\u0131klar\u0131n dikkate al\u0131nmas\u0131 gerekti\u011fi y\u00f6n\u00fcnde \u00f6neriler sunmu\u015flard\u0131r.Bu \u00e7al\u0131\u015fma, \u00f6\u011frencilerin \u00f6\u011frenme s\u00fcre\u00e7lerindeki farkl\u0131l\u0131klar\u0131 dikkate alan \u00d6\u011frenme Stiline Dayal\u0131 \u00d6\u011fretim uygulamas\u0131n\u0131 tan\u0131tmak amac\u0131yla haz\u0131rlanm\u0131\u015ft\u0131r. <\/p>\n","protected":false},"excerpt":{"rendered":"<p>Y\u0131llard\u0131r ba\u015fka e\u011fitimciler olmak \u00fczere pek \u00e7ok ara\u015ft\u0131rmac\u0131, bireylerin \u00f6\u011frenme s\u00fcre\u00e7lerindeki farkl\u0131l\u0131klar konusunda ara\u015ft\u0131rmalar yapm\u0131\u015flar ve e\u011fitim-\u00f6\u011fretim faaliyetlerinde bu farkl\u0131l\u0131klar\u0131n dikkate al\u0131nmas\u0131 gerekti\u011fi y\u00f6n\u00fcnde \u00f6neriler sunmu\u015flard\u0131r.Bu<span class=\"excerpt-hellip\"> [\u2026]<\/span><\/p>\n","protected":false},"featured_media":0,"template":"","meta":{"_monsterinsights_skip_tracking":false,"_monsterinsights_sitenote_active":false,"_monsterinsights_sitenote_note":"","_monsterinsights_sitenote_category":0},"product_brand":[],"product_cat":[12573,12566],"product_tag":[],"class_list":{"0":"post-696393","1":"product","2":"type-product","3":"status-publish","5":"product_cat-akademik-kitaplar","6":"product_cat-egitim","7":"pa_cilt-ciltsiz","8":"pa_tur-kitap","9":"pa_yayinevi-gazi-kitabevi","10":"pa_yazar-gulay-ekici","12":"first","13":"instock","14":"sale","15":"shipping-taxable","16":"purchasable","17":"product-type-simple"},"_links":{"self":[{"href":"https:\/\/roveyayinevi.com.tr\/index.php\/wp-json\/wp\/v2\/product\/696393","targetHints":{"allow":["GET"]}}],"collection":[{"href":"https:\/\/roveyayinevi.com.tr\/index.php\/wp-json\/wp\/v2\/product"}],"about":[{"href":"https:\/\/roveyayinevi.com.tr\/index.php\/wp-json\/wp\/v2\/types\/product"}],"wp:attachment":[{"href":"https:\/\/roveyayinevi.com.tr\/index.php\/wp-json\/wp\/v2\/media?parent=696393"}],"wp:term":[{"taxonomy":"product_brand","embeddable":true,"href":"https:\/\/roveyayinevi.com.tr\/index.php\/wp-json\/wp\/v2\/product_brand?post=696393"},{"taxonomy":"product_cat","embeddable":true,"href":"https:\/\/roveyayinevi.com.tr\/index.php\/wp-json\/wp\/v2\/product_cat?post=696393"},{"taxonomy":"product_tag","embeddable":true,"href":"https:\/\/roveyayinevi.com.tr\/index.php\/wp-json\/wp\/v2\/product_tag?post=696393"}],"curies":[{"name":"wp","href":"https:\/\/api.w.org\/{rel}","templated":true}]}}