{"id":696391,"date":"2025-08-27T14:34:14","date_gmt":"2025-08-27T11:34:14","guid":{"rendered":"https:\/\/roveyayinevi.com.tr\/index.php\/urun\/olasilik-ve-istatistige-giris-2\/"},"modified":"2026-04-16T02:06:18","modified_gmt":"2026-04-15T23:06:18","slug":"olasilik-ve-istatistige-giris-2","status":"publish","type":"product","link":"https:\/\/roveyayinevi.com.tr\/index.php\/urun\/olasilik-ve-istatistige-giris-2\/","title":{"rendered":"Olas\u0131l\u0131k ve \u0130statisti\u011fe Giri\u015f 2"},"content":{"rendered":"<p>Sevgili \u00f6\u011frenciler, Olas\u0131l\u0131k ve \u0130stati\u011fe Giri\u015f 1 ders notunda temel kavramlardan baz\u0131lar\u0131 ile tan\u0131\u015fm\u0131\u015f oldunuz. Bu kavramlar tan\u0131mlar\u0131, elverdik\u00e7e, tavizsiz yap\u0131lmaya \u00e7al\u0131\u015f\u0131ld\u0131. Biraz a\u011f\u0131r ve sevimsiz oldu. Olas\u0131l\u0131k ve \u0130stati\u011fe Giri\u015f 2 ders notu da ayn\u0131. De\u011fi\u015fen bir\u015fey yok, ancak daha sevimli bulaca\u011f\u0131n\u0131z umuyorum.\u00c7al\u0131\u015fmalar\u0131n\u0131z verimli, yolunuz a\u00e7\u0131k olsun.-Prof. Dr. Fikri \u00d6zt\u00fcrk- <\/p>\n","protected":false},"excerpt":{"rendered":"<p>Sevgili \u00f6\u011frenciler, Olas\u0131l\u0131k ve \u0130stati\u011fe Giri\u015f 1 ders notunda temel kavramlardan baz\u0131lar\u0131 ile tan\u0131\u015fm\u0131\u015f oldunuz. Bu kavramlar tan\u0131mlar\u0131, elverdik\u00e7e, tavizsiz yap\u0131lmaya \u00e7al\u0131\u015f\u0131ld\u0131. Biraz a\u011f\u0131r ve sevimsiz<span class=\"excerpt-hellip\"> [\u2026]<\/span><\/p>\n","protected":false},"featured_media":0,"template":"","meta":{"_monsterinsights_skip_tracking":false,"_monsterinsights_sitenote_active":false,"_monsterinsights_sitenote_note":"","_monsterinsights_sitenote_category":0},"product_brand":[],"product_cat":[12573,12566],"product_tag":[],"class_list":{"0":"post-696391","1":"product","2":"type-product","3":"status-publish","5":"product_cat-akademik-kitaplar","6":"product_cat-egitim","7":"pa_cilt-ciltsiz","8":"pa_tur-kitap","9":"pa_yayinevi-gazi-kitabevi","10":"pa_yazar-fikri-ozturk","12":"first","13":"instock","14":"sale","15":"shipping-taxable","16":"purchasable","17":"product-type-simple"},"_links":{"self":[{"href":"https:\/\/roveyayinevi.com.tr\/index.php\/wp-json\/wp\/v2\/product\/696391","targetHints":{"allow":["GET"]}}],"collection":[{"href":"https:\/\/roveyayinevi.com.tr\/index.php\/wp-json\/wp\/v2\/product"}],"about":[{"href":"https:\/\/roveyayinevi.com.tr\/index.php\/wp-json\/wp\/v2\/types\/product"}],"wp:attachment":[{"href":"https:\/\/roveyayinevi.com.tr\/index.php\/wp-json\/wp\/v2\/media?parent=696391"}],"wp:term":[{"taxonomy":"product_brand","embeddable":true,"href":"https:\/\/roveyayinevi.com.tr\/index.php\/wp-json\/wp\/v2\/product_brand?post=696391"},{"taxonomy":"product_cat","embeddable":true,"href":"https:\/\/roveyayinevi.com.tr\/index.php\/wp-json\/wp\/v2\/product_cat?post=696391"},{"taxonomy":"product_tag","embeddable":true,"href":"https:\/\/roveyayinevi.com.tr\/index.php\/wp-json\/wp\/v2\/product_tag?post=696391"}],"curies":[{"name":"wp","href":"https:\/\/api.w.org\/{rel}","templated":true}]}}