{"id":696388,"date":"2025-08-27T14:34:13","date_gmt":"2025-08-27T11:34:13","guid":{"rendered":"https:\/\/roveyayinevi.com.tr\/index.php\/urun\/matematiksel-istatistige-giris\/"},"modified":"2025-10-30T09:42:34","modified_gmt":"2025-10-30T06:42:34","slug":"matematiksel-istatistige-giris","status":"publish","type":"product","link":"https:\/\/roveyayinevi.com.tr\/index.php\/urun\/matematiksel-istatistige-giris\/","title":{"rendered":"Matematiksel \u0130statisti\u011fe Giri\u015f"},"content":{"rendered":"<p>\u0130\u00e7indekiler     B\u00f6l\u00fcm 1 TEMEL OLASILIK KAVRAMLARI   B\u00f6l\u00fcm 2 RASGELE DE\u011e\u0130\u015eKENLER VE DA\u011eILIMLARI   B\u00f6l\u00fcm 3 RASGELE DE\u011e\u0130\u015eKENLER\u0130N D\u00d6N\u00dc\u015e\u00dcMLER\u0130 VE DA\u011eILIM FONKS\u0130YONLARI   B\u00f6l\u00fcm 4 E\u015e\u0130TS\u0130ZL\u0130KLER   B\u00f6l\u00fcm 5 \u00d6ZEL DA\u011eILIMLAR   B\u00f6l\u00fcm 6 TAHM\u0130N PROBLEM\u0130NE G\u0130R\u0130\u015e   B\u00f6l\u00fcm 7 TAHM\u0130N ED\u0130C\u0130LERDE ARANAN \u00d6ZELL\u0130KLER   B\u00f6l\u00fcm 8 EN \u0130Y\u0130 YANSIZ TAHM\u0130N ED\u0130C\u0130LER   B\u00f6l\u00fcm 9 H\u0130POTEZ TESTLER\u0130NE G\u0130R\u0130\u015e   B\u00f6l\u00fcm 10 REGRESYON ANAL\u0130Z\u0130NE G\u0130R\u0130\u015e <\/p>\n","protected":false},"excerpt":{"rendered":"<p>\u0130\u00e7indekiler B\u00f6l\u00fcm 1 TEMEL OLASILIK KAVRAMLARI B\u00f6l\u00fcm 2 RASGELE DE\u011e\u0130\u015eKENLER VE DA\u011eILIMLARI B\u00f6l\u00fcm 3 RASGELE DE\u011e\u0130\u015eKENLER\u0130N D\u00d6N\u00dc\u015e\u00dcMLER\u0130 VE DA\u011eILIM FONKS\u0130YONLARI B\u00f6l\u00fcm 4 E\u015e\u0130TS\u0130ZL\u0130KLER B\u00f6l\u00fcm 5 \u00d6ZEL<span class=\"excerpt-hellip\"> [\u2026]<\/span><\/p>\n","protected":false},"featured_media":0,"template":"","meta":{"_monsterinsights_skip_tracking":false,"_monsterinsights_sitenote_active":false,"_monsterinsights_sitenote_note":"","_monsterinsights_sitenote_category":0},"product_brand":[],"product_cat":[12573,12566],"product_tag":[],"class_list":{"0":"post-696388","1":"product","2":"type-product","3":"status-publish","5":"product_cat-akademik-kitaplar","6":"product_cat-egitim","7":"pa_cilt-ciltsiz","8":"pa_tur-kitap","9":"pa_yayinevi-gazi-kitabevi","10":"pa_yazar-yilmaz-akdi","12":"first","13":"instock","14":"sale","15":"shipping-taxable","16":"purchasable","17":"product-type-simple"},"_links":{"self":[{"href":"https:\/\/roveyayinevi.com.tr\/index.php\/wp-json\/wp\/v2\/product\/696388","targetHints":{"allow":["GET"]}}],"collection":[{"href":"https:\/\/roveyayinevi.com.tr\/index.php\/wp-json\/wp\/v2\/product"}],"about":[{"href":"https:\/\/roveyayinevi.com.tr\/index.php\/wp-json\/wp\/v2\/types\/product"}],"wp:attachment":[{"href":"https:\/\/roveyayinevi.com.tr\/index.php\/wp-json\/wp\/v2\/media?parent=696388"}],"wp:term":[{"taxonomy":"product_brand","embeddable":true,"href":"https:\/\/roveyayinevi.com.tr\/index.php\/wp-json\/wp\/v2\/product_brand?post=696388"},{"taxonomy":"product_cat","embeddable":true,"href":"https:\/\/roveyayinevi.com.tr\/index.php\/wp-json\/wp\/v2\/product_cat?post=696388"},{"taxonomy":"product_tag","embeddable":true,"href":"https:\/\/roveyayinevi.com.tr\/index.php\/wp-json\/wp\/v2\/product_tag?post=696388"}],"curies":[{"name":"wp","href":"https:\/\/api.w.org\/{rel}","templated":true}]}}