{"id":696387,"date":"2025-08-27T14:34:13","date_gmt":"2025-08-27T11:34:13","guid":{"rendered":"https:\/\/roveyayinevi.com.tr\/index.php\/urun\/makro-iktisat-myo\/"},"modified":"2026-04-16T02:06:18","modified_gmt":"2026-04-15T23:06:18","slug":"makro-iktisat-myo","status":"publish","type":"product","link":"https:\/\/roveyayinevi.com.tr\/index.php\/urun\/makro-iktisat-myo\/","title":{"rendered":"Makro \u0130ktisat (MYO)"},"content":{"rendered":"<p>Bu kitap esas itibariyle Meslek Y\u00fcksekokullar\u0131 ders planlar\u0131nda yer alan Makro \u0130ktisat dersinde \u00f6\u011frencilerin yararlanabilecekleri kaynak bir kitap olarak haz\u0131rlanm\u0131\u015ft\u0131r. Ayr\u0131ca kitap, makro iktisadi konular hakk\u0131nda a\u00e7\u0131k, anla\u015f\u0131l\u0131r bilgiler edinmek isteyen \u00e7e\u015fitli fak\u00fclte ve y\u00fcksek okullarda okuyan \u00f6\u011frencilere de hitap etmektedir.Derleme niteli\u011findeki bu kitab\u0131n temel amac\u0131, makro iktisad\u0131n alan\u0131na giren konulara ili\u015fkin temel bilgilere \u00f6\u011frencilerimizin kolayl\u0131kla ula\u015fmalar\u0131n\u0131n sa\u011flanmas\u0131d\u0131r. Bu a\u00e7\u0131dan temel beklentimiz, iktisada ilgi duyanlar\u0131n yams\u0131ra, iktisat bilimi ile hem \u00f6\u011fretici hem de \u00f6\u011frenici olarak u\u011fra\u015f\u0131 i\u00e7erisinde bulunanlara katk\u0131 sa\u011flamakt\u0131r. Basitli\u011fin ve sadeli\u011fin \u00f6n plana \u00e7\u0131kar\u0131ld\u0131\u011f\u0131 konu anlat\u0131mlar\u0131nda \u00f6\u011frencilerin teorik, say\u0131sal ve analitik d\u00fc\u015f\u00fcnme yeteneklerini geli\u015ftirici a\u00e7\u0131klamalara a\u011f\u0131rl\u0131k verilmeye \u00e7al\u0131\u015f\u0131lm\u0131\u015ft\u0131r. <\/p>\n","protected":false},"excerpt":{"rendered":"<p>Bu kitap esas itibariyle Meslek Y\u00fcksekokullar\u0131 ders planlar\u0131nda yer alan Makro \u0130ktisat dersinde \u00f6\u011frencilerin yararlanabilecekleri kaynak bir kitap olarak haz\u0131rlanm\u0131\u015ft\u0131r. Ayr\u0131ca kitap, makro iktisadi konular hakk\u0131nda<span class=\"excerpt-hellip\"> [\u2026]<\/span><\/p>\n","protected":false},"featured_media":0,"template":"","meta":{"_monsterinsights_skip_tracking":false,"_monsterinsights_sitenote_active":false,"_monsterinsights_sitenote_note":"","_monsterinsights_sitenote_category":0},"product_brand":[],"product_cat":[12312,12304],"product_tag":[],"class_list":{"0":"post-696387","1":"product","2":"type-product","3":"status-publish","5":"product_cat-diger","6":"product_cat-tarih","7":"pa_cilt-ciltsiz","8":"pa_tur-kitap","9":"pa_yayinevi-gazi-kitabevi","10":"pa_yazar-orhan-coban","12":"first","13":"instock","14":"sale","15":"shipping-taxable","16":"purchasable","17":"product-type-simple"},"_links":{"self":[{"href":"https:\/\/roveyayinevi.com.tr\/index.php\/wp-json\/wp\/v2\/product\/696387","targetHints":{"allow":["GET"]}}],"collection":[{"href":"https:\/\/roveyayinevi.com.tr\/index.php\/wp-json\/wp\/v2\/product"}],"about":[{"href":"https:\/\/roveyayinevi.com.tr\/index.php\/wp-json\/wp\/v2\/types\/product"}],"wp:attachment":[{"href":"https:\/\/roveyayinevi.com.tr\/index.php\/wp-json\/wp\/v2\/media?parent=696387"}],"wp:term":[{"taxonomy":"product_brand","embeddable":true,"href":"https:\/\/roveyayinevi.com.tr\/index.php\/wp-json\/wp\/v2\/product_brand?post=696387"},{"taxonomy":"product_cat","embeddable":true,"href":"https:\/\/roveyayinevi.com.tr\/index.php\/wp-json\/wp\/v2\/product_cat?post=696387"},{"taxonomy":"product_tag","embeddable":true,"href":"https:\/\/roveyayinevi.com.tr\/index.php\/wp-json\/wp\/v2\/product_tag?post=696387"}],"curies":[{"name":"wp","href":"https:\/\/api.w.org\/{rel}","templated":true}]}}