{"id":696380,"date":"2025-08-27T14:34:11","date_gmt":"2025-08-27T11:34:11","guid":{"rendered":"https:\/\/roveyayinevi.com.tr\/index.php\/urun\/ruhun-pusulasi-sezginin-sizi-hayallerinizdeki-yasama-goturebilecegi-52-yol\/"},"modified":"2026-04-16T02:06:18","modified_gmt":"2026-04-15T23:06:18","slug":"ruhun-pusulasi-sezginin-sizi-hayallerinizdeki-yasama-goturebilecegi-52-yol","status":"publish","type":"product","link":"https:\/\/roveyayinevi.com.tr\/index.php\/urun\/ruhun-pusulasi-sezginin-sizi-hayallerinizdeki-yasama-goturebilecegi-52-yol\/","title":{"rendered":"Ruhun Pusulas\u0131 Sezginin Sizi Hayallerinizdeki Ya\u015fama G\u00f6t\u00fcrebilece\u011fi 52 Yol"},"content":{"rendered":"<p>Lynn Robinson, Ruhun Pusulas\u0131\u2019nda sizi sevin\u00e7li ve ama\u00e7l\u0131 bir hayat\u0131 ke\u015ffetme yolculu\u011funa \u00e7\u0131kar\u0131yor. Elli iki b\u00f6l\u00fcm\u00fcn her biri uygulanabilir, ger\u00e7ek\u00e7i ve son derece yararl\u0131 derslerle dolu; bu dersler ruhsal, ki\u015fisel ve maddi hayat\u0131n\u0131zda olumlu de\u011fi\u015fiklikler yaratmak i\u00e7in atabilece\u011finiz k\u00fc\u00e7\u00fck ad\u0131mlar\u0131 da g\u00f6steriyor. Robinson \u015f\u00f6yle diyor: \u201cSezgi, bize yol g\u00f6steren bir rehberlik kayna\u011f\u0131d\u0131r; ruhun hepimizin kullanabilece\u011fi bir pusulas\u0131d\u0131r; kendi d\u00fcnyam\u0131z\u0131 canland\u0131ran ve hayat\u0131m\u0131z\u0131 y\u00f6nlendirecek bilgelik sa\u011flayan g\u00f6r\u00fcnmez bir zek\u00e2d\u0131r. Onun rehberli\u011fine uygun davrand\u0131\u011f\u0131m\u0131zda, mutlaka ba\u015far\u0131, mutluluk, huzur ve sevince giden yolu ke\u015ffederiz.\u201d \u201cE\u011fer, daima en y\u00fcksek hayr\u0131n\u0131z\u0131 g\u00f6zeten bilge yan\u0131n\u0131zla ba\u011flant\u0131n\u0131z\u0131 g\u00fc\u00e7lendirmeye haz\u0131rsan\u0131z, Ruhun Pusulas\u0131\u2019n\u0131n sundu\u011fu pratik yolu izlemelisiniz. Bu kitap d\u00fcnyayla payla\u015fmaya geldi\u011fimiz \u00f6zg\u00fcn yeteneklerimizi onurland\u0131ran bir hayat\u0131 nas\u0131l s\u00fcrd\u00fcrebilece\u011fimizi g\u00f6steriyor.\u201d -Cheryl Richardson, Stand Up for Your Life adl\u0131 kitab\u0131n yazar\u0131 \u201cRuhun Pusulas\u0131, hepimizin i\u00e7inde bulunan evrensel bilgelikten nas\u0131l yararlanaca\u011f\u0131n\u0131z\u0131 g\u00f6steriyor. \u00c7ok g\u00fczel yaz\u0131lm\u0131\u015f, mesaj\u0131n\u0131 etkili bi\u00e7imde ifade eden, mutlu ve ba\u015far\u0131l\u0131 bir hayat ya\u015famak i\u00e7in gereken ara\u00e7lar\u0131 sa\u011flayan bu g\u00fczel kitab\u0131 y\u00fcrekten \u00f6neririm. Lama Surya Das, Awakening the Buddha Within adl\u0131 kitab\u0131n yazar\u0131 \u201cLynn Robinson, sezgiye dayal\u0131 ya\u015faman\u0131n nas\u0131l iyi ya\u015faman\u0131n zevkli ve pratik bir anlamda\u015f\u0131 oldu\u011funu g\u00f6steriyor. Ruhun Pusulas\u0131\u2019n\u0131 yeni, uygulanabilir ve hemen at\u0131labilecek \u00e7ok yararl\u0131 ad\u0131mlarla dolu buldum.\u201d Victoria Moran, Creating a Charmed Life adl\u0131 kitab\u0131n yazar\u0131 \u201cBu kitab\u0131 ve sundu\u011fu berrak, sevin\u00e7 verici bilgeli\u011fi \u00e7ok sevdim. E\u011fer hayallerinizdeki hayat\u0131 ya\u015famak istiyorsan\u0131z, i\u015fte rehberiniz! Lynn Robinson, ustaca bir anlat\u0131mla \u00e7ok yararl\u0131 bir rehberlik sunuyor. Bu kitab\u0131 an\u0131nda ilham almak i\u00e7in el alt\u0131nda bulundurun.\u201d Mimi Doe, Busy but Balanced adl\u0131 kitab\u0131n yazar\u0131<\/p>\n","protected":false},"excerpt":{"rendered":"<p>Lynn Robinson, Ruhun Pusulas\u0131\u2019nda sizi sevin\u00e7li ve ama\u00e7l\u0131 bir hayat\u0131 ke\u015ffetme yolculu\u011funa \u00e7\u0131kar\u0131yor. Elli iki b\u00f6l\u00fcm\u00fcn her biri uygulanabilir, ger\u00e7ek\u00e7i ve son derece yararl\u0131 derslerle dolu;<span class=\"excerpt-hellip\"> [\u2026]<\/span><\/p>\n","protected":false},"featured_media":0,"template":"","meta":{"_monsterinsights_skip_tracking":false,"_monsterinsights_sitenote_active":false,"_monsterinsights_sitenote_note":"","_monsterinsights_sitenote_category":0},"product_brand":[],"product_cat":[12364,12376],"product_tag":[],"class_list":{"0":"post-696380","1":"product","2":"type-product","3":"status-publish","5":"product_cat-genel-konular","6":"product_cat-kisisel-gelisim","7":"pa_cilt-ciltsiz","8":"pa_tur-kitap","9":"pa_yayinevi-akasa-yayinlari","10":"pa_yazar-lynn-a-robinson","12":"first","13":"instock","14":"sale","15":"shipping-taxable","16":"purchasable","17":"product-type-simple"},"_links":{"self":[{"href":"https:\/\/roveyayinevi.com.tr\/index.php\/wp-json\/wp\/v2\/product\/696380","targetHints":{"allow":["GET"]}}],"collection":[{"href":"https:\/\/roveyayinevi.com.tr\/index.php\/wp-json\/wp\/v2\/product"}],"about":[{"href":"https:\/\/roveyayinevi.com.tr\/index.php\/wp-json\/wp\/v2\/types\/product"}],"wp:attachment":[{"href":"https:\/\/roveyayinevi.com.tr\/index.php\/wp-json\/wp\/v2\/media?parent=696380"}],"wp:term":[{"taxonomy":"product_brand","embeddable":true,"href":"https:\/\/roveyayinevi.com.tr\/index.php\/wp-json\/wp\/v2\/product_brand?post=696380"},{"taxonomy":"product_cat","embeddable":true,"href":"https:\/\/roveyayinevi.com.tr\/index.php\/wp-json\/wp\/v2\/product_cat?post=696380"},{"taxonomy":"product_tag","embeddable":true,"href":"https:\/\/roveyayinevi.com.tr\/index.php\/wp-json\/wp\/v2\/product_tag?post=696380"}],"curies":[{"name":"wp","href":"https:\/\/api.w.org\/{rel}","templated":true}]}}