{"id":696379,"date":"2025-08-27T14:34:11","date_gmt":"2025-08-27T11:34:11","guid":{"rendered":"https:\/\/roveyayinevi.com.tr\/index.php\/urun\/hosgoru-uzerine-ruh-dinginligi-uzerine\/"},"modified":"2026-04-16T02:06:18","modified_gmt":"2026-04-15T23:06:18","slug":"hosgoru-uzerine-ruh-dinginligi-uzerine","status":"publish","type":"product","link":"https:\/\/roveyayinevi.com.tr\/index.php\/urun\/hosgoru-uzerine-ruh-dinginligi-uzerine\/","title":{"rendered":"Ho\u015fg\u00f6r\u00fc \u00dczerine: Ruh Dinginli\u011fi \u00dczerine"},"content":{"rendered":"<p>Birinci Kitap Ho\u015fg\u00f6r\u00fc \u00dczerine (De Clementia), Nero\u2019dan g\u00fcn\u00fcm\u00fcze t\u00fcm y\u00f6neticilere bir ithaft\u0131r. \u0130mparatorlar ho\u015fg\u00f6r\u00fcleriyle hat\u0131rlan\u0131r ve itibar kazan\u0131rlar; zalimlikleriyle de\u011fil. Romal\u0131 hatip Lucius Annaeus Seneca\u2019n\u0131n s\u00f6zleri g\u00fcn\u00fcm\u00fczde yank\u0131 bulacak bir bilgeli\u011fe ula\u015f\u0131r: \u201cZira kimse bir maskeyi uzun s\u00fcre ta\u015f\u0131yamaz, uydurma \u015feyler \u00e7abucak kendi do\u011falar\u0131na geri d\u00f6ner; \u015f\u00f6yle diyeyim, temelinde do\u011fruluk yatan her \u015fey zeminden boy atar, zaman\u0131 geldi\u011finde de daha b\u00fcy\u00fck, daha iyi olarak ortaya \u00e7\u0131kar.\u201d Stoac\u0131 ya\u015fam felsefesinin \u00f6\u011f\u00fctledi\u011fi \u00fczere do\u011fada nas\u0131l bir denge ve uyum aran\u0131yorsa, y\u00f6neticiler ile halk aras\u0131nda da ho\u015fg\u00f6r\u00fc, ak\u0131l ve adalet temelinde benzer ba\u011flar kurulmal\u0131d\u0131r. <\/p>\n","protected":false},"excerpt":{"rendered":"<p>Birinci Kitap Ho\u015fg\u00f6r\u00fc \u00dczerine (De Clementia), Nero\u2019dan g\u00fcn\u00fcm\u00fcze t\u00fcm y\u00f6neticilere bir ithaft\u0131r. \u0130mparatorlar ho\u015fg\u00f6r\u00fcleriyle hat\u0131rlan\u0131r ve itibar kazan\u0131rlar; zalimlikleriyle de\u011fil. Romal\u0131 hatip Lucius Annaeus Seneca\u2019n\u0131n s\u00f6zleri<span class=\"excerpt-hellip\"> [\u2026]<\/span><\/p>\n","protected":false},"featured_media":0,"template":"","meta":{"_monsterinsights_skip_tracking":false,"_monsterinsights_sitenote_active":false,"_monsterinsights_sitenote_note":"","_monsterinsights_sitenote_category":0},"product_brand":[],"product_cat":[13590,12337],"product_tag":[],"class_list":{"0":"post-696379","1":"product","2":"type-product","3":"status-publish","5":"product_cat-arastirma-inceleme-politika-siyaset","6":"product_cat-politika-siyaset","7":"pa_cilt-ciltsiz","8":"pa_tur-kitap","9":"pa_yayinevi-dogu-bati-yayinlari","10":"pa_yazar-lucius-annaeus-seneca","12":"first","13":"instock","14":"sale","15":"shipping-taxable","16":"purchasable","17":"product-type-simple"},"_links":{"self":[{"href":"https:\/\/roveyayinevi.com.tr\/index.php\/wp-json\/wp\/v2\/product\/696379","targetHints":{"allow":["GET"]}}],"collection":[{"href":"https:\/\/roveyayinevi.com.tr\/index.php\/wp-json\/wp\/v2\/product"}],"about":[{"href":"https:\/\/roveyayinevi.com.tr\/index.php\/wp-json\/wp\/v2\/types\/product"}],"wp:attachment":[{"href":"https:\/\/roveyayinevi.com.tr\/index.php\/wp-json\/wp\/v2\/media?parent=696379"}],"wp:term":[{"taxonomy":"product_brand","embeddable":true,"href":"https:\/\/roveyayinevi.com.tr\/index.php\/wp-json\/wp\/v2\/product_brand?post=696379"},{"taxonomy":"product_cat","embeddable":true,"href":"https:\/\/roveyayinevi.com.tr\/index.php\/wp-json\/wp\/v2\/product_cat?post=696379"},{"taxonomy":"product_tag","embeddable":true,"href":"https:\/\/roveyayinevi.com.tr\/index.php\/wp-json\/wp\/v2\/product_tag?post=696379"}],"curies":[{"name":"wp","href":"https:\/\/api.w.org\/{rel}","templated":true}]}}