{"id":696368,"date":"2025-08-27T14:34:09","date_gmt":"2025-08-27T11:34:09","guid":{"rendered":"https:\/\/roveyayinevi.com.tr\/index.php\/urun\/olumun-otesi\/"},"modified":"2026-04-16T02:06:18","modified_gmt":"2026-04-15T23:06:18","slug":"olumun-otesi","status":"publish","type":"product","link":"https:\/\/roveyayinevi.com.tr\/index.php\/urun\/olumun-otesi\/","title":{"rendered":"\u00d6l\u00fcm\u00fcn \u00d6tesi"},"content":{"rendered":"<p>Bir\u00e7ok insan, \u00f6l\u00fcm\u00fc her \u015feyin sonu olan, \u00fcrk\u00fct\u00fcc\u00fc ve umutsuz bir durum olarak g\u00f6r\u00fcr,\u00e7\u00fcnk\u00fc \u00f6l\u00fcm insanlar\u0131n var oldu\u011funu bildikleri tek ya\u015famdan ayr\u0131l\u0131\u015f demektir. Peki, ger\u00e7ektende \u00f6l\u00fcm her \u015feyin sonu mudur? \u00d6l\u00fcmden sonra da ya\u015fam var m\u0131d\u0131r? Varsa, bu nas\u0131l birya\u015famd\u0131r? \u00dcnl\u00fc yazar ve hipnozcu Dolores Cannon, y\u00fczlerce ki\u015fiyi transa sokarak onlar\u0131do\u011fmadan \u00f6nce bulunduklar\u0131 \u00e2leme, yani, \u00f6l\u00fcmden sonra gidilen yere g\u00f6t\u00fcrd\u00fc. Bu \u00e2lemleilgili olarak deneklerin anlatt\u0131klar\u0131 \u015feyler birbirine o kadar \u00e7ok benziyordu ki, sonunda \u00fcnl\u00fchipnozcu bu heyecan verici ve ayd\u0131nlat\u0131c\u0131 a\u00e7\u0131klamalar\u0131 bir kitap halinde yay\u0131nlamaya kararverdi. <\/p>\n","protected":false},"excerpt":{"rendered":"<p>Bir\u00e7ok insan, \u00f6l\u00fcm\u00fc her \u015feyin sonu olan, \u00fcrk\u00fct\u00fcc\u00fc ve umutsuz bir durum olarak g\u00f6r\u00fcr,\u00e7\u00fcnk\u00fc \u00f6l\u00fcm insanlar\u0131n var oldu\u011funu bildikleri tek ya\u015famdan ayr\u0131l\u0131\u015f demektir. Peki, ger\u00e7ektende \u00f6l\u00fcm<span class=\"excerpt-hellip\"> [\u2026]<\/span><\/p>\n","protected":false},"featured_media":0,"template":"","meta":{"_monsterinsights_skip_tracking":false,"_monsterinsights_sitenote_active":false,"_monsterinsights_sitenote_note":"","_monsterinsights_sitenote_category":0},"product_brand":[],"product_cat":[18082,15563],"product_tag":[],"class_list":{"0":"post-696368","1":"product","2":"type-product","3":"status-publish","5":"product_cat-astroloji-fal-ruya","6":"product_cat-hobi","7":"pa_tur-kitap","8":"pa_yayinevi-akasa-yayinlari","9":"pa_yazar-dolores-cannon","11":"first","12":"instock","13":"sale","14":"shipping-taxable","15":"purchasable","16":"product-type-simple"},"_links":{"self":[{"href":"https:\/\/roveyayinevi.com.tr\/index.php\/wp-json\/wp\/v2\/product\/696368","targetHints":{"allow":["GET"]}}],"collection":[{"href":"https:\/\/roveyayinevi.com.tr\/index.php\/wp-json\/wp\/v2\/product"}],"about":[{"href":"https:\/\/roveyayinevi.com.tr\/index.php\/wp-json\/wp\/v2\/types\/product"}],"wp:attachment":[{"href":"https:\/\/roveyayinevi.com.tr\/index.php\/wp-json\/wp\/v2\/media?parent=696368"}],"wp:term":[{"taxonomy":"product_brand","embeddable":true,"href":"https:\/\/roveyayinevi.com.tr\/index.php\/wp-json\/wp\/v2\/product_brand?post=696368"},{"taxonomy":"product_cat","embeddable":true,"href":"https:\/\/roveyayinevi.com.tr\/index.php\/wp-json\/wp\/v2\/product_cat?post=696368"},{"taxonomy":"product_tag","embeddable":true,"href":"https:\/\/roveyayinevi.com.tr\/index.php\/wp-json\/wp\/v2\/product_tag?post=696368"}],"curies":[{"name":"wp","href":"https:\/\/api.w.org\/{rel}","templated":true}]}}