{"id":696362,"date":"2025-08-27T14:34:07","date_gmt":"2025-08-27T11:34:07","guid":{"rendered":"https:\/\/roveyayinevi.com.tr\/index.php\/urun\/m-s-2150\/"},"modified":"2026-04-16T02:06:18","modified_gmt":"2026-04-15T23:06:18","slug":"m-s-2150","status":"publish","type":"product","link":"https:\/\/roveyayinevi.com.tr\/index.php\/urun\/m-s-2150\/","title":{"rendered":"M. S. 2150"},"content":{"rendered":"<p>Gelece\u011f\u0130n D\u00fcnyasina Yapaca\u011finiz Bu Yolculuk Bu G\u00fcnk\u00fc D\u00fcnyanizi De\u011fi\u015ftirebilir!\u00c7ok de\u011ferli bir Makro Felsefe Kl\u00e2si\u011fi olan bu kitap, M.S. 2150 y\u0131l\u0131n\u0131n muhte\u015fem d\u00fcnyas\u0131n\u0131, d\u00fcnyam\u0131z\u0131n ge\u00e7irdi\u011fi inan\u0131lmaz de\u011fi\u015fimi, insanl\u0131\u011f\u0131n ula\u015ft\u0131\u011f\u0131 ola\u011fan\u00fcst\u00fc d\u00fczeyi ve hepsinin \u00f6tesinde de son derece y\u00fcksek bir anlay\u0131\u015f\u0131, Makro Felsefe\u2019yi anlat\u0131yor.Gelin siz de, bir gece uyku halindeyken gelece\u011fin g\u00fc\u00e7lerinin yard\u0131m\u0131yla g\u00fcn\u00fcm\u00fcz\u00fcn mikro d\u00fcnyas\u0131ndan, 2150\u2019nin Makro d\u00fcnyas\u0131na g\u00f6t\u00fcr\u00fclen Amerikal\u0131 Vietnam gazisi, psikolog Jon Lake\u2019in bu mucizevi, bilgi dolu yolculu\u011funa, bu vaat ve tehlike dolu ser\u00fcvenine kat\u0131l\u0131n. 2150\u2019nin bug\u00fcnk\u00fc d\u00fcnyam\u0131zdan \u00e7ok farkl\u0131 olan hayranl\u0131k verici g\u00fczellikteki d\u00fcnyas\u0131n\u0131 ke\u015ffedin. Bu Makro d\u00fcnyan\u0131n d\u00fc\u015f\u00fcnce ve eylem bi\u00e7imini inceleyin. Sonunda i\u00e7inizin umut ve co\u015fku doldu\u011funu, bilincinizin geni\u015fledi\u011fini, hayata bak\u0131\u015f\u0131n\u0131z\u0131n t\u00fcm\u00fcyle de\u011fi\u015fti\u011fini g\u00f6rebilirsiniz.Evet, bu okuyup bir kenara koyabilece\u011finiz bir roman de\u011fil, ya\u015fam\u0131n\u0131za uygulayabilece\u011finiz bir Makro felsefedir!<\/p>\n","protected":false},"excerpt":{"rendered":"<p>Gelece\u011f\u0130n D\u00fcnyasina Yapaca\u011finiz Bu Yolculuk Bu G\u00fcnk\u00fc D\u00fcnyanizi De\u011fi\u015ftirebilir!\u00c7ok de\u011ferli bir Makro Felsefe Kl\u00e2si\u011fi olan bu kitap, M.S. 2150 y\u0131l\u0131n\u0131n muhte\u015fem d\u00fcnyas\u0131n\u0131, d\u00fcnyam\u0131z\u0131n ge\u00e7irdi\u011fi inan\u0131lmaz de\u011fi\u015fimi,<span class=\"excerpt-hellip\"> [\u2026]<\/span><\/p>\n","protected":false},"featured_media":0,"template":"","meta":{"_monsterinsights_skip_tracking":false,"_monsterinsights_sitenote_active":false,"_monsterinsights_sitenote_note":"","_monsterinsights_sitenote_category":0},"product_brand":[],"product_cat":[12291,12711],"product_tag":[],"class_list":{"0":"post-696362","1":"product","2":"type-product","3":"status-publish","5":"product_cat-edebiyat","6":"product_cat-roman-oyku","7":"pa_cilt-ciltsiz","8":"pa_tur-kitap","9":"pa_yayinevi-akasa-yayinlari","10":"pa_yazar-thea-alexander","12":"first","13":"instock","14":"sale","15":"shipping-taxable","16":"purchasable","17":"product-type-simple"},"_links":{"self":[{"href":"https:\/\/roveyayinevi.com.tr\/index.php\/wp-json\/wp\/v2\/product\/696362","targetHints":{"allow":["GET"]}}],"collection":[{"href":"https:\/\/roveyayinevi.com.tr\/index.php\/wp-json\/wp\/v2\/product"}],"about":[{"href":"https:\/\/roveyayinevi.com.tr\/index.php\/wp-json\/wp\/v2\/types\/product"}],"wp:attachment":[{"href":"https:\/\/roveyayinevi.com.tr\/index.php\/wp-json\/wp\/v2\/media?parent=696362"}],"wp:term":[{"taxonomy":"product_brand","embeddable":true,"href":"https:\/\/roveyayinevi.com.tr\/index.php\/wp-json\/wp\/v2\/product_brand?post=696362"},{"taxonomy":"product_cat","embeddable":true,"href":"https:\/\/roveyayinevi.com.tr\/index.php\/wp-json\/wp\/v2\/product_cat?post=696362"},{"taxonomy":"product_tag","embeddable":true,"href":"https:\/\/roveyayinevi.com.tr\/index.php\/wp-json\/wp\/v2\/product_tag?post=696362"}],"curies":[{"name":"wp","href":"https:\/\/api.w.org\/{rel}","templated":true}]}}