{"id":696357,"date":"2025-08-27T14:34:06","date_gmt":"2025-08-27T11:34:06","guid":{"rendered":"https:\/\/roveyayinevi.com.tr\/index.php\/urun\/az-secilen-yol\/"},"modified":"2026-04-16T02:06:18","modified_gmt":"2026-04-15T23:06:18","slug":"az-secilen-yol","status":"publish","type":"product","link":"https:\/\/roveyayinevi.com.tr\/index.php\/urun\/az-secilen-yol\/","title":{"rendered":"Az Se\u00e7ilen Yol"},"content":{"rendered":"<p>Y\u0131llard\u0131r en \u00e7ok satan kitaplar listesindeki hakl\u0131 yerini koruyan Az Se\u00e7ilen Yol, geleneksel psikolojik ve spirit\u00fcel i\u00e7g\u00f6r\u00fcleri e\u015fsiz bir bi\u00e7imde b\u00fct\u00fcnle\u015ftiren, ya\u015fam\u0131m\u0131zda ger\u00e7e\u011fi nas\u0131l kucaklayaca\u011f\u0131m\u0131z\u0131, i\u00e7 bar\u0131\u015fa ve b\u00fct\u00fcnl\u00fc\u011fe nas\u0131l ula\u015faca\u011f\u0131m\u0131z\u0131 g\u00f6steren vazge\u00e7ilmez bir k\u0131lavuzdur. \u00dcnl\u00fc psikiyatr ve d\u00fc\u015f\u00fcn\u00fcr M. Scott Peck\u2019in Bat\u0131 d\u00fcnyas\u0131n\u0131n uzun ve \u00e7etin ayd\u0131nlanma yolculu\u011funun \u00f6zellikle bu a\u015famas\u0131nda b\u00fcy\u00fck \u00f6nem ta\u015f\u0131yan bu eseri k\u00fclt\u00fcr\u00fcm\u00fcz i\u00e7inde tam kar\u015f\u0131l\u0131\u011f\u0131n\u0131 bulmakta, bizi ileriye at\u0131lmam\u0131z i\u00e7in y\u00fcreklendirmekte ve sonunda bizi b\u00fct\u00fcnl\u00fc\u011f\u00fcm\u00fcze kavu\u015fturacak yolu i\u015faret etmektedir. Sorunlarla y\u00fczle\u015fmek ve onlar\u0131 \u00e7\u00f6zmek \u00e7o\u011fumuzun ka\u00e7\u0131nmaya \u00e7al\u0131\u015ft\u0131\u011f\u0131 \u0131st\u0131rap verici bir s\u00fcre\u00e7tir. Bu ka\u00e7\u0131nma daha b\u00fcy\u00fck \u0131st\u0131raba ve hem zihinsel hem de ruhsal olarak geli\u015fememeye yol a\u00e7ar. \ufffcTan\u0131t\u0131m Metni<\/p>\n","protected":false},"excerpt":{"rendered":"<p>Y\u0131llard\u0131r en \u00e7ok satan kitaplar listesindeki hakl\u0131 yerini koruyan Az Se\u00e7ilen Yol, geleneksel psikolojik ve spirit\u00fcel i\u00e7g\u00f6r\u00fcleri e\u015fsiz bir bi\u00e7imde b\u00fct\u00fcnle\u015ftiren, ya\u015fam\u0131m\u0131zda ger\u00e7e\u011fi nas\u0131l kucaklayaca\u011f\u0131m\u0131z\u0131, i\u00e7<span class=\"excerpt-hellip\"> [\u2026]<\/span><\/p>\n","protected":false},"featured_media":0,"template":"","meta":{"_monsterinsights_skip_tracking":false,"_monsterinsights_sitenote_active":false,"_monsterinsights_sitenote_note":"","_monsterinsights_sitenote_category":0},"product_brand":[],"product_cat":[12364,12376],"product_tag":[],"class_list":{"0":"post-696357","1":"product","2":"type-product","3":"status-publish","5":"product_cat-genel-konular","6":"product_cat-kisisel-gelisim","7":"pa_tur-kitap","8":"pa_yayinevi-akasa-yayinlari","9":"pa_yazar-scott-peck","11":"first","12":"instock","13":"sale","14":"shipping-taxable","15":"purchasable","16":"product-type-simple"},"_links":{"self":[{"href":"https:\/\/roveyayinevi.com.tr\/index.php\/wp-json\/wp\/v2\/product\/696357","targetHints":{"allow":["GET"]}}],"collection":[{"href":"https:\/\/roveyayinevi.com.tr\/index.php\/wp-json\/wp\/v2\/product"}],"about":[{"href":"https:\/\/roveyayinevi.com.tr\/index.php\/wp-json\/wp\/v2\/types\/product"}],"wp:attachment":[{"href":"https:\/\/roveyayinevi.com.tr\/index.php\/wp-json\/wp\/v2\/media?parent=696357"}],"wp:term":[{"taxonomy":"product_brand","embeddable":true,"href":"https:\/\/roveyayinevi.com.tr\/index.php\/wp-json\/wp\/v2\/product_brand?post=696357"},{"taxonomy":"product_cat","embeddable":true,"href":"https:\/\/roveyayinevi.com.tr\/index.php\/wp-json\/wp\/v2\/product_cat?post=696357"},{"taxonomy":"product_tag","embeddable":true,"href":"https:\/\/roveyayinevi.com.tr\/index.php\/wp-json\/wp\/v2\/product_tag?post=696357"}],"curies":[{"name":"wp","href":"https:\/\/api.w.org\/{rel}","templated":true}]}}